{"id":307,"date":"2019-07-26T09:09:46","date_gmt":"2019-07-26T06:09:46","guid":{"rendered":"http:\/\/kartalagac.com.tr\/tr\/?page_id=307"},"modified":"2019-07-28T16:16:21","modified_gmt":"2019-07-28T13:16:21","slug":"ahsap-market","status":"publish","type":"page","link":"https:\/\/www.kartalagac.com.tr\/tr\/ahsap-market\/","title":{"rendered":"Ah\u015fap Market"},"content":{"rendered":"\n<div class=\"container section-title-container\" ><h3 class=\"section-title section-title-bold\"><b><\/b><span class=\"section-title-main\" >AH\u015eAP MARKET<\/span><b><\/b><\/h3><\/div><!-- .section-title -->\n\n<div class=\"row\"  id=\"row-318509126\">\n\n<div class=\"col medium-6 small-12 large-6\"  ><div class=\"col-inner\"  >\n\n\t<div class=\"img has-hover x md-x lg-x y md-y lg-y\" id=\"image_1375698765\">\n\t\t\t\t\t\t\t\t<div class=\"img-inner dark\" >\n\t\t\t<img loading=\"lazy\" decoding=\"async\" width=\"334\" height=\"180\" src=\"https:\/\/www.kartalagac.com.tr\/tr\/wp-content\/uploads\/2019\/07\/ahsap.png\" class=\"attachment-medium size-medium\" alt=\"\" \/>\t\t\t\t\t\t\n\t\t\t\t\t<\/div>\n\t\t\t\t\t\t\t\t\n<style scope=\"scope\">\n\n#image_1375698765 {\n  width: 100%;\n}\n<\/style>\n\t<\/div>\n\t\n\n\t<div class=\"img has-hover x md-x lg-x y md-y lg-y\" id=\"image_1078600683\">\n\t\t\t\t\t\t\t\t<div class=\"img-inner dark\" >\n\t\t\t<img loading=\"lazy\" decoding=\"async\" width=\"347\" height=\"180\" src=\"https:\/\/www.kartalagac.com.tr\/tr\/wp-content\/uploads\/2019\/07\/ahsapmarket_.png\" class=\"attachment-large size-large\" alt=\"\" \/>\t\t\t\t\t\t\n\t\t\t\t\t<\/div>\n\t\t\t\t\t\t\t\t\n<style scope=\"scope\">\n\n#image_1078600683 {\n  width: 100%;\n}\n<\/style>\n\t<\/div>\n\t\n\n\n<\/div><\/div>\n<div class=\"col medium-6 small-12 large-6\"  ><div class=\"col-inner\"  >\n\n<h3>Ah\u015fap Market<\/h3>\n<p>Firmam\u0131z \u00fcretim ve sat\u0131\u015f faaliyetlerine ba\u015flad\u0131\u011f\u0131 g\u00fcnden itibaren sekt\u00f6re sundu\u011fu kalitesiyle, yenilikleriyle, \u00fcr\u00fcn \u00e7e\u015fitlili\u011fi, yapt\u0131\u011f\u0131 yat\u0131r\u0131mlar ve izledi\u011fi ba\u015far\u0131l\u0131 pazarlama stratejisiyle, Kartal Ah\u015fap markas\u0131yla k\u0131sa s\u00fcrede T\u00fcrkiye pazar\u0131nda sa\u011flam bir yer edinmi\u015ftir. Kartal Ah\u015fap, ge\u00e7mi\u015fi uzun y\u0131llara dayanan k\u00f6kl\u00fc ve y\u00fckl\u00fc bilgi birikimi ile \u00fcretti\u011fi \u00fcr\u00fcnleri Ah\u015fap Market arac\u0131l\u0131\u011f\u0131yla siz de\u011ferli m\u00fc\u015fterilerimizin be\u011fenisine sunulmu\u015ftur. <\/p>\n<p>Ba\u015far\u0131m\u0131z\u0131n en \u00f6nemli s\u0131rr\u0131 m\u00fc\u015fterilerimizle ortak \u00e7al\u0131\u015fmalar\u0131m\u0131zd\u0131r. M\u00fc\u015fteri memnuniyeti ve en \u00f6nemlisi g\u00fcvenli\u011fi konusunda odaklan\u0131p; tutarl\u0131 yenilik\u00e7i ve ki\u015fiselle\u015ftirilmi\u015f bir \u015fekilde \u00fcr\u00fcnlerini yeniden g\u00fcncellemekte \u00f6nc\u00fcl\u00fck yapm\u0131\u015ft\u0131r. Bu tutum m\u00fc\u015fterilerin \u015firkete duydu\u011fu g\u00fcvenin artmas\u0131n\u0131 sa\u011flam\u0131\u015f ve hep beraber h\u0131zl\u0131 b\u00fcy\u00fcme ortam\u0131 olu\u015fturmu\u015ftur. <\/p>\n<p>Bizi bug\u00fcn oldu\u011fumuz yere getiren; de\u011ferlere ba\u011fl\u0131 kalmam\u0131z ve hi\u00e7 bir zaman \u00f6d\u00fcn vermedi\u011fimiz d\u00fcr\u00fcstl\u00fck ilkesini benimsememizdir. Bu ba\u015far\u0131ya katk\u0131 sa\u011flayan \u00e7al\u0131\u015fanlar\u0131m\u0131z ve m\u00fc\u015fterilerimizle birlikte b\u00fcy\u00fcyerek \u00fcretime devam etmek hedefimizdir. Amac\u0131m\u0131z her zaman yenilik\u00e7i, payla\u015f\u0131mc\u0131, kaliteli ve \u00fcretken yakla\u015f\u0131mla d\u00fcr\u00fcstl\u00fck \u00e7er\u00e7evesinde hayal g\u00fcc\u00fcm\u00fcz ve cesur giri\u015fimlerimizle m\u00fc\u015fteri memnuniyeti s\u0131n\u0131rlar\u0131 a\u015fmakt\u0131r.<\/p>\n\n<\/div><\/div>\n\n<\/div>\n\n","protected":false},"excerpt":{"rendered":"","protected":false},"author":1,"featured_media":0,"parent":0,"menu_order":0,"comment_status":"closed","ping_status":"closed","template":"","meta":{"footnotes":""},"class_list":["post-307","page","type-page","status-publish","hentry"],"_links":{"self":[{"href":"https:\/\/www.kartalagac.com.tr\/tr\/wp-json\/wp\/v2\/pages\/307","targetHints":{"allow":["GET"]}}],"collection":[{"href":"https:\/\/www.kartalagac.com.tr\/tr\/wp-json\/wp\/v2\/pages"}],"about":[{"href":"https:\/\/www.kartalagac.com.tr\/tr\/wp-json\/wp\/v2\/types\/page"}],"author":[{"embeddable":true,"href":"https:\/\/www.kartalagac.com.tr\/tr\/wp-json\/wp\/v2\/users\/1"}],"replies":[{"embeddable":true,"href":"https:\/\/www.kartalagac.com.tr\/tr\/wp-json\/wp\/v2\/comments?post=307"}],"version-history":[{"count":0,"href":"https:\/\/www.kartalagac.com.tr\/tr\/wp-json\/wp\/v2\/pages\/307\/revisions"}],"wp:attachment":[{"href":"https:\/\/www.kartalagac.com.tr\/tr\/wp-json\/wp\/v2\/media?parent=307"}],"curies":[{"name":"wp","href":"https:\/\/api.w.org\/{rel}","templated":true}]}}