{"id":309,"date":"2019-07-26T09:10:38","date_gmt":"2019-07-26T06:10:38","guid":{"rendered":"http:\/\/kartalagac.com.tr\/tr\/?page_id=309"},"modified":"2021-09-23T12:03:50","modified_gmt":"2021-09-23T09:03:50","slug":"kartal-petrol","status":"publish","type":"page","link":"https:\/\/www.kartalagac.com.tr\/tr\/kartal-petrol\/","title":{"rendered":"Kartal Petrol (Petrol Ofisi)"},"content":{"rendered":"\n<div class=\"container section-title-container\" ><h3 class=\"section-title section-title-bold\"><b><\/b><span class=\"section-title-main\" >Kartal Petrol (Petrol Ofisi)<\/span><b><\/b><\/h3><\/div><!-- .section-title -->\n\n<div class=\"row\"  id=\"row-204071177\">\n\n<div class=\"col medium-6 small-12 large-6\"  ><div class=\"col-inner\"  >\n\n\t<div class=\"img has-hover x md-x lg-x y md-y lg-y\" id=\"image_88849343\">\n\t\t\t\t\t\t\t\t<div class=\"img-inner image-zoom image-fade-out dark\" >\n\t\t\t<img loading=\"lazy\" decoding=\"async\" width=\"800\" height=\"360\" src=\"https:\/\/www.kartalagac.com.tr\/tr\/wp-content\/uploads\/2021\/08\/WhatsApp-Image-2021-08-16-at-11.36.56-800x360.jpeg\" class=\"attachment-medium size-medium\" alt=\"\" srcset=\"https:\/\/www.kartalagac.com.tr\/tr\/wp-content\/uploads\/2021\/08\/WhatsApp-Image-2021-08-16-at-11.36.56-800x360.jpeg 800w, https:\/\/www.kartalagac.com.tr\/tr\/wp-content\/uploads\/2021\/08\/WhatsApp-Image-2021-08-16-at-11.36.56-1400x630.jpeg 1400w, https:\/\/www.kartalagac.com.tr\/tr\/wp-content\/uploads\/2021\/08\/WhatsApp-Image-2021-08-16-at-11.36.56-768x346.jpeg 768w, https:\/\/www.kartalagac.com.tr\/tr\/wp-content\/uploads\/2021\/08\/WhatsApp-Image-2021-08-16-at-11.36.56-1536x691.jpeg 1536w, https:\/\/www.kartalagac.com.tr\/tr\/wp-content\/uploads\/2021\/08\/WhatsApp-Image-2021-08-16-at-11.36.56.jpeg 1600w\" sizes=\"auto, (max-width: 800px) 100vw, 800px\" \/>\t\t\t\t\t\t\n\t\t\t\t\t<\/div>\n\t\t\t\t\t\t\t\t\n<style scope=\"scope\">\n\n#image_88849343 {\n  width: 100%;\n}\n<\/style>\n\t<\/div>\n\t\n\n\t<div class=\"img has-hover x md-x lg-x y md-y lg-y\" id=\"image_309823506\">\n\t\t\t\t\t\t\t\t<div class=\"img-inner image-zoom image-fade-out dark\" >\n\t\t\t<img loading=\"lazy\" decoding=\"async\" width=\"1020\" height=\"688\" src=\"https:\/\/www.kartalagac.com.tr\/tr\/wp-content\/uploads\/2021\/08\/2.png\" class=\"attachment-large size-large\" alt=\"\" srcset=\"https:\/\/www.kartalagac.com.tr\/tr\/wp-content\/uploads\/2021\/08\/2.png 1068w, https:\/\/www.kartalagac.com.tr\/tr\/wp-content\/uploads\/2021\/08\/2-593x400.png 593w, https:\/\/www.kartalagac.com.tr\/tr\/wp-content\/uploads\/2021\/08\/2-768x518.png 768w\" sizes=\"auto, (max-width: 1020px) 100vw, 1020px\" \/>\t\t\t\t\t\t\n\t\t\t\t\t<\/div>\n\t\t\t\t\t\t\t\t\n<style scope=\"scope\">\n\n#image_309823506 {\n  width: 100%;\n}\n<\/style>\n\t<\/div>\n\t\n\n\n<\/div><\/div>\n<div class=\"col medium-6 small-12 large-6\"  ><div class=\"col-inner\"  >\n\n<h3>Petrol Ofisi<\/h3>\n<p>1993 y\u0131l\u0131ndan bu yana Kartal Petrol olarak \u00fcstlendi\u011fimiz en b\u00fcy\u00fck g\u00f6revlerden biri Petrol Ofisi kalite ve g\u00fcvencesine sahip akaryak\u0131t ve madeni ya\u011flar\u0131n\u0131n, \u00e7evre ve insan sa\u011fl\u0131\u011f\u0131n\u0131 tehdit etmeden, geni\u015f ara\u00e7 filomuzla sigortal\u0131 da\u011f\u0131t\u0131m\u0131n\u0131 ger\u00e7ekle\u015ftirmektir. Sekt\u00f6r\u00fcn\u00fcn lider ismi olan Petrol Ofisinin bir uzant\u0131s\u0131 olarak faaliyetimizi \u00e7al\u0131\u015fkan ve uzman bir ekiple s\u00fcrd\u00fcr\u00fcrken; yenilik\u00e7i, titiz ve disiplinli i\u015f anlay\u0131\u015f\u0131n\u0131 devam ettirmek en b\u00fcy\u00fck amac\u0131m\u0131zd\u0131r.<\/p>\n<p>Faaliyetlerimizde \u00f6nceliklerimiz verimlili\u011fi y\u00fckseltmek, teknolojik geli\u015fimi s\u00fcrd\u00fcrmek, \u00e7evre ve sa\u011fl\u0131k konular\u0131nda en \u00fcst d\u00fczeye ula\u015fmak, m\u00fc\u015fteri memnuniyetine \u00f6nem vermektir.<\/p>\n<p>\u00c7evreye duyarl\u0131 olan Kartal Petrol ,g\u00fcvenlik \u00f6nlemleri al\u0131nm\u0131\u015f \u00fcr\u00fcnlerin kontrollerini b\u00fcy\u00fck bir hassasiyetle yapmaktad\u0131r. Faaliyetlerini etik \u015firket prensipleriyle ger\u00e7ekle\u015ftirirken, bug\u00fcn sa\u011flayaca\u011f\u0131 ba\u015far\u0131n\u0131n \u015firket gelece\u011finin teminat\u0131 oldu\u011funa inanmakta ve sekt\u00f6rdeki g\u00fcc\u00fcn\u00fc artt\u0131rmak i\u00e7in yeniliklerin yak\u0131ndan takip\u00e7isi olup; \u00f6z kaynaklar\u0131n\u0131 s\u00fcrekli olarak yenilemektedir. Kartal Petrol \u2019\u00fcn bu yakla\u015f\u0131m\u0131, gelece\u011fe d\u00f6n\u00fck verdi\u011fi kaliteli hizmet ve yapm\u0131\u015f oldu\u011fu titiz \u00fcretim faaliyetleriyle m\u00fc\u015fterilerinin memnuniyetini kazanmas\u0131na olanak sa\u011flam\u0131\u015ft\u0131r. B\u00f6ylelikle \u00e7a\u011f\u0131n\u0131n gerisinde kalmayarak, <span style=\"color: #cc0000;\"><b>sekt\u00f6r\u00fcnde b\u00fcy\u00fck bir marka olup<\/b><\/span>, g\u00fcn\u00fcm\u00fcze kadar varl\u0131\u011f\u0131n\u0131 s\u00fcrd\u00fcrm\u00fc\u015ft\u00fcr.<\/p>\n\n<\/div><\/div>\n\n<\/div>\n<div class=\"row\"  id=\"row-2056595329\">\n\n<div class=\"col medium-4 small-12 large-4\"  ><div class=\"col-inner\"  >\n\n\t<div class=\"img has-hover x md-x lg-x y md-y lg-y\" id=\"image_1934214355\">\n\t\t\t\t\t\t\t\t<div class=\"img-inner image-zoom image-fade-out dark\" >\n\t\t\t<img loading=\"lazy\" decoding=\"async\" width=\"1020\" height=\"459\" src=\"https:\/\/www.kartalagac.com.tr\/tr\/wp-content\/uploads\/2021\/09\/WhatsApp-Image-2021-09-21-at-13.30.19.jpeg\" class=\"attachment-large size-large\" alt=\"\" srcset=\"https:\/\/www.kartalagac.com.tr\/tr\/wp-content\/uploads\/2021\/09\/WhatsApp-Image-2021-09-21-at-13.30.19.jpeg 1024w, https:\/\/www.kartalagac.com.tr\/tr\/wp-content\/uploads\/2021\/09\/WhatsApp-Image-2021-09-21-at-13.30.19-800x360.jpeg 800w, https:\/\/www.kartalagac.com.tr\/tr\/wp-content\/uploads\/2021\/09\/WhatsApp-Image-2021-09-21-at-13.30.19-768x346.jpeg 768w\" sizes=\"auto, (max-width: 1020px) 100vw, 1020px\" \/>\t\t\t\t\t\t\n\t\t\t\t\t<\/div>\n\t\t\t\t\t\t\t\t\n<style scope=\"scope\">\n\n#image_1934214355 {\n  width: 100%;\n}\n<\/style>\n\t<\/div>\n\t\n\n\n<\/div><\/div>\n<div class=\"col medium-4 small-12 large-4\"  ><div class=\"col-inner\"  >\n\n\t<div class=\"img has-hover x md-x lg-x y md-y lg-y\" id=\"image_609595787\">\n\t\t\t\t\t\t\t\t<div class=\"img-inner image-zoom image-fade-out dark\" >\n\t\t\t<img loading=\"lazy\" decoding=\"async\" width=\"1020\" height=\"459\" src=\"https:\/\/www.kartalagac.com.tr\/tr\/wp-content\/uploads\/2021\/09\/WhatsApp-Image-2021-09-21-at-13.31.10.jpeg\" class=\"attachment-large size-large\" alt=\"\" srcset=\"https:\/\/www.kartalagac.com.tr\/tr\/wp-content\/uploads\/2021\/09\/WhatsApp-Image-2021-09-21-at-13.31.10.jpeg 1024w, https:\/\/www.kartalagac.com.tr\/tr\/wp-content\/uploads\/2021\/09\/WhatsApp-Image-2021-09-21-at-13.31.10-800x360.jpeg 800w, https:\/\/www.kartalagac.com.tr\/tr\/wp-content\/uploads\/2021\/09\/WhatsApp-Image-2021-09-21-at-13.31.10-768x346.jpeg 768w\" sizes=\"auto, (max-width: 1020px) 100vw, 1020px\" \/>\t\t\t\t\t\t\n\t\t\t\t\t<\/div>\n\t\t\t\t\t\t\t\t\n<style scope=\"scope\">\n\n#image_609595787 {\n  width: 100%;\n}\n<\/style>\n\t<\/div>\n\t\n\n\n<\/div><\/div>\n<div class=\"col medium-4 small-12 large-4\"  ><div class=\"col-inner\"  >\n\n\t<div class=\"img has-hover x md-x lg-x y md-y lg-y\" id=\"image_1827909237\">\n\t\t\t\t\t\t\t\t<div class=\"img-inner image-zoom image-fade-out dark\" >\n\t\t\t<img loading=\"lazy\" decoding=\"async\" width=\"1020\" height=\"459\" src=\"https:\/\/www.kartalagac.com.tr\/tr\/wp-content\/uploads\/2021\/09\/WhatsApp-Image-2021-09-21-at-13.30.02.jpeg\" class=\"attachment-large size-large\" alt=\"\" srcset=\"https:\/\/www.kartalagac.com.tr\/tr\/wp-content\/uploads\/2021\/09\/WhatsApp-Image-2021-09-21-at-13.30.02.jpeg 1024w, https:\/\/www.kartalagac.com.tr\/tr\/wp-content\/uploads\/2021\/09\/WhatsApp-Image-2021-09-21-at-13.30.02-800x360.jpeg 800w, https:\/\/www.kartalagac.com.tr\/tr\/wp-content\/uploads\/2021\/09\/WhatsApp-Image-2021-09-21-at-13.30.02-768x346.jpeg 768w\" sizes=\"auto, (max-width: 1020px) 100vw, 1020px\" \/>\t\t\t\t\t\t\n\t\t\t\t\t<\/div>\n\t\t\t\t\t\t\t\t\n<style scope=\"scope\">\n\n#image_1827909237 {\n  width: 100%;\n}\n<\/style>\n\t<\/div>\n\t\n\n\n<\/div><\/div>\n\n<\/div>\n\n","protected":false},"excerpt":{"rendered":"","protected":false},"author":1,"featured_media":0,"parent":0,"menu_order":0,"comment_status":"closed","ping_status":"closed","template":"","meta":{"footnotes":""},"class_list":["post-309","page","type-page","status-publish","hentry"],"_links":{"self":[{"href":"https:\/\/www.kartalagac.com.tr\/tr\/wp-json\/wp\/v2\/pages\/309","targetHints":{"allow":["GET"]}}],"collection":[{"href":"https:\/\/www.kartalagac.com.tr\/tr\/wp-json\/wp\/v2\/pages"}],"about":[{"href":"https:\/\/www.kartalagac.com.tr\/tr\/wp-json\/wp\/v2\/types\/page"}],"author":[{"embeddable":true,"href":"https:\/\/www.kartalagac.com.tr\/tr\/wp-json\/wp\/v2\/users\/1"}],"replies":[{"embeddable":true,"href":"https:\/\/www.kartalagac.com.tr\/tr\/wp-json\/wp\/v2\/comments?post=309"}],"version-history":[{"count":10,"href":"https:\/\/www.kartalagac.com.tr\/tr\/wp-json\/wp\/v2\/pages\/309\/revisions"}],"predecessor-version":[{"id":677,"href":"https:\/\/www.kartalagac.com.tr\/tr\/wp-json\/wp\/v2\/pages\/309\/revisions\/677"}],"wp:attachment":[{"href":"https:\/\/www.kartalagac.com.tr\/tr\/wp-json\/wp\/v2\/media?parent=309"}],"curies":[{"name":"wp","href":"https:\/\/api.w.org\/{rel}","templated":true}]}}