{"id":315,"date":"2019-07-26T09:17:21","date_gmt":"2019-07-26T06:17:21","guid":{"rendered":"http:\/\/kartalagac.com.tr\/tr\/?page_id=315"},"modified":"2021-09-22T16:53:40","modified_gmt":"2021-09-22T13:53:40","slug":"iletisim-bilgileri","status":"publish","type":"page","link":"https:\/\/www.kartalagac.com.tr\/tr\/iletisim-bilgileri\/","title":{"rendered":"\u0130leti\u015fim Bilgileri"},"content":{"rendered":"\n<div class=\"container section-title-container\" ><h3 class=\"section-title section-title-bold\"><b><\/b><span class=\"section-title-main\" >\u0130leti\u015fim Bilgileri<\/span><b><\/b><\/h3><\/div><!-- .section-title -->\n\n<div class=\"row\"  id=\"row-601763393\">\n\n<div class=\"col medium-3 small-12 large-3\"  ><div class=\"col-inner\"  >\n\n<p style=\"text-align: center;\"><strong>Merkez (Fabrika)<\/strong><\/p>\n\t<div class=\"img has-hover x md-x lg-x y md-y lg-y\" id=\"image_1255494391\">\n\t\t\t\t\t\t\t\t<div class=\"img-inner image-zoom-long image-fade-out dark\" >\n\t\t\t<img loading=\"lazy\" decoding=\"async\" width=\"428\" height=\"336\" src=\"https:\/\/www.kartalagac.com.tr\/tr\/wp-content\/uploads\/2021\/09\/fabrika-2.png\" class=\"attachment-large size-large\" alt=\"\" \/>\t\t\t\t\t\t\n\t\t\t\t\t<\/div>\n\t\t\t\t\t\t\t\t\n<style scope=\"scope\">\n\n#image_1255494391 {\n  width: 100%;\n}\n<\/style>\n\t<\/div>\n\t\n\n<p align=\"left\"><span style=\"color: #000000;\"><b>Adres :<\/b><\/span> Yayla Cad.No:77 <br \/>Kozca\u011f\u0131z \/ BARTIN<br \/><span style=\"color: #000000;\"><b>Telefon :<\/b><\/span> 0 378 233 37 80<br \/><b><span style=\"color: #000000;\">Mail :<\/span> <\/b><a href=\"mailto:info@kartalagac.com.tr\">info@kartalagac.com.tr<\/a><\/p>\n\n<\/div><\/div>\n<div class=\"col medium-3 small-12 large-3\"  ><div class=\"col-inner\"  >\n\n<p style=\"text-align: center;\"><strong>Ah\u015fap Market<\/strong><\/p>\n\t<div class=\"img has-hover x md-x lg-x y md-y lg-y\" id=\"image_1871305558\">\n\t\t\t\t\t\t\t\t<div class=\"img-inner image-zoom-long image-fade-out image-cover dark\" style=\"padding-top:75%;\">\n\t\t\t<img loading=\"lazy\" decoding=\"async\" width=\"480\" height=\"284\" src=\"https:\/\/www.kartalagac.com.tr\/tr\/wp-content\/uploads\/2021\/09\/ahsapmarket-1.png\" class=\"attachment-large size-large\" alt=\"\" \/>\t\t\t\t\t\t\n\t\t\t\t\t<\/div>\n\t\t\t\t\t\t\t\t\n<style scope=\"scope\">\n\n#image_1871305558 {\n  width: 100%;\n}\n<\/style>\n\t<\/div>\n\t\n\n<p><strong>Adres :<\/strong> \u015eiremir\u00e7avu\u015f Mah. \u00c7avu\u015f Cad. No :27<br \/>Merkez\u00a0 \/ BARTIN<br \/><strong>Telefon :<\/strong> 0 378 227 17 18<br \/><strong>Mail :<\/strong> <a href=\"mailto:info@kartalagac.com.tr\">info@kartalagac.com.tr<\/a><\/p>\n\n<\/div><\/div>\n<div class=\"col medium-3 small-12 large-3\"  ><div class=\"col-inner\"  >\n\n<p style=\"text-align: center;\"><strong>Kartal Petrol (Petrol Ofisi)<br \/><\/strong><\/p>\n\t<div class=\"img has-hover x md-x lg-x y md-y lg-y\" id=\"image_8055811\">\n\t\t\t\t\t\t\t\t<div class=\"img-inner image-zoom-long image-fade-out image-cover dark\" style=\"padding-top:75%;\">\n\t\t\t<img loading=\"lazy\" decoding=\"async\" width=\"656\" height=\"386\" src=\"https:\/\/www.kartalagac.com.tr\/tr\/wp-content\/uploads\/2021\/09\/petrolofisi.png\" class=\"attachment-large size-large\" alt=\"\" \/>\t\t\t\t\t\t\n\t\t\t\t\t<\/div>\n\t\t\t\t\t\t\t\t\n<style scope=\"scope\">\n\n#image_8055811 {\n  width: 100%;\n}\n<\/style>\n\t<\/div>\n\t\n\n<p align=\"left\"><span style=\"color: #000000;\"><b>Adres :<\/b><\/span> Yayla Cad.No:77<br \/>Kozca\u011f\u0131z \/ BARTIN<br \/><span style=\"color: #000000;\"><b>Telefon :<\/b><\/span> 0 378233 37 80<br \/><b><span style=\"color: #000000;\">Mail :<\/span> <\/b>info@kartalagac.com.tr<\/p>\n\n<\/div><\/div>\n<div class=\"col medium-3 small-12 large-3\"  ><div class=\"col-inner\"  >\n\n<p style=\"text-align: center;\"><strong>Kartal Petrol (Shell)<\/strong><\/p>\n\t<div class=\"img has-hover x md-x lg-x y md-y lg-y\" id=\"image_310772485\">\n\t\t\t\t\t\t\t\t<div class=\"img-inner image-zoom-long image-fade-out image-cover dark\" style=\"padding-top:75%;\">\n\t\t\t<img loading=\"lazy\" decoding=\"async\" width=\"844\" height=\"527\" src=\"https:\/\/www.kartalagac.com.tr\/tr\/wp-content\/uploads\/2021\/09\/shell.png\" class=\"attachment-large size-large\" alt=\"\" srcset=\"https:\/\/www.kartalagac.com.tr\/tr\/wp-content\/uploads\/2021\/09\/shell.png 844w, https:\/\/www.kartalagac.com.tr\/tr\/wp-content\/uploads\/2021\/09\/shell-641x400.png 641w, https:\/\/www.kartalagac.com.tr\/tr\/wp-content\/uploads\/2021\/09\/shell-768x480.png 768w\" sizes=\"auto, (max-width: 844px) 100vw, 844px\" \/>\t\t\t\t\t\t\n\t\t\t\t\t<\/div>\n\t\t\t\t\t\t\t\t\n<style scope=\"scope\">\n\n#image_310772485 {\n  width: 100%;\n}\n<\/style>\n\t<\/div>\n\t\n\n<p align=\"left\"><span style=\"color: #000000;\"><b>Adres :<\/b><\/span> Gecen Mahallesi A\u015fa\u011f\u0131 D\u00fcz Mevki No: 19<br \/>Merkez \/ BARTIN<br \/><span style=\"color: #000000;\"><b>Telefon :<\/b><\/span> <br \/>0 378 220 02 42\u00a0<br \/>0 378 227 67 82\u00a0<br \/>0 378 228 62 72<br \/><b><span style=\"color: #000000;\">Mail :<\/span> <\/b>info@kartalagac.com.tr<\/p>\n\n<\/div><\/div>\n<div class=\"col small-12 large-12\"  ><div class=\"col-inner\"  >\n\n<div class=\"container section-title-container\" ><h3 class=\"section-title section-title-bold\"><b><\/b><span class=\"section-title-main\" >\u0130leti\u015fim Formu<\/span><b><\/b><\/h3><\/div><!-- .section-title -->\n\n\n<\/div><\/div>\n\n<\/div>\n\n<div class=\"wpcf7 no-js\" id=\"wpcf7-f5-o1\" lang=\"tr-TR\" dir=\"ltr\">\n<div class=\"screen-reader-response\"><p role=\"status\" aria-live=\"polite\" aria-atomic=\"true\"><\/p> <ul><\/ul><\/div>\n<form action=\"\/tr\/wp-json\/wp\/v2\/pages\/315#wpcf7-f5-o1\" method=\"post\" class=\"wpcf7-form init\" aria-label=\"Contact form\" novalidate=\"novalidate\" data-status=\"init\">\n<div style=\"display: none;\">\n<input type=\"hidden\" name=\"_wpcf7\" value=\"5\" \/>\n<input type=\"hidden\" name=\"_wpcf7_version\" value=\"5.7.7\" \/>\n<input type=\"hidden\" name=\"_wpcf7_locale\" value=\"tr_TR\" \/>\n<input type=\"hidden\" name=\"_wpcf7_unit_tag\" value=\"wpcf7-f5-o1\" \/>\n<input type=\"hidden\" name=\"_wpcf7_container_post\" value=\"0\" \/>\n<input type=\"hidden\" name=\"_wpcf7_posted_data_hash\" value=\"\" \/>\n<\/div>\n<p><label> \u0130sminiz (gerekli)<br \/>\n<span class=\"wpcf7-form-control-wrap\" data-name=\"your-name\"><input size=\"40\" class=\"wpcf7-form-control wpcf7-text wpcf7-validates-as-required\" aria-required=\"true\" aria-invalid=\"false\" value=\"\" type=\"text\" name=\"your-name\" \/><\/span> <\/label>\n<\/p>\n<p><label> Email Adresiniz (gerekli)<br \/>\n<span class=\"wpcf7-form-control-wrap\" data-name=\"your-email\"><input size=\"40\" class=\"wpcf7-form-control wpcf7-text wpcf7-email wpcf7-validates-as-required wpcf7-validates-as-email\" aria-required=\"true\" aria-invalid=\"false\" value=\"\" type=\"email\" name=\"your-email\" \/><\/span> <\/label>\n<\/p>\n<p><label> Konu<br \/>\n<span class=\"wpcf7-form-control-wrap\" data-name=\"your-subject\"><input size=\"40\" class=\"wpcf7-form-control wpcf7-text\" aria-invalid=\"false\" value=\"\" type=\"text\" name=\"your-subject\" \/><\/span> <\/label>\n<\/p>\n<p><label> Mesaj<br \/>\n<span class=\"wpcf7-form-control-wrap\" data-name=\"your-message\"><textarea cols=\"40\" rows=\"10\" class=\"wpcf7-form-control wpcf7-textarea\" aria-invalid=\"false\" name=\"your-message\"><\/textarea><\/span> <\/label>\n<\/p>\n<p><input class=\"wpcf7-form-control has-spinner wpcf7-submit\" type=\"submit\" value=\"G\u00f6nder\" \/>\n<\/p><div class=\"wpcf7-response-output\" aria-hidden=\"true\"><\/div>\n<\/form>\n<\/div>\n\n\n\n","protected":false},"excerpt":{"rendered":"","protected":false},"author":1,"featured_media":0,"parent":0,"menu_order":0,"comment_status":"closed","ping_status":"closed","template":"","meta":{"footnotes":""},"class_list":["post-315","page","type-page","status-publish","hentry"],"_links":{"self":[{"href":"https:\/\/www.kartalagac.com.tr\/tr\/wp-json\/wp\/v2\/pages\/315","targetHints":{"allow":["GET"]}}],"collection":[{"href":"https:\/\/www.kartalagac.com.tr\/tr\/wp-json\/wp\/v2\/pages"}],"about":[{"href":"https:\/\/www.kartalagac.com.tr\/tr\/wp-json\/wp\/v2\/types\/page"}],"author":[{"embeddable":true,"href":"https:\/\/www.kartalagac.com.tr\/tr\/wp-json\/wp\/v2\/users\/1"}],"replies":[{"embeddable":true,"href":"https:\/\/www.kartalagac.com.tr\/tr\/wp-json\/wp\/v2\/comments?post=315"}],"version-history":[{"count":9,"href":"https:\/\/www.kartalagac.com.tr\/tr\/wp-json\/wp\/v2\/pages\/315\/revisions"}],"predecessor-version":[{"id":646,"href":"https:\/\/www.kartalagac.com.tr\/tr\/wp-json\/wp\/v2\/pages\/315\/revisions\/646"}],"wp:attachment":[{"href":"https:\/\/www.kartalagac.com.tr\/tr\/wp-json\/wp\/v2\/media?parent=315"}],"curies":[{"name":"wp","href":"https:\/\/api.w.org\/{rel}","templated":true}]}}