{"id":317,"date":"2019-07-26T09:17:48","date_gmt":"2019-07-26T06:17:48","guid":{"rendered":"http:\/\/kartalagac.com.tr\/tr\/?page_id=317"},"modified":"2021-09-22T16:36:22","modified_gmt":"2021-09-22T13:36:22","slug":"hakkimizda","status":"publish","type":"page","link":"https:\/\/www.kartalagac.com.tr\/tr\/hakkimizda\/","title":{"rendered":"Hakk\u0131m\u0131zda"},"content":{"rendered":"\n<div class=\"container section-title-container\" ><h3 class=\"section-title section-title-bold\"><b><\/b><span class=\"section-title-main\" >Hakk\u0131m\u0131zda<\/span><b><\/b><\/h3><\/div><!-- .section-title -->\n\n<p><img loading=\"lazy\" decoding=\"async\" class=\"alignleft size-full wp-image-360\" src=\"http:\/\/kartalagac.com.tr\/tr\/wp-content\/uploads\/2019\/07\/53.png\" alt=\"\" width=\"214\" height=\"163\" \/> 1973 y\u0131l\u0131nda L\u00fctfi Kartal taraf\u0131ndan\u00a0 kurulan <span style=\"color: #000000;\">KARTAL PETROL VE A\u011eA\u00c7 SAN.T\u0130C.LTD.\u015eT\u0130<\/span><b>\u00a0<\/b> a\u011fa\u00e7 sekt\u00f6r\u00fcnde faaliyetine devam etmektedir. A\u011fa\u00e7 sekt\u00f6r\u00fcn\u00fcn yan\u0131 s\u0131ra nakliye ve akaryak\u0131t\u00a0 sekt\u00f6rlerinde de faaliyetini ayn\u0131 adla devam ettirmi\u015ftir. 1996 y\u0131l\u0131nda <b>\u00a0<\/b>kurumsal kimli\u011fini alarak a\u011fa\u00e7 sekt\u00f6r\u00fcnde daha da geli\u015fmi\u015ftir. Bug\u00fcn 20.000 m2 a\u00e7\u0131k ve 5000 m2 kapal\u0131 alanda \u00e7al\u0131\u015fmalar\u0131n\u0131 s\u00fcrd\u00fcrmektedir. Y\u0131ll\u0131k 30.000m3 kereste \u00fcretim kapasitesine sahip olan firmam\u0131z ayn\u0131 zamanda kurutma f\u0131r\u0131nlar\u0131yla daha kaliteli, dayan\u0131kl\u0131 ve sa\u011fl\u0131kl\u0131 \u00fcr\u00fcnler \u00fcretmek i\u00e7in \u00e7al\u0131\u015fmaktad\u0131r. Mevcut \u00fcretim tesislerimiz en y\u00fcksek teknolojiyi kullanarak kaliteli, \u00e7evreye sayg\u0131l\u0131 \u00fcretim, i\u015f sa\u011fl\u0131\u011f\u0131 ve g\u00fcvenli\u011fine \u00f6nem veren bir anlay\u0131\u015fa sahip y\u00f6netim kadrosu taraf\u0131ndan y\u00fcr\u00fct\u00fclmektedir.<br \/>Firmam\u0131z Haziran 2008 tarihinde i\u015f sa\u011fl\u0131\u011f\u0131 ve g\u00fcvenli\u011fine verdi\u011fi \u00f6nem neticesinde TS 18001 (OHSAS) \u0130\u015f Sa\u011fl\u0131\u011f\u0131 ve G\u00fcvenli\u011fi belgesini alamaya hak kazanm\u0131\u015ft\u0131r. Bu do\u011frultuda a\u011fa\u00e7 sekt\u00f6r\u00fcnde olan firmam\u0131zda \u00fcretim safhas\u0131nda risk analizleri yaparak olu\u015fabilecek riskleri en aza indirerek ve gerekli e\u011fitimleri de vererek \u0130SG y\u00f6netim sistemimizi s\u00fcrekli geli\u015ftirmeyi, m\u00fc\u015fterilerimiz ve tedarik\u00e7ilerimizle iyi bir ileti\u015fim kurarak onlar\u0131n proje ve beklentilerine cevap verebilecek \u015fekilde birlikte hareket etmeyi hedeflemektedir.<\/p>\n<p>Ayn\u0131 zamanda tarihi ah\u015fap binalar\u0131n restorasyonunda da hizmet verilmektedir. T\u00fcm d\u00fcnyada y\u00fczy\u0131llard\u0131r sundu\u011fu y\u00fcksek kalite, sa\u011fl\u0131k ve estetik standartlar\u0131 nedeniyle tercih edilen ve edilecek olan ah\u015fab\u0131n sundu\u011fu bu g\u00fczelliklerin teknoloji ile birle\u015fmesine katk\u0131da bulunan firmam\u0131z her zaman en iyiyi, en g\u00fczeli, \u00e7evreye sayg\u0131l\u0131 olmay\u0131 ve gelecek nesillere ah\u015fab\u0131 ve a\u011fac\u0131 seven daha g\u00fczel bir d\u00fcnyay\u0131 b\u0131rakmay\u0131 hedeflemi\u015ftir.<\/p>\n\n","protected":false},"excerpt":{"rendered":"<p>1973 y\u0131l\u0131nda L\u00fctfi Kartal taraf\u0131ndan\u00a0 kurulan KARTAL PETROL VE A\u011eA\u00c7 SAN.T\u0130C.LTD.\u015eT\u0130\u00a0 a\u011fa\u00e7 sekt\u00f6r\u00fcnde faaliyetine devam etmektedir. A\u011fa\u00e7 sekt\u00f6r\u00fcn\u00fcn yan\u0131 s\u0131ra nakliye ve akaryak\u0131t\u00a0 sekt\u00f6rlerinde de faaliyetini ayn\u0131 adla devam ettirmi\u015ftir. 1996 y\u0131l\u0131nda \u00a0kurumsal kimli\u011fini alarak a\u011fa\u00e7 sekt\u00f6r\u00fcnde daha da geli\u015fmi\u015ftir. Bug\u00fcn 20.000 m2 a\u00e7\u0131k ve 5000 m2 kapal\u0131 alanda \u00e7al\u0131\u015fmalar\u0131n\u0131 s\u00fcrd\u00fcrmektedir. Y\u0131ll\u0131k 30.000m3 kereste \u00fcretim [&#8230;]\n","protected":false},"author":1,"featured_media":0,"parent":0,"menu_order":0,"comment_status":"closed","ping_status":"closed","template":"","meta":{"footnotes":""},"class_list":["post-317","page","type-page","status-publish","hentry"],"_links":{"self":[{"href":"https:\/\/www.kartalagac.com.tr\/tr\/wp-json\/wp\/v2\/pages\/317","targetHints":{"allow":["GET"]}}],"collection":[{"href":"https:\/\/www.kartalagac.com.tr\/tr\/wp-json\/wp\/v2\/pages"}],"about":[{"href":"https:\/\/www.kartalagac.com.tr\/tr\/wp-json\/wp\/v2\/types\/page"}],"author":[{"embeddable":true,"href":"https:\/\/www.kartalagac.com.tr\/tr\/wp-json\/wp\/v2\/users\/1"}],"replies":[{"embeddable":true,"href":"https:\/\/www.kartalagac.com.tr\/tr\/wp-json\/wp\/v2\/comments?post=317"}],"version-history":[{"count":3,"href":"https:\/\/www.kartalagac.com.tr\/tr\/wp-json\/wp\/v2\/pages\/317\/revisions"}],"predecessor-version":[{"id":628,"href":"https:\/\/www.kartalagac.com.tr\/tr\/wp-json\/wp\/v2\/pages\/317\/revisions\/628"}],"wp:attachment":[{"href":"https:\/\/www.kartalagac.com.tr\/tr\/wp-json\/wp\/v2\/media?parent=317"}],"curies":[{"name":"wp","href":"https:\/\/api.w.org\/{rel}","templated":true}]}}