{"id":319,"date":"2019-07-26T09:19:19","date_gmt":"2019-07-26T06:19:19","guid":{"rendered":"http:\/\/kartalagac.com.tr\/tr\/?page_id=319"},"modified":"2019-07-28T16:49:20","modified_gmt":"2019-07-28T13:49:20","slug":"misyonumuz","status":"publish","type":"page","link":"https:\/\/www.kartalagac.com.tr\/tr\/misyonumuz\/","title":{"rendered":"Misyonumuz"},"content":{"rendered":"\n<div class=\"container section-title-container\" ><h3 class=\"section-title section-title-bold\"><b><\/b><span class=\"section-title-main\" >Misyonumuz<\/span><b><\/b><\/h3><\/div><!-- .section-title -->\n\n<p><br \/><span style=\"color: #e10c0c;\"><b>&gt;<\/b><\/span> Kalite standartlar\u0131na uygun \u00fcretim ve sat\u0131\u015flar\u0131m\u0131z\u0131n devam\u0131n\u0131 sa\u011flamak.<br \/><span style=\"color: #e10c0c;\"><b>&gt;<\/b><\/span> Ulusal ve Uluslararas\u0131 pazardaki pay\u0131m\u0131z\u0131 artt\u0131rmak ve \u00fclkemizi temsil eder k\u00f6kl\u00fc bir isme sahip olmak. <br \/><span style=\"color: #e10c0c;\"><b>&gt;<\/b><\/span> Sekt\u00f6rdeki liderli\u011fimizi ve kurumsal yap\u0131m\u0131z\u0131n ba\u015far\u0131s\u0131n\u0131 s\u00fcrd\u00fcrmek.<br \/><span style=\"color: #e10c0c;\"><b>&gt;<\/b><\/span> M\u00fc\u015fterilerimize her zaman kaliteli \u00fcr\u00fcn, h\u0131zl\u0131 servis ve destek sunmak.<\/p>\n\n","protected":false},"excerpt":{"rendered":"<p>&gt; Kalite standartlar\u0131na uygun \u00fcretim ve sat\u0131\u015flar\u0131m\u0131z\u0131n devam\u0131n\u0131 sa\u011flamak.&gt; Ulusal ve Uluslararas\u0131 pazardaki pay\u0131m\u0131z\u0131 artt\u0131rmak ve \u00fclkemizi temsil eder k\u00f6kl\u00fc bir isme sahip olmak. &gt; Sekt\u00f6rdeki liderli\u011fimizi ve kurumsal yap\u0131m\u0131z\u0131n ba\u015far\u0131s\u0131n\u0131 s\u00fcrd\u00fcrmek.&gt; M\u00fc\u015fterilerimize her zaman kaliteli \u00fcr\u00fcn, h\u0131zl\u0131 servis ve destek sunmak.<\/p>\n","protected":false},"author":1,"featured_media":0,"parent":0,"menu_order":0,"comment_status":"closed","ping_status":"closed","template":"","meta":{"footnotes":""},"class_list":["post-319","page","type-page","status-publish","hentry"],"_links":{"self":[{"href":"https:\/\/www.kartalagac.com.tr\/tr\/wp-json\/wp\/v2\/pages\/319","targetHints":{"allow":["GET"]}}],"collection":[{"href":"https:\/\/www.kartalagac.com.tr\/tr\/wp-json\/wp\/v2\/pages"}],"about":[{"href":"https:\/\/www.kartalagac.com.tr\/tr\/wp-json\/wp\/v2\/types\/page"}],"author":[{"embeddable":true,"href":"https:\/\/www.kartalagac.com.tr\/tr\/wp-json\/wp\/v2\/users\/1"}],"replies":[{"embeddable":true,"href":"https:\/\/www.kartalagac.com.tr\/tr\/wp-json\/wp\/v2\/comments?post=319"}],"version-history":[{"count":0,"href":"https:\/\/www.kartalagac.com.tr\/tr\/wp-json\/wp\/v2\/pages\/319\/revisions"}],"wp:attachment":[{"href":"https:\/\/www.kartalagac.com.tr\/tr\/wp-json\/wp\/v2\/media?parent=319"}],"curies":[{"name":"wp","href":"https:\/\/api.w.org\/{rel}","templated":true}]}}