{"id":321,"date":"2019-07-26T09:19:44","date_gmt":"2019-07-26T06:19:44","guid":{"rendered":"http:\/\/kartalagac.com.tr\/tr\/?page_id=321"},"modified":"2019-07-28T16:50:32","modified_gmt":"2019-07-28T13:50:32","slug":"vizyonumuz","status":"publish","type":"page","link":"https:\/\/www.kartalagac.com.tr\/tr\/vizyonumuz\/","title":{"rendered":"Vizyonumuz"},"content":{"rendered":"\n<div class=\"container section-title-container\" ><h3 class=\"section-title section-title-bold\"><b><\/b><span class=\"section-title-main\" >Vizyonumuz<\/span><b><\/b><\/h3><\/div><!-- .section-title -->\n\n<p><b><span style=\"color: #e10c0c;\">&gt;<\/span><\/b> Sekt\u00f6rde her zaman en iyi olmak i\u00e7in \u00e7al\u0131\u015fmak ve kalitemizi korumak.<br \/><span style=\"color: #e10c0c;\"><b>&gt; <\/b><\/span>M\u00fc\u015fteri Memnuniyetini her zaman \u00f6n planda tutmak.<br \/><span style=\"color: #e10c0c;\"><b>&gt; <\/b><\/span>\u0130lkelere ve sisteme ba\u011fl\u0131, g\u00fcvenilir yap\u0131m\u0131z\u0131 korumak. <br \/><b><span style=\"color: #e10c0c;\">&gt; <\/span><\/b>En do\u011fru analizler ile en g\u00fcvenilir sonu\u00e7lara ula\u015fmak.<\/p>\n\n","protected":false},"excerpt":{"rendered":"<p>&gt; Sekt\u00f6rde her zaman en iyi olmak i\u00e7in \u00e7al\u0131\u015fmak ve kalitemizi korumak.&gt; M\u00fc\u015fteri Memnuniyetini her zaman \u00f6n planda tutmak.&gt; \u0130lkelere ve sisteme ba\u011fl\u0131, g\u00fcvenilir yap\u0131m\u0131z\u0131 korumak. &gt; En do\u011fru analizler ile en g\u00fcvenilir sonu\u00e7lara ula\u015fmak.<\/p>\n","protected":false},"author":1,"featured_media":0,"parent":0,"menu_order":0,"comment_status":"closed","ping_status":"closed","template":"","meta":{"footnotes":""},"class_list":["post-321","page","type-page","status-publish","hentry"],"_links":{"self":[{"href":"https:\/\/www.kartalagac.com.tr\/tr\/wp-json\/wp\/v2\/pages\/321","targetHints":{"allow":["GET"]}}],"collection":[{"href":"https:\/\/www.kartalagac.com.tr\/tr\/wp-json\/wp\/v2\/pages"}],"about":[{"href":"https:\/\/www.kartalagac.com.tr\/tr\/wp-json\/wp\/v2\/types\/page"}],"author":[{"embeddable":true,"href":"https:\/\/www.kartalagac.com.tr\/tr\/wp-json\/wp\/v2\/users\/1"}],"replies":[{"embeddable":true,"href":"https:\/\/www.kartalagac.com.tr\/tr\/wp-json\/wp\/v2\/comments?post=321"}],"version-history":[{"count":0,"href":"https:\/\/www.kartalagac.com.tr\/tr\/wp-json\/wp\/v2\/pages\/321\/revisions"}],"wp:attachment":[{"href":"https:\/\/www.kartalagac.com.tr\/tr\/wp-json\/wp\/v2\/media?parent=321"}],"curies":[{"name":"wp","href":"https:\/\/api.w.org\/{rel}","templated":true}]}}