{"id":325,"date":"2019-07-26T09:20:23","date_gmt":"2019-07-26T06:20:23","guid":{"rendered":"http:\/\/kartalagac.com.tr\/tr\/?page_id=325"},"modified":"2019-07-28T16:51:54","modified_gmt":"2019-07-28T13:51:54","slug":"sosyal-sorumluluk","status":"publish","type":"page","link":"https:\/\/www.kartalagac.com.tr\/tr\/sosyal-sorumluluk\/","title":{"rendered":"Sosyal Sorumluluk"},"content":{"rendered":"\n<div class=\"container section-title-container\" ><h3 class=\"section-title section-title-bold\"><b><\/b><span class=\"section-title-main\" >Sosyal Sorumluluk<\/span><b><\/b><\/h3><\/div><!-- .section-title -->\n\n<p>Kurumsal vatanda\u015fl\u0131k anlay\u0131\u015f\u0131m\u0131z, verimlili\u011fe odakl\u0131, riskleri \u00f6nceden tespit ederek \u00f6nleyici yakla\u015f\u0131mlar geli\u015ftiren proaktif bir anlay\u0131\u015f. \u0130\u015f yap\u0131\u015f bi\u00e7imimiz, t\u00fcm kaynaklar\u0131m\u0131za bak\u0131\u015f a\u00e7\u0131m\u0131z bu odaktan hareketle \u015fekilleniyor. T\u00fcm \u00e7al\u0131\u015fmalar\u0131m\u0131zda, s\u0131n\u0131rl\u0131 kaynaklar\u0131 etkin ve basiretli bir \u015fekilde de\u011ferlendirmek ve s\u00fcrd\u00fcr\u00fclebilirlik yakla\u015f\u0131m\u0131 i\u00e7inde kal\u0131c\u0131 de\u011ferler \u00fcretebilmek amac\u0131nday\u0131z.\u200b<br \/><br \/>Kaynaklar\u0131m\u0131z\u0131 daha verimli kullanmak bir yandan sorumlu ve basiretli i\u015fletmecili\u011fin bir gere\u011fiyken di\u011fer yandan da sorumlu vatanda\u015fl\u0131k g\u00f6revimiz. Bu d\u00fcnyan\u0131n bize sundu\u011fu her t\u00fcrl\u00fc kayna\u011f\u0131 kullan\u0131rken \u00f6zenli davranmay\u0131 d\u00fcnyaya, \u00e7evreye, insanl\u0131\u011fa, gelecek ku\u015faklara ve kendimize duydu\u011fumuz sayg\u0131n\u0131n bir yans\u0131mas\u0131 olarak g\u00f6r\u00fcyoruz.<br \/><br \/>K\u00f6kl\u00fc kurumsal k\u00fclt\u00fcr\u00fcyle T\u00fcrk i\u015f d\u00fcnyas\u0131n\u0131n toplumsal yan\u0131 en g\u00fc\u00e7l\u00fc \u00fcyelerinden biri olarak, her y\u0131l kurumsal yurtta\u015fl\u0131k bilinci dahilinde \u00e7ok \u00e7e\u015fitli toplumsal payla\u015f\u0131m projelerine destek veriyor, ya\u015fad\u0131\u011f\u0131m\u0131z toplumun ya\u015fam kalitesini y\u00fckseltmek, \u00e7al\u0131\u015fanlar\u0131m\u0131z ve onlar\u0131n ailelerine, yerel halka ve di\u011fer payda\u015flar\u0131m\u0131za kar\u015f\u0131 sorumluluklar\u0131m\u0131z\u0131 yerine getirmek amac\u0131yla \u00e7al\u0131\u015fmalar\u0131m\u0131z\u0131 s\u00fcrd\u00fcr\u00fcyoruz.<\/p>\n\n","protected":false},"excerpt":{"rendered":"<p>Kurumsal vatanda\u015fl\u0131k anlay\u0131\u015f\u0131m\u0131z, verimlili\u011fe odakl\u0131, riskleri \u00f6nceden tespit ederek \u00f6nleyici yakla\u015f\u0131mlar geli\u015ftiren proaktif bir anlay\u0131\u015f. \u0130\u015f yap\u0131\u015f bi\u00e7imimiz, t\u00fcm kaynaklar\u0131m\u0131za bak\u0131\u015f a\u00e7\u0131m\u0131z bu odaktan hareketle \u015fekilleniyor. T\u00fcm \u00e7al\u0131\u015fmalar\u0131m\u0131zda, s\u0131n\u0131rl\u0131 kaynaklar\u0131 etkin ve basiretli bir \u015fekilde de\u011ferlendirmek ve s\u00fcrd\u00fcr\u00fclebilirlik yakla\u015f\u0131m\u0131 i\u00e7inde kal\u0131c\u0131 de\u011ferler \u00fcretebilmek amac\u0131nday\u0131z.\u200b Kaynaklar\u0131m\u0131z\u0131 daha verimli kullanmak bir yandan sorumlu ve basiretli i\u015fletmecili\u011fin bir [&#8230;]\n","protected":false},"author":1,"featured_media":0,"parent":0,"menu_order":0,"comment_status":"closed","ping_status":"closed","template":"","meta":{"footnotes":""},"class_list":["post-325","page","type-page","status-publish","hentry"],"_links":{"self":[{"href":"https:\/\/www.kartalagac.com.tr\/tr\/wp-json\/wp\/v2\/pages\/325","targetHints":{"allow":["GET"]}}],"collection":[{"href":"https:\/\/www.kartalagac.com.tr\/tr\/wp-json\/wp\/v2\/pages"}],"about":[{"href":"https:\/\/www.kartalagac.com.tr\/tr\/wp-json\/wp\/v2\/types\/page"}],"author":[{"embeddable":true,"href":"https:\/\/www.kartalagac.com.tr\/tr\/wp-json\/wp\/v2\/users\/1"}],"replies":[{"embeddable":true,"href":"https:\/\/www.kartalagac.com.tr\/tr\/wp-json\/wp\/v2\/comments?post=325"}],"version-history":[{"count":0,"href":"https:\/\/www.kartalagac.com.tr\/tr\/wp-json\/wp\/v2\/pages\/325\/revisions"}],"wp:attachment":[{"href":"https:\/\/www.kartalagac.com.tr\/tr\/wp-json\/wp\/v2\/media?parent=325"}],"curies":[{"name":"wp","href":"https:\/\/api.w.org\/{rel}","templated":true}]}}