{"id":387,"date":"2019-07-28T17:03:09","date_gmt":"2019-07-28T14:03:09","guid":{"rendered":"http:\/\/kartalagac.com.tr\/tr\/?page_id=387"},"modified":"2021-09-22T19:17:13","modified_gmt":"2021-09-22T16:17:13","slug":"auto-draft","status":"publish","type":"page","link":"https:\/\/www.kartalagac.com.tr\/tr\/auto-draft\/","title":{"rendered":"\u0130n\u015faatl\u0131k Kereste"},"content":{"rendered":"\n<div class=\"container section-title-container\" ><h3 class=\"section-title section-title-bold\"><b><\/b><span class=\"section-title-main\" >\u0130n\u015faatl\u0131k Kereste<\/span><b><\/b><\/h3><\/div><!-- .section-title -->\n\n<div class=\"row\"  id=\"row-333432051\">\n\n<div class=\"col medium-6 small-12 large-6\"  ><div class=\"col-inner\"  >\n\n\t<div class=\"img has-hover x md-x lg-x y md-y lg-y\" id=\"image_1841566923\">\n\t\t\t\t\t\t\t\t<div class=\"img-inner image-zoom-long image-fade-out dark\" >\n\t\t\t<img loading=\"lazy\" decoding=\"async\" width=\"349\" height=\"262\" src=\"https:\/\/www.kartalagac.com.tr\/tr\/wp-content\/uploads\/2021\/09\/insaatlik.jpeg\" class=\"attachment-medium size-medium\" alt=\"\" \/>\t\t\t\t\t\t\n\t\t\t\t\t<\/div>\n\t\t\t\t\t\t\t\t\n<style scope=\"scope\">\n\n#image_1841566923 {\n  width: 100%;\n}\n<\/style>\n\t<\/div>\n\t\n\n\t<div class=\"img has-hover x md-x lg-x y md-y lg-y\" id=\"image_1193955594\">\n\t\t\t\t\t\t\t\t<div class=\"img-inner image-zoom-long image-fade-out dark\" >\n\t\t\t<img loading=\"lazy\" decoding=\"async\" width=\"960\" height=\"640\" src=\"https:\/\/www.kartalagac.com.tr\/tr\/wp-content\/uploads\/2021\/09\/insaatlik2.jpeg\" class=\"attachment-large size-large\" alt=\"\" srcset=\"https:\/\/www.kartalagac.com.tr\/tr\/wp-content\/uploads\/2021\/09\/insaatlik2.jpeg 960w, https:\/\/www.kartalagac.com.tr\/tr\/wp-content\/uploads\/2021\/09\/insaatlik2-600x400.jpeg 600w, https:\/\/www.kartalagac.com.tr\/tr\/wp-content\/uploads\/2021\/09\/insaatlik2-768x512.jpeg 768w\" sizes=\"auto, (max-width: 960px) 100vw, 960px\" \/>\t\t\t\t\t\t\n\t\t\t\t\t<\/div>\n\t\t\t\t\t\t\t\t\n<style scope=\"scope\">\n\n#image_1193955594 {\n  width: 100%;\n}\n<\/style>\n\t<\/div>\n\t\n\n\n<\/div><\/div>\n<div class=\"col medium-6 small-12 large-6\"  ><div class=\"col-inner\"  >\n\n<h3>\u0130n\u015faatl\u0131k Kereste<\/h3>\n<p><span style=\"font-size: small;\">Bat\u0131 Karadeniz B\u00f6lgesi&#8217;nin G\u00f6knar Ve \u00c7am A\u011fa\u00e7lar\u0131 tesislerimizde i\u015flenerek \u00fcretime sunulur.Standartlara uygun in\u015faatl\u0131k kalas , dikme , \u00e7at\u0131 kaplama tahtas\u0131 , palet ve ambalaj sand\u0131\u011f\u0131 imalat\u0131nda kullan\u0131lmak \u00fczere istenilen ebatlarda kereste temini sa\u011flanmaktad\u0131r.Kalite ve dayan\u0131kl\u0131 yerli \u00fcr\u00fcnlerde en iyi hizmet verilmektedir.<\/span>Orman S\u00fcrekli\u011finin sa\u011flanmas\u0131 i\u00e7in \u00f6mr\u00fcn\u00fc tamamlam\u0131\u015f a\u011fa\u00e7lardan <span style=\"font-size: small;\">imal edilen 1.s\u0131n\u0131f tomruklar,y\u00fcksek \u00fcretim kapasitesi ve ileri teknolojiye sahip tesislerimizde i\u015flenerek uluslararas\u0131 standartlara uygun kalitede \u00fcretilmektedir.<\/span><\/p>\n<p><span style=\"color: #cc0000;\">\u00d6L\u00c7\u00dcLER<\/span><\/p>\n<p><span style=\"color: #000000;\"><b>Kal\u0131nl\u0131k :<\/b> 1,8 cm ve \u00fczeri<\/span><\/p>\n<p><span style=\"color: #000000;\"><b>Geni\u015flik :<\/b> 8 cm &#8211; 30 cm<\/span><\/p>\n<p><span style=\"color: #000000;\"><b>Boy : <\/b>100 cm Ve \u00fczeri<\/span><\/p>\n\n<\/div><\/div>\n\n<\/div>\n\n","protected":false},"excerpt":{"rendered":"","protected":false},"author":1,"featured_media":0,"parent":0,"menu_order":0,"comment_status":"closed","ping_status":"closed","template":"","meta":{"footnotes":""},"class_list":["post-387","page","type-page","status-publish","hentry"],"_links":{"self":[{"href":"https:\/\/www.kartalagac.com.tr\/tr\/wp-json\/wp\/v2\/pages\/387","targetHints":{"allow":["GET"]}}],"collection":[{"href":"https:\/\/www.kartalagac.com.tr\/tr\/wp-json\/wp\/v2\/pages"}],"about":[{"href":"https:\/\/www.kartalagac.com.tr\/tr\/wp-json\/wp\/v2\/types\/page"}],"author":[{"embeddable":true,"href":"https:\/\/www.kartalagac.com.tr\/tr\/wp-json\/wp\/v2\/users\/1"}],"replies":[{"embeddable":true,"href":"https:\/\/www.kartalagac.com.tr\/tr\/wp-json\/wp\/v2\/comments?post=387"}],"version-history":[{"count":3,"href":"https:\/\/www.kartalagac.com.tr\/tr\/wp-json\/wp\/v2\/pages\/387\/revisions"}],"predecessor-version":[{"id":661,"href":"https:\/\/www.kartalagac.com.tr\/tr\/wp-json\/wp\/v2\/pages\/387\/revisions\/661"}],"wp:attachment":[{"href":"https:\/\/www.kartalagac.com.tr\/tr\/wp-json\/wp\/v2\/media?parent=387"}],"curies":[{"name":"wp","href":"https:\/\/api.w.org\/{rel}","templated":true}]}}