{"id":391,"date":"2019-07-28T17:04:08","date_gmt":"2019-07-28T14:04:08","guid":{"rendered":"http:\/\/kartalagac.com.tr\/tr\/?page_id=391"},"modified":"2021-09-22T19:18:28","modified_gmt":"2021-09-22T16:18:28","slug":"dogramalik-kereste","status":"publish","type":"page","link":"https:\/\/www.kartalagac.com.tr\/tr\/dogramalik-kereste\/","title":{"rendered":"Do\u011framal\u0131k Kereste"},"content":{"rendered":"\n<div class=\"container section-title-container\" ><h3 class=\"section-title section-title-bold\"><b><\/b><span class=\"section-title-main\" >Do\u011framal\u0131k Kereste<\/span><b><\/b><\/h3><\/div><!-- .section-title -->\n\n<div class=\"row\"  id=\"row-753518314\">\n\n<div class=\"col medium-6 small-12 large-6\"  ><div class=\"col-inner\"  >\n\n\t<div class=\"img has-hover x md-x lg-x y md-y lg-y\" id=\"image_1038983973\">\n\t\t\t\t\t\t\t\t<div class=\"img-inner image-zoom-long image-fade-out dark\" >\n\t\t\t<img loading=\"lazy\" decoding=\"async\" width=\"711\" height=\"400\" src=\"https:\/\/www.kartalagac.com.tr\/tr\/wp-content\/uploads\/2021\/09\/dogramalik-711x400.jpeg\" class=\"attachment-medium size-medium\" alt=\"\" srcset=\"https:\/\/www.kartalagac.com.tr\/tr\/wp-content\/uploads\/2021\/09\/dogramalik-711x400.jpeg 711w, https:\/\/www.kartalagac.com.tr\/tr\/wp-content\/uploads\/2021\/09\/dogramalik-1400x788.jpeg 1400w, https:\/\/www.kartalagac.com.tr\/tr\/wp-content\/uploads\/2021\/09\/dogramalik-768x432.jpeg 768w, https:\/\/www.kartalagac.com.tr\/tr\/wp-content\/uploads\/2021\/09\/dogramalik-1536x864.jpeg 1536w, https:\/\/www.kartalagac.com.tr\/tr\/wp-content\/uploads\/2021\/09\/dogramalik.jpeg 1600w\" sizes=\"auto, (max-width: 711px) 100vw, 711px\" \/>\t\t\t\t\t\t\n\t\t\t\t\t<\/div>\n\t\t\t\t\t\t\t\t\n<style scope=\"scope\">\n\n#image_1038983973 {\n  width: 100%;\n}\n<\/style>\n\t<\/div>\n\t\n\n\t<div class=\"img has-hover x md-x lg-x y md-y lg-y\" id=\"image_1119183108\">\n\t\t\t\t\t\t\t\t<div class=\"img-inner image-zoom-long image-fade-out dark\" >\n\t\t\t<img loading=\"lazy\" decoding=\"async\" width=\"393\" height=\"348\" src=\"https:\/\/www.kartalagac.com.tr\/tr\/wp-content\/uploads\/2021\/09\/dograma.jpeg\" class=\"attachment-medium size-medium\" alt=\"\" \/>\t\t\t\t\t\t\n\t\t\t\t\t<\/div>\n\t\t\t\t\t\t\t\t\n<style scope=\"scope\">\n\n#image_1119183108 {\n  width: 100%;\n}\n<\/style>\n\t<\/div>\n\t\n\n\n<\/div><\/div>\n<div class=\"col medium-6 small-12 large-6\"  ><div class=\"col-inner\"  >\n\n<h3>Do\u011framal\u0131k Kereste<\/h3>\n<p>Bart\u0131n,Karab\u00fck ve Kastamonu b\u00f6lgesinde yeti\u015fen a\u011fa\u00e7lardan \u00fcretimi yap\u0131l\u0131r.S\u0131n\u0131fland\u0131rma bak\u0131m\u0131ndan ise Ekstra 1.s\u0131nf ve 2.s\u0131n\u0131f olarak imal edilmektedir.\u0130malat\u0131 yap\u0131lan G\u00f6knar ve \u00c7am keresteler,nem oran\u0131 %8 &#8211; %20&#8217;ye kadar otomatik kurutma f\u0131r\u0131nlar\u0131nda kurutularak i\u015flenmeye haz\u0131r hale getirilir.Kap\u0131 ve pencere olmak \u00fczere bina yap\u0131m\u0131nda ,binalar\u0131n i\u00e7 ve d\u0131\u015f cephelerinde ,bah\u00e7e mobilyalar\u0131nda ,ah\u015fap dekor uygulamalr\u0131nda ve lamina ah\u015fap \u00fcretiminde kullan\u0131lmaktad\u0131r.\u0130\u015flenmeye haz\u0131r olan bu \u00fcr\u00fcnlerden \u00f6zel \u00f6l\u00e7\u00fc ve standart \u00f6l\u00e7\u00fc olarak sipari\u015f verilebilmektedir.<\/p>\n<p>\u00a0<\/p>\n<p><strong><span style=\"color: #cc0000;\">\u00d6L\u00c7\u00dcLER<\/span><\/strong><\/p>\n<p><span style=\"color: #000000;\"><b>Kal\u0131nl\u0131k :<\/b> 5,6,8,10 cm<\/span><\/p>\n<p><span style=\"color: #000000;\"><b>Geni\u015flik :<\/b> 10 cm ve \u00fczeri<\/span><\/p>\n<p><span style=\"color: #000000;\"><b>Boy : <\/b>200 cm Ve \u00fczeri<\/span><\/p>\n\t<div class=\"img has-hover x md-x lg-x y md-y lg-y\" id=\"image_1068546027\">\n\t\t\t\t\t\t\t\t<div class=\"img-inner image-zoom-long image-fade-out dark\" >\n\t\t\t<img loading=\"lazy\" decoding=\"async\" width=\"835\" height=\"400\" src=\"https:\/\/www.kartalagac.com.tr\/tr\/wp-content\/uploads\/2021\/09\/dogramalik2.jpeg\" class=\"attachment-large size-large\" alt=\"\" srcset=\"https:\/\/www.kartalagac.com.tr\/tr\/wp-content\/uploads\/2021\/09\/dogramalik2.jpeg 835w, https:\/\/www.kartalagac.com.tr\/tr\/wp-content\/uploads\/2021\/09\/dogramalik2-800x383.jpeg 800w, https:\/\/www.kartalagac.com.tr\/tr\/wp-content\/uploads\/2021\/09\/dogramalik2-768x368.jpeg 768w\" sizes=\"auto, (max-width: 835px) 100vw, 835px\" \/>\t\t\t\t\t\t\n\t\t\t\t\t<\/div>\n\t\t\t\t\t\t\t\t\n<style scope=\"scope\">\n\n#image_1068546027 {\n  width: 100%;\n}\n<\/style>\n\t<\/div>\n\t\n\n\n<\/div><\/div>\n\n<\/div>\n\n","protected":false},"excerpt":{"rendered":"","protected":false},"author":1,"featured_media":0,"parent":0,"menu_order":0,"comment_status":"closed","ping_status":"closed","template":"","meta":{"footnotes":""},"class_list":["post-391","page","type-page","status-publish","hentry"],"_links":{"self":[{"href":"https:\/\/www.kartalagac.com.tr\/tr\/wp-json\/wp\/v2\/pages\/391","targetHints":{"allow":["GET"]}}],"collection":[{"href":"https:\/\/www.kartalagac.com.tr\/tr\/wp-json\/wp\/v2\/pages"}],"about":[{"href":"https:\/\/www.kartalagac.com.tr\/tr\/wp-json\/wp\/v2\/types\/page"}],"author":[{"embeddable":true,"href":"https:\/\/www.kartalagac.com.tr\/tr\/wp-json\/wp\/v2\/users\/1"}],"replies":[{"embeddable":true,"href":"https:\/\/www.kartalagac.com.tr\/tr\/wp-json\/wp\/v2\/comments?post=391"}],"version-history":[{"count":2,"href":"https:\/\/www.kartalagac.com.tr\/tr\/wp-json\/wp\/v2\/pages\/391\/revisions"}],"predecessor-version":[{"id":663,"href":"https:\/\/www.kartalagac.com.tr\/tr\/wp-json\/wp\/v2\/pages\/391\/revisions\/663"}],"wp:attachment":[{"href":"https:\/\/www.kartalagac.com.tr\/tr\/wp-json\/wp\/v2\/media?parent=391"}],"curies":[{"name":"wp","href":"https:\/\/api.w.org\/{rel}","templated":true}]}}