{"id":394,"date":"2019-07-28T17:09:20","date_gmt":"2019-07-28T14:09:20","guid":{"rendered":"http:\/\/kartalagac.com.tr\/tr\/?page_id=394"},"modified":"2021-09-22T19:16:11","modified_gmt":"2021-09-22T16:16:11","slug":"lambri-ve-rabita","status":"publish","type":"page","link":"https:\/\/www.kartalagac.com.tr\/tr\/lambri-ve-rabita\/","title":{"rendered":"Lambri ve Rab\u0131ta"},"content":{"rendered":"\n<div class=\"container section-title-container\" ><h3 class=\"section-title section-title-bold\"><b><\/b><span class=\"section-title-main\" >Lambri ve Rab\u0131ta<\/span><b><\/b><\/h3><\/div><!-- .section-title -->\n\n<div class=\"row\"  id=\"row-1325137389\">\n\n<div class=\"col medium-6 small-12 large-6\"  ><div class=\"col-inner\"  >\n\n\t<div class=\"img has-hover x md-x lg-x y md-y lg-y\" id=\"image_725805722\">\n\t\t\t\t\t\t\t\t<div class=\"img-inner dark\" >\n\t\t\t<img loading=\"lazy\" decoding=\"async\" width=\"335\" height=\"290\" src=\"https:\/\/www.kartalagac.com.tr\/tr\/wp-content\/uploads\/2019\/07\/lambri_1.png\" class=\"attachment-medium size-medium\" alt=\"\" \/>\t\t\t\t\t\t\n\t\t\t\t\t<\/div>\n\t\t\t\t\t\t\t\t\n<style scope=\"scope\">\n\n#image_725805722 {\n  width: 100%;\n}\n<\/style>\n\t<\/div>\n\t\n\n\t<div class=\"img has-hover x md-x lg-x y md-y lg-y\" id=\"image_971002285\">\n\t\t\t\t\t\t\t\t<div class=\"img-inner dark\" >\n\t\t\t<img loading=\"lazy\" decoding=\"async\" width=\"343\" height=\"290\" src=\"https:\/\/www.kartalagac.com.tr\/tr\/wp-content\/uploads\/2019\/07\/lambri_.png\" class=\"attachment-medium size-medium\" alt=\"\" \/>\t\t\t\t\t\t\n\t\t\t\t\t<\/div>\n\t\t\t\t\t\t\t\t\n<style scope=\"scope\">\n\n#image_971002285 {\n  width: 100%;\n}\n<\/style>\n\t<\/div>\n\t\n\n\n<\/div><\/div>\n<div class=\"col medium-6 small-12 large-6\"  ><div class=\"col-inner\"  >\n\n<h3>Lambri ve Rab\u0131ta<\/h3>\n<p>Sar\u0131\u00e7am ve G\u00f6knar tomruklar\u0131ndan elde edilir.Otomotik kurutma f\u0131r\u0131nlar\u0131nda nem oran\u0131 %8 ile %12&#8217;ye kadar kurutulur.S\u0131n\u0131fland\u0131rma bak\u0131m\u0131ndan ;Extra,1.s\u0131n\u0131f ve 2.s\u0131n\u0131f kalitede \u00fcretimi yap\u0131lan bu \u00fcr\u00fcnler,i\u00e7mekanlar\u0131n duvar,tavan ve tabanlar\u0131nda kamelya imalatlar\u0131nda ,bina d\u0131\u015f cephe giydirme i\u015flemlerimde kullan\u0131lmaktad\u0131r.<\/p>\n<p>Lambrilerde Oluklu(kanall\u0131),oluksuz(kanals\u0131z) olarak cinslere ayr\u0131lmaktave ayr\u0131ca s\u00fcp\u00fcrgelik,k\u00fcpe\u015fte,ah\u015fap kartonpiyer imalatlar\u0131 yap\u0131labilmektedir.<br \/>\u00a0<\/p>\n<p>\u00a0<\/p>\n<p><strong><span style=\"color: #cc0000;\">\u00d6L\u00c7\u00dcLER<\/span><\/strong><\/p>\n<p><span style=\"color: #000000;\"><b>Kal\u0131nl\u0131k :<\/b> 1,8 cm ile 5 cm&#8217;e kadar<\/span><\/p>\n<p><span style=\"color: #000000;\"><b>Geni\u015flik :<\/b> 8,10,12,15,18,20,22 cm<\/span><\/p>\n<p><span style=\"color: #000000;\"><b>Boy : <\/b>100 cm Ve \u00fczeri<\/span><\/p>\n\t<div class=\"img has-hover x md-x lg-x y md-y lg-y\" id=\"image_1846309543\">\n\t\t\t\t\t\t\t\t<div class=\"img-inner image-zoom-long image-fade-out dark\" >\n\t\t\t<img loading=\"lazy\" decoding=\"async\" width=\"676\" height=\"424\" src=\"https:\/\/www.kartalagac.com.tr\/tr\/wp-content\/uploads\/2021\/09\/lambir.jpeg\" class=\"attachment-large size-large\" alt=\"\" srcset=\"https:\/\/www.kartalagac.com.tr\/tr\/wp-content\/uploads\/2021\/09\/lambir.jpeg 676w, https:\/\/www.kartalagac.com.tr\/tr\/wp-content\/uploads\/2021\/09\/lambir-638x400.jpeg 638w\" sizes=\"auto, (max-width: 676px) 100vw, 676px\" \/>\t\t\t\t\t\t\n\t\t\t\t\t<\/div>\n\t\t\t\t\t\t\t\t\n<style scope=\"scope\">\n\n#image_1846309543 {\n  width: 100%;\n}\n<\/style>\n\t<\/div>\n\t\n\n\n<\/div><\/div>\n\n<\/div>\n\n","protected":false},"excerpt":{"rendered":"","protected":false},"author":1,"featured_media":0,"parent":0,"menu_order":0,"comment_status":"closed","ping_status":"closed","template":"","meta":{"footnotes":""},"class_list":["post-394","page","type-page","status-publish","hentry"],"_links":{"self":[{"href":"https:\/\/www.kartalagac.com.tr\/tr\/wp-json\/wp\/v2\/pages\/394","targetHints":{"allow":["GET"]}}],"collection":[{"href":"https:\/\/www.kartalagac.com.tr\/tr\/wp-json\/wp\/v2\/pages"}],"about":[{"href":"https:\/\/www.kartalagac.com.tr\/tr\/wp-json\/wp\/v2\/types\/page"}],"author":[{"embeddable":true,"href":"https:\/\/www.kartalagac.com.tr\/tr\/wp-json\/wp\/v2\/users\/1"}],"replies":[{"embeddable":true,"href":"https:\/\/www.kartalagac.com.tr\/tr\/wp-json\/wp\/v2\/comments?post=394"}],"version-history":[{"count":1,"href":"https:\/\/www.kartalagac.com.tr\/tr\/wp-json\/wp\/v2\/pages\/394\/revisions"}],"predecessor-version":[{"id":659,"href":"https:\/\/www.kartalagac.com.tr\/tr\/wp-json\/wp\/v2\/pages\/394\/revisions\/659"}],"wp:attachment":[{"href":"https:\/\/www.kartalagac.com.tr\/tr\/wp-json\/wp\/v2\/media?parent=394"}],"curies":[{"name":"wp","href":"https:\/\/api.w.org\/{rel}","templated":true}]}}