{"id":401,"date":"2019-07-28T17:12:57","date_gmt":"2019-07-28T14:12:57","guid":{"rendered":"http:\/\/kartalagac.com.tr\/tr\/?page_id=401"},"modified":"2019-07-28T18:27:08","modified_gmt":"2019-07-28T15:27:08","slug":"ahsap-evler","status":"publish","type":"page","link":"https:\/\/www.kartalagac.com.tr\/tr\/ahsap-evler\/","title":{"rendered":"Ah\u015fap Evler"},"content":{"rendered":"\n<div class=\"container section-title-container\" ><h3 class=\"section-title section-title-bold\"><b><\/b><span class=\"section-title-main\" >Ah\u015fap Evler<\/span><b><\/b><\/h3><\/div><!-- .section-title -->\n\n<div class=\"row\"  id=\"row-373436433\">\n\n<div class=\"col medium-6 small-12 large-6\"  ><div class=\"col-inner\"  >\n\n\t<div class=\"img has-hover x md-x lg-x y md-y lg-y\" id=\"image_647944211\">\n\t\t\t\t\t\t\t\t<div class=\"img-inner dark\" >\n\t\t\t<img loading=\"lazy\" decoding=\"async\" width=\"336\" height=\"290\" src=\"https:\/\/www.kartalagac.com.tr\/tr\/wp-content\/uploads\/2019\/07\/ahsap_evler_1.png\" class=\"attachment-medium size-medium\" alt=\"\" \/>\t\t\t\t\t\t\n\t\t\t\t\t<\/div>\n\t\t\t\t\t\t\t\t\n<style scope=\"scope\">\n\n#image_647944211 {\n  width: 100%;\n}\n<\/style>\n\t<\/div>\n\t\n\n\t<div class=\"img has-hover x md-x lg-x y md-y lg-y\" id=\"image_448346227\">\n\t\t\t\t\t\t\t\t<div class=\"img-inner dark\" >\n\t\t\t<img loading=\"lazy\" decoding=\"async\" width=\"348\" height=\"290\" src=\"https:\/\/www.kartalagac.com.tr\/tr\/wp-content\/uploads\/2019\/07\/ahsap_evler_.png\" class=\"attachment-medium size-medium\" alt=\"\" \/>\t\t\t\t\t\t\n\t\t\t\t\t<\/div>\n\t\t\t\t\t\t\t\t\n<style scope=\"scope\">\n\n#image_448346227 {\n  width: 100%;\n}\n<\/style>\n\t<\/div>\n\t\n\n\n<\/div><\/div>\n<div class=\"col medium-6 small-12 large-6\"  ><div class=\"col-inner\"  >\n\n<h3>Ah\u015fap Evler<\/h3>\n<p>Sar\u0131\u00e7am, G\u00f6knar ve Larex a\u011fa\u00e7lar\u0131ndan \u00fcretimi yap\u0131lmaktad\u0131r. Otomatik kurutma f\u0131r\u0131nlar\u0131nda nemi %10 &#8211; %15\u2019e kadar kurutulduktan sonra; Extra, 1. S\u0131n\u0131f ve 2. S\u0131n\u0131f kalite olarak s\u0131n\u0131fland\u0131r\u0131l\u0131r. Mimari projelere uygun \u00fcretim yap\u0131lmakta, d\u0131\u015f cephe uygulamalar\u0131nda emprenye kullan\u0131larak modern, g\u00fcvenli, \u00e7evreye sayg\u0131l\u0131, dayan\u0131kl\u0131 \u00fcr\u00fcnler sunmaktay\u0131z.<br \/>Ah\u015fap evler, g\u00fcvenli olu\u015fu, enerji a\u00e7\u0131s\u0131ndan verimli, \u00e7evreye duyarl\u0131l\u0131k, deprem, r\u00fczgar ve ya\u011fmur gibi do\u011fa \u015fartlar\u0131na dayan\u0131kl\u0131l\u0131\u011f\u0131ndan dolay\u0131 en \u00e7ok tercih edilen yap\u0131lard\u0131r. Ayr\u0131ca estetik ve hafif olmas\u0131, uzun \u00f6m\u00fcrl\u00fc ve yenilenmesi kolay tek ana yap\u0131 malzemesidir.<\/p>\n\n<\/div><\/div>\n\n<\/div>\n\n","protected":false},"excerpt":{"rendered":"","protected":false},"author":1,"featured_media":0,"parent":0,"menu_order":0,"comment_status":"closed","ping_status":"closed","template":"","meta":{"footnotes":""},"class_list":["post-401","page","type-page","status-publish","hentry"],"_links":{"self":[{"href":"https:\/\/www.kartalagac.com.tr\/tr\/wp-json\/wp\/v2\/pages\/401","targetHints":{"allow":["GET"]}}],"collection":[{"href":"https:\/\/www.kartalagac.com.tr\/tr\/wp-json\/wp\/v2\/pages"}],"about":[{"href":"https:\/\/www.kartalagac.com.tr\/tr\/wp-json\/wp\/v2\/types\/page"}],"author":[{"embeddable":true,"href":"https:\/\/www.kartalagac.com.tr\/tr\/wp-json\/wp\/v2\/users\/1"}],"replies":[{"embeddable":true,"href":"https:\/\/www.kartalagac.com.tr\/tr\/wp-json\/wp\/v2\/comments?post=401"}],"version-history":[{"count":0,"href":"https:\/\/www.kartalagac.com.tr\/tr\/wp-json\/wp\/v2\/pages\/401\/revisions"}],"wp:attachment":[{"href":"https:\/\/www.kartalagac.com.tr\/tr\/wp-json\/wp\/v2\/media?parent=401"}],"curies":[{"name":"wp","href":"https:\/\/api.w.org\/{rel}","templated":true}]}}