{"id":408,"date":"2019-07-28T17:17:47","date_gmt":"2019-07-28T14:17:47","guid":{"rendered":"http:\/\/kartalagac.com.tr\/tr\/?page_id=408"},"modified":"2019-07-28T18:33:09","modified_gmt":"2019-07-28T15:33:09","slug":"kamelyalar","status":"publish","type":"page","link":"https:\/\/www.kartalagac.com.tr\/tr\/kamelyalar\/","title":{"rendered":"Kamelyalar"},"content":{"rendered":"\n<div class=\"container section-title-container\" ><h3 class=\"section-title section-title-bold\"><b><\/b><span class=\"section-title-main\" >Kamelyalar<\/span><b><\/b><\/h3><\/div><!-- .section-title -->\n\n<div class=\"row\"  id=\"row-470663656\">\n\n<div class=\"col medium-6 small-12 large-6\"  ><div class=\"col-inner\"  >\n\n\t<div class=\"img has-hover x md-x lg-x y md-y lg-y\" id=\"image_435169449\">\n\t\t\t\t\t\t\t\t<div class=\"img-inner dark\" >\n\t\t\t<img loading=\"lazy\" decoding=\"async\" width=\"680\" height=\"290\" src=\"https:\/\/www.kartalagac.com.tr\/tr\/wp-content\/uploads\/2019\/07\/KERESTEEEEEEE.png\" class=\"attachment-medium size-medium\" alt=\"\" \/>\t\t\t\t\t\t\n\t\t\t\t\t<\/div>\n\t\t\t\t\t\t\t\t\n<style scope=\"scope\">\n\n#image_435169449 {\n  width: 100%;\n}\n<\/style>\n\t<\/div>\n\t\n\n\n<\/div><\/div>\n<div class=\"col medium-6 small-12 large-6\"  ><div class=\"col-inner\"  >\n\n<h3>Kamelyalar<\/h3>\n<p>Firmam\u0131z taraf\u0131ndan,istenilen \u00f6l\u00e7\u00fc ve ebatlarda \u00fcretilerek m\u00fc\u015fterilerimizin hizmetine sunulmaktad\u0131r.<\/p>\n\n<\/div><\/div>\n\n<\/div>\n\n","protected":false},"excerpt":{"rendered":"","protected":false},"author":1,"featured_media":0,"parent":0,"menu_order":0,"comment_status":"closed","ping_status":"closed","template":"","meta":{"footnotes":""},"class_list":["post-408","page","type-page","status-publish","hentry"],"_links":{"self":[{"href":"https:\/\/www.kartalagac.com.tr\/tr\/wp-json\/wp\/v2\/pages\/408","targetHints":{"allow":["GET"]}}],"collection":[{"href":"https:\/\/www.kartalagac.com.tr\/tr\/wp-json\/wp\/v2\/pages"}],"about":[{"href":"https:\/\/www.kartalagac.com.tr\/tr\/wp-json\/wp\/v2\/types\/page"}],"author":[{"embeddable":true,"href":"https:\/\/www.kartalagac.com.tr\/tr\/wp-json\/wp\/v2\/users\/1"}],"replies":[{"embeddable":true,"href":"https:\/\/www.kartalagac.com.tr\/tr\/wp-json\/wp\/v2\/comments?post=408"}],"version-history":[{"count":0,"href":"https:\/\/www.kartalagac.com.tr\/tr\/wp-json\/wp\/v2\/pages\/408\/revisions"}],"wp:attachment":[{"href":"https:\/\/www.kartalagac.com.tr\/tr\/wp-json\/wp\/v2\/media?parent=408"}],"curies":[{"name":"wp","href":"https:\/\/api.w.org\/{rel}","templated":true}]}}