{"id":411,"date":"2019-07-28T17:19:09","date_gmt":"2019-07-28T14:19:09","guid":{"rendered":"http:\/\/kartalagac.com.tr\/tr\/?page_id=411"},"modified":"2019-07-28T18:34:11","modified_gmt":"2019-07-28T15:34:11","slug":"plywood-2","status":"publish","type":"page","link":"https:\/\/www.kartalagac.com.tr\/tr\/plywood-2\/","title":{"rendered":"Plywood"},"content":{"rendered":"\n<div class=\"container section-title-container\" ><h3 class=\"section-title section-title-bold\"><b><\/b><span class=\"section-title-main\" >Plywood<\/span><b><\/b><\/h3><\/div><!-- .section-title -->\n\n<div class=\"row\"  id=\"row-1780991300\">\n\n<div class=\"col medium-6 small-12 large-6\"  ><div class=\"col-inner\"  >\n\n\t<div class=\"img has-hover x md-x lg-x y md-y lg-y\" id=\"image_619675362\">\n\t\t\t\t\t\t\t\t<div class=\"img-inner dark\" >\n\t\t\t<img loading=\"lazy\" decoding=\"async\" width=\"680\" height=\"290\" src=\"https:\/\/www.kartalagac.com.tr\/tr\/wp-content\/uploads\/2019\/07\/REEEE.png\" class=\"attachment-medium size-medium\" alt=\"\" \/>\t\t\t\t\t\t\n\t\t\t\t\t<\/div>\n\t\t\t\t\t\t\t\t\n<style scope=\"scope\">\n\n#image_619675362 {\n  width: 100%;\n}\n<\/style>\n\t<\/div>\n\t\n\n\n<\/div><\/div>\n<div class=\"col medium-6 small-12 large-6\"  ><div class=\"col-inner\"  >\n\n<h3>Plywood<\/h3>\n<p>Plywood a\u011fa\u00e7 tabakalar\u0131ndan olu\u015fan bir paneldir.\u00c7ok iyi mekanik dayan\u0131kl\u0131l\u0131\u011fa sahip olmas\u0131na kar\u015f\u0131n hafif olan bir malzemedir.Katman say\u0131s\u0131 genelde tek say\u0131 olacak \u015fekilde \u00fcretilir.D\u0131\u015f katmanlar genellikle panelin uzun \u00f6l\u00e7\u00fcs\u00fcne paralel y\u00f6ndedir.Birbirini izleyen katmanlar birbirine dik olacak \u015fekilde yap\u0131\u015ft\u0131r\u0131l\u0131r.Bu \u00fcretim \u015fekli dayan\u0131m\u0131 artt\u0131ran vibrasyonla olu\u015facak \u015fok etkilere kar\u015f\u0131 koyan bir yap\u0131d\u0131r.<br \/>\u00a0<\/p>\n\n<\/div><\/div>\n\n<\/div>\n<p><strong><span style=\"color: #cc0000;\">PLYWOOD KULLANIM YERLER\u0130<\/span><\/strong><\/p>\n<table border=\"0\" width=\"100%\" cellspacing=\"0\" cellpadding=\"0\">\n<tbody>\n<tr>\n<td width=\"339\"><b><span style=\"color: #000000;\">\u0130N\u015eAAT \u0130\u015eLER\u0130NDE <\/span><\/b><\/td>\n<td><b>ULA\u015eTIRMA VE GEM\u0130 \u0130N\u015eAATINDA<\/b><\/td>\n<\/tr>\n<tr>\n<td width=\"339\">&lt; Kal\u0131p i\u015flerinde,<\/p>\n<p>&lt; \u0130skele platformlar\u0131nda,<\/p>\n<p>&lt; \u0130\u00e7 b\u00f6lme ve \u00e7at\u0131 kaplama i\u015flerinde,<\/p>\n<p>&lt; Zemin ve parke end\u00fcstrisinde,<\/p>\n<p>\u00a0<\/p>\n<p>\u00a0<\/p>\n<p>\u00a0<\/p>\n<\/td>\n<td>&lt; T\u0131r dorselerinin\u00a0 zemin ve yan cidarlar\u0131nda,<\/p>\n<p>&lt; Konteyn\u0131rlar\u0131n zeminlerinde,<\/p>\n<p>&lt; Vagonlar\u0131n zemin ve yan cidarlar\u0131nda,<\/p>\n<p>&lt; Hayvan ta\u015f\u0131ma ara\u00e7lar\u0131nda,<\/p>\n<p>&lt; Otob\u00fcslerde,<\/p>\n<p>&lt; Gemilerin kargo b\u00f6l\u00fcmlerinde,<\/p>\n<p>\u00a0<\/p>\n<\/td>\n<\/tr>\n<\/tbody>\n<\/table>\n<table border=\"0\" width=\"100%\">\n<tbody>\n<tr>\n<td width=\"339\"><span style=\"color: #000000;\"><b>MOB\u0130LYA \u0130\u015eLER\u0130NDE<\/b><\/span><\/td>\n<td>\u00a0<\/td>\n<\/tr>\n<tr>\n<td width=\"339\">&lt; Kap\u0131,<\/p>\n<p>&lt; Raf,<\/p>\n<p>&lt; Ah\u015fap sandalye ve masa yap\u0131m\u0131nda,<\/p>\n<p>&lt; Ofis mobilyalar\u0131nda<\/p>\n<p>\u00a0<\/p>\n<\/td>\n<td>\u00a0<\/td>\n<\/tr>\n<\/tbody>\n<\/table>\n\n","protected":false},"excerpt":{"rendered":"<p>PLYWOOD KULLANIM YERLER\u0130 \u0130N\u015eAAT \u0130\u015eLER\u0130NDE ULA\u015eTIRMA VE GEM\u0130 \u0130N\u015eAATINDA &lt; Kal\u0131p i\u015flerinde, &lt; \u0130skele platformlar\u0131nda, &lt; \u0130\u00e7 b\u00f6lme ve \u00e7at\u0131 kaplama i\u015flerinde, &lt; Zemin ve parke end\u00fcstrisinde, \u00a0 \u00a0 \u00a0 &lt; T\u0131r dorselerinin\u00a0 zemin ve yan cidarlar\u0131nda, &lt; Konteyn\u0131rlar\u0131n zeminlerinde, &lt; Vagonlar\u0131n zemin ve yan cidarlar\u0131nda, &lt; Hayvan ta\u015f\u0131ma ara\u00e7lar\u0131nda, &lt; Otob\u00fcslerde, &lt; Gemilerin kargo [&#8230;]\n","protected":false},"author":1,"featured_media":0,"parent":0,"menu_order":0,"comment_status":"closed","ping_status":"closed","template":"","meta":{"footnotes":""},"class_list":["post-411","page","type-page","status-publish","hentry"],"_links":{"self":[{"href":"https:\/\/www.kartalagac.com.tr\/tr\/wp-json\/wp\/v2\/pages\/411","targetHints":{"allow":["GET"]}}],"collection":[{"href":"https:\/\/www.kartalagac.com.tr\/tr\/wp-json\/wp\/v2\/pages"}],"about":[{"href":"https:\/\/www.kartalagac.com.tr\/tr\/wp-json\/wp\/v2\/types\/page"}],"author":[{"embeddable":true,"href":"https:\/\/www.kartalagac.com.tr\/tr\/wp-json\/wp\/v2\/users\/1"}],"replies":[{"embeddable":true,"href":"https:\/\/www.kartalagac.com.tr\/tr\/wp-json\/wp\/v2\/comments?post=411"}],"version-history":[{"count":0,"href":"https:\/\/www.kartalagac.com.tr\/tr\/wp-json\/wp\/v2\/pages\/411\/revisions"}],"wp:attachment":[{"href":"https:\/\/www.kartalagac.com.tr\/tr\/wp-json\/wp\/v2\/media?parent=411"}],"curies":[{"name":"wp","href":"https:\/\/api.w.org\/{rel}","templated":true}]}}