{"id":414,"date":"2019-07-28T17:24:45","date_gmt":"2019-07-28T14:24:45","guid":{"rendered":"http:\/\/kartalagac.com.tr\/tr\/?page_id=414"},"modified":"2019-07-28T18:36:58","modified_gmt":"2019-07-28T15:36:58","slug":"osb","status":"publish","type":"page","link":"https:\/\/www.kartalagac.com.tr\/tr\/osb\/","title":{"rendered":"Osb"},"content":{"rendered":"\n<div class=\"container section-title-container\" ><h3 class=\"section-title section-title-bold\"><b><\/b><span class=\"section-title-main\" >OSB<\/span><b><\/b><\/h3><\/div><!-- .section-title -->\n\n<div class=\"row\"  id=\"row-1603302000\">\n\n<div class=\"col medium-6 small-12 large-6\"  ><div class=\"col-inner\"  >\n\n\t<div class=\"img has-hover x md-x lg-x y md-y lg-y\" id=\"image_1266018417\">\n\t\t\t\t\t\t\t\t<div class=\"img-inner dark\" >\n\t\t\t<img loading=\"lazy\" decoding=\"async\" width=\"341\" height=\"290\" src=\"https:\/\/www.kartalagac.com.tr\/tr\/wp-content\/uploads\/2019\/07\/osb_1.png\" class=\"attachment-medium size-medium\" alt=\"\" \/>\t\t\t\t\t\t\n\t\t\t\t\t<\/div>\n\t\t\t\t\t\t\t\t\n<style scope=\"scope\">\n\n#image_1266018417 {\n  width: 100%;\n}\n<\/style>\n\t<\/div>\n\t\n\n\t<div class=\"img has-hover x md-x lg-x y md-y lg-y\" id=\"image_1815561760\">\n\t\t\t\t\t\t\t\t<div class=\"img-inner dark\" >\n\t\t\t<img loading=\"lazy\" decoding=\"async\" width=\"335\" height=\"290\" src=\"https:\/\/www.kartalagac.com.tr\/tr\/wp-content\/uploads\/2019\/07\/osb_.png\" class=\"attachment-medium size-medium\" alt=\"\" \/>\t\t\t\t\t\t\n\t\t\t\t\t<\/div>\n\t\t\t\t\t\t\t\t\n<style scope=\"scope\">\n\n#image_1815561760 {\n  width: 100%;\n}\n<\/style>\n\t<\/div>\n\t\n\n\n<\/div><\/div>\n<div class=\"col medium-6 small-12 large-6\"  ><div class=\"col-inner\"  >\n\n<h3>OSB<\/h3>\n<p>OSB Standart,En 300 standard\u0131n\u0131n \u015fartlar\u0131na uygun olarak \u00fcretilmektedir.Levhalar\u0131n teknik parametleri,kuru ortamda kullan\u0131lan ta\u015f\u0131y\u0131c\u0131 konstr\u00fcksiyon imalat\u0131na tamamen uygundur.<\/p>\n<p>\u00a0<\/p>\n<p><b><span style=\"color: #cc0000;\">OSB STANDART KULLANIM YERLER\u0130<\/span><\/b><\/p>\n<table border=\"0\" width=\"100%\" cellspacing=\"0\" cellpadding=\"0\">\n<tbody>\n<tr>\n<td>&lt; \u0130\u00e7 Mekan in\u015faatlar\u0131nda duvar ve zemin panelleri ile konstr\u00fcksiyonlar\u0131nda<\/p>\n<p>&lt; D\u00f6\u015femeli mobilya imalatlar\u0131n\u0131n ta\u015f\u0131y\u0131c\u0131 konstr\u00fcksiyonlar\u0131nda<\/p>\n<p>&lt; Dekoratif malzeme olarak<\/p>\n<p>&lt; Raf \u00fcretiminde<\/p>\n<p>&lt; Nakliye i\u00e7in ambalaj \u00fcretiminde ( likit nakliyesi hari\u00e7 )<\/p>\n<p>&lt; Nakliyede y\u00fck\u00fcn s\u0131k\u0131\u015ft\u0131r\u0131lmas\u0131 i\u00e7in<\/p>\n<\/td>\n<\/tr>\n<\/tbody>\n<\/table>\n<p>\u00a0<\/p>\n<p><span style=\"color: #e10c0c;\"><b>OSB PREMIUM<\/b><\/span><\/p>\n<p>OSB Premium, EN 300 standard\u0131n\u0131n \u015fartlar\u0131na uygun olarak \u00fcretilmektedir. Levhalar\u0131n teknik parametreleri, rutubetli ortamda kullan\u0131lan ta\u015f\u0131y\u0131c\u0131 konstr\u00fcksiyon imalat\u0131na tamamen uygundur. <\/p>\n<p><b><span style=\"color: #cc0000;\">OSB PREM\u0130UM KULLANIM YERLER\u0130<\/span><\/b><br \/>&#8211; Bina in\u015faatlar\u0131nda panel, taban, duvar ve kolon kal\u0131plar\u0131nda<br \/>&#8211; \u0130\u00e7 mekan imalatlar\u0131nda duvar panelleri, zemin panelleri ve konstr\u00fcksiyonlar\u0131nda<br \/>&#8211; Raf \u00fcretiminde <br \/>&#8211; Dekoratif malzeme olarak<br \/>&#8211; Demonte edilebilen prefabrik ah\u015fap evlerin yap\u0131m\u0131nda<br \/>&#8211; \u00c7at\u0131 kaplamalar\u0131 alt\u0131nda<br \/>&#8211; Ambalaj malzemesi olarak<br \/>&#8211; Otomotiv sanayinde<br \/>&#8211; Fuar stand imalatlar\u0131nda<\/p>\n\n<\/div><\/div>\n\n<\/div>\n\n","protected":false},"excerpt":{"rendered":"","protected":false},"author":1,"featured_media":0,"parent":0,"menu_order":0,"comment_status":"closed","ping_status":"closed","template":"","meta":{"footnotes":""},"class_list":["post-414","page","type-page","status-publish","hentry"],"_links":{"self":[{"href":"https:\/\/www.kartalagac.com.tr\/tr\/wp-json\/wp\/v2\/pages\/414","targetHints":{"allow":["GET"]}}],"collection":[{"href":"https:\/\/www.kartalagac.com.tr\/tr\/wp-json\/wp\/v2\/pages"}],"about":[{"href":"https:\/\/www.kartalagac.com.tr\/tr\/wp-json\/wp\/v2\/types\/page"}],"author":[{"embeddable":true,"href":"https:\/\/www.kartalagac.com.tr\/tr\/wp-json\/wp\/v2\/users\/1"}],"replies":[{"embeddable":true,"href":"https:\/\/www.kartalagac.com.tr\/tr\/wp-json\/wp\/v2\/comments?post=414"}],"version-history":[{"count":0,"href":"https:\/\/www.kartalagac.com.tr\/tr\/wp-json\/wp\/v2\/pages\/414\/revisions"}],"wp:attachment":[{"href":"https:\/\/www.kartalagac.com.tr\/tr\/wp-json\/wp\/v2\/media?parent=414"}],"curies":[{"name":"wp","href":"https:\/\/api.w.org\/{rel}","templated":true}]}}