{"id":417,"date":"2019-07-28T17:27:00","date_gmt":"2019-07-28T14:27:00","guid":{"rendered":"http:\/\/kartalagac.com.tr\/tr\/?page_id=417"},"modified":"2019-07-28T18:38:33","modified_gmt":"2019-07-28T15:38:33","slug":"onduline-hr","status":"publish","type":"page","link":"https:\/\/www.kartalagac.com.tr\/tr\/onduline-hr\/","title":{"rendered":"Onduline Hr"},"content":{"rendered":"\n<div class=\"container section-title-container\" ><h3 class=\"section-title section-title-bold\"><b><\/b><span class=\"section-title-main\" >Onduline hr<\/span><b><\/b><\/h3><\/div><!-- .section-title -->\n\n<div class=\"row\"  id=\"row-1075004378\">\n\n<div class=\"col medium-6 small-12 large-6\"  ><div class=\"col-inner\"  >\n\n\t<div class=\"img has-hover x md-x lg-x y md-y lg-y\" id=\"image_1303836938\">\n\t\t\t\t\t\t\t\t<div class=\"img-inner dark\" >\n\t\t\t<img loading=\"lazy\" decoding=\"async\" width=\"680\" height=\"268\" src=\"https:\/\/www.kartalagac.com.tr\/tr\/wp-content\/uploads\/2019\/07\/KERESTE9.png\" class=\"attachment-medium size-medium\" alt=\"\" \/>\t\t\t\t\t\t\n\t\t\t\t\t<\/div>\n\t\t\t\t\t\t\t\t\n<style scope=\"scope\">\n\n#image_1303836938 {\n  width: 100%;\n}\n<\/style>\n\t<\/div>\n\t\n\n\n<\/div><\/div>\n<div class=\"col medium-6 small-12 large-6\"  ><div class=\"col-inner\"  >\n\n<h3>Onduline HR<\/h3>\n<p>Ond\u00fcline Sistemi, \u00e7at\u0131lar\u0131n ana bile\u015feni Onduline HR \u00e7at\u0131 kaplama kevhas\u0131d\u0131r. \u201cHigh Resistance \u2013 Y\u00fcksek Dayan\u0131m\u201d tipi Onduline levhalar\u0131, bit\u00fcm emdirilmi\u015f organik elyafla \u00f6zel bir re\u00e7inenin bile\u015fiminden olu\u015fmaktad\u0131r. \u00d6zel bir y\u00f6ntemle levhan\u0131n b\u00fcnyesine re\u00e7ine ile birlikte emdirilen boya, Onduline HR renklerinin en zor ko\u015fullarda bile sabit kalmas\u0131n\u0131 sa\u011flar.<\/p>\n\n<\/div><\/div>\n\n<\/div>\n\t<div class=\"img has-hover x md-x lg-x y md-y lg-y\" id=\"image_496622135\">\n\t\t\t\t\t\t\t\t<div class=\"img-inner dark\" >\n\t\t\t<img loading=\"lazy\" decoding=\"async\" width=\"683\" height=\"264\" src=\"https:\/\/www.kartalagac.com.tr\/tr\/wp-content\/uploads\/2019\/07\/CFRT.png\" class=\"attachment-large size-large\" alt=\"\" \/>\t\t\t\t\t\t\n\t\t\t\t\t<\/div>\n\t\t\t\t\t\t\t\t\n<style scope=\"scope\">\n\n#image_496622135 {\n  width: 100%;\n}\n<\/style>\n\t<\/div>\n\t\n\n\t<div class=\"img has-hover x md-x lg-x y md-y lg-y\" id=\"image_1575784820\">\n\t\t\t\t\t\t\t\t<div class=\"img-inner dark\" >\n\t\t\t<img loading=\"lazy\" decoding=\"async\" width=\"683\" height=\"264\" src=\"https:\/\/www.kartalagac.com.tr\/tr\/wp-content\/uploads\/2019\/07\/NHHH.png\" class=\"attachment-large size-large\" alt=\"\" \/>\t\t\t\t\t\t\n\t\t\t\t\t<\/div>\n\t\t\t\t\t\t\t\t\n<style scope=\"scope\">\n\n#image_1575784820 {\n  width: 100%;\n}\n<\/style>\n\t<\/div>\n\t\n\n\n","protected":false},"excerpt":{"rendered":"","protected":false},"author":1,"featured_media":0,"parent":0,"menu_order":0,"comment_status":"closed","ping_status":"closed","template":"","meta":{"footnotes":""},"class_list":["post-417","page","type-page","status-publish","hentry"],"_links":{"self":[{"href":"https:\/\/www.kartalagac.com.tr\/tr\/wp-json\/wp\/v2\/pages\/417","targetHints":{"allow":["GET"]}}],"collection":[{"href":"https:\/\/www.kartalagac.com.tr\/tr\/wp-json\/wp\/v2\/pages"}],"about":[{"href":"https:\/\/www.kartalagac.com.tr\/tr\/wp-json\/wp\/v2\/types\/page"}],"author":[{"embeddable":true,"href":"https:\/\/www.kartalagac.com.tr\/tr\/wp-json\/wp\/v2\/users\/1"}],"replies":[{"embeddable":true,"href":"https:\/\/www.kartalagac.com.tr\/tr\/wp-json\/wp\/v2\/comments?post=417"}],"version-history":[{"count":0,"href":"https:\/\/www.kartalagac.com.tr\/tr\/wp-json\/wp\/v2\/pages\/417\/revisions"}],"wp:attachment":[{"href":"https:\/\/www.kartalagac.com.tr\/tr\/wp-json\/wp\/v2\/media?parent=417"}],"curies":[{"name":"wp","href":"https:\/\/api.w.org\/{rel}","templated":true}]}}