{"id":422,"date":"2019-07-28T17:40:51","date_gmt":"2019-07-28T14:40:51","guid":{"rendered":"http:\/\/kartalagac.com.tr\/tr\/?page_id=422"},"modified":"2019-07-28T18:39:45","modified_gmt":"2019-07-28T15:39:45","slug":"membran","status":"publish","type":"page","link":"https:\/\/www.kartalagac.com.tr\/tr\/membran\/","title":{"rendered":"Membran"},"content":{"rendered":"\n<div class=\"container section-title-container\" ><h3 class=\"section-title section-title-bold\"><b><\/b><span class=\"section-title-main\" >Membran<\/span><b><\/b><\/h3><\/div><!-- .section-title -->\n\n<div class=\"row\"  id=\"row-1959251548\">\n\n<div class=\"col medium-6 small-12 large-6\"  ><div class=\"col-inner\"  >\n\n\t<div class=\"img has-hover x md-x lg-x y md-y lg-y\" id=\"image_336040537\">\n\t\t\t\t\t\t\t\t<div class=\"img-inner dark\" >\n\t\t\t<img loading=\"lazy\" decoding=\"async\" width=\"680\" height=\"268\" src=\"https:\/\/www.kartalagac.com.tr\/tr\/wp-content\/uploads\/2019\/07\/KERESTE5.png\" class=\"attachment-medium size-medium\" alt=\"\" \/>\t\t\t\t\t\t\n\t\t\t\t\t<\/div>\n\t\t\t\t\t\t\t\t\n<style scope=\"scope\">\n\n#image_336040537 {\n  width: 100%;\n}\n<\/style>\n\t<\/div>\n\t\n\n\n<\/div><\/div>\n<div class=\"col medium-6 small-12 large-6\"  ><div class=\"col-inner\"  >\n\n<h3>MEMBRAN<\/h3>\n<p>Polyester ke\u00e7e ta\u015f\u0131y\u0131c\u0131s\u0131n\u0131n modifiye bit\u00fcmle doyurulmas\u0131 sonucunda elde edilir. Yal\u0131t\u0131m membranlar\u0131 bir y\u00fcz\u00fc polietilen, di\u011fer y\u00fcz\u00fc arduvaz ta\u015f\u0131, al\u00fcminyum ve polietilen film lamine edilerek \u00fcretilmektedir. Teras, temel uygulamalar\u0131 ve t\u00fcm su yal\u0131t\u0131m detaylar\u0131nda uygulanabilir. PP katk\u0131lar\u0131n\u0131n bit\u00fcme kazand\u0131rd\u0131\u011f\u0131 d\u00fc\u015f\u00fck s\u0131cakl\u0131kta b\u00fck\u00fclme ve esneklik de\u011ferlerini, yap\u0131 \u00f6mr\u00fc boyunca muhafaza eder.<\/p>\n\n<\/div><\/div>\n\n<\/div>\n\t<div class=\"img has-hover x md-x lg-x y md-y lg-y\" id=\"image_594559633\">\n\t\t\t\t\t\t\t\t<div class=\"img-inner dark\" >\n\t\t\t<img loading=\"lazy\" decoding=\"async\" width=\"683\" height=\"154\" src=\"https:\/\/www.kartalagac.com.tr\/tr\/wp-content\/uploads\/2019\/07\/HYYYYY.png\" class=\"attachment-large size-large\" alt=\"\" \/>\t\t\t\t\t\t\n\t\t\t\t\t<\/div>\n\t\t\t\t\t\t\t\t\n<style scope=\"scope\">\n\n#image_594559633 {\n  width: 100%;\n}\n<\/style>\n\t<\/div>\n\t\n\n\n","protected":false},"excerpt":{"rendered":"","protected":false},"author":1,"featured_media":0,"parent":0,"menu_order":0,"comment_status":"closed","ping_status":"closed","template":"","meta":{"footnotes":""},"class_list":["post-422","page","type-page","status-publish","hentry"],"_links":{"self":[{"href":"https:\/\/www.kartalagac.com.tr\/tr\/wp-json\/wp\/v2\/pages\/422","targetHints":{"allow":["GET"]}}],"collection":[{"href":"https:\/\/www.kartalagac.com.tr\/tr\/wp-json\/wp\/v2\/pages"}],"about":[{"href":"https:\/\/www.kartalagac.com.tr\/tr\/wp-json\/wp\/v2\/types\/page"}],"author":[{"embeddable":true,"href":"https:\/\/www.kartalagac.com.tr\/tr\/wp-json\/wp\/v2\/users\/1"}],"replies":[{"embeddable":true,"href":"https:\/\/www.kartalagac.com.tr\/tr\/wp-json\/wp\/v2\/comments?post=422"}],"version-history":[{"count":0,"href":"https:\/\/www.kartalagac.com.tr\/tr\/wp-json\/wp\/v2\/pages\/422\/revisions"}],"wp:attachment":[{"href":"https:\/\/www.kartalagac.com.tr\/tr\/wp-json\/wp\/v2\/media?parent=422"}],"curies":[{"name":"wp","href":"https:\/\/api.w.org\/{rel}","templated":true}]}}