{"id":427,"date":"2019-07-28T17:43:15","date_gmt":"2019-07-28T14:43:15","guid":{"rendered":"http:\/\/kartalagac.com.tr\/tr\/?page_id=427"},"modified":"2021-09-23T12:01:06","modified_gmt":"2021-09-23T09:01:06","slug":"strafor","status":"publish","type":"page","link":"https:\/\/www.kartalagac.com.tr\/tr\/strafor\/","title":{"rendered":"Strafor"},"content":{"rendered":"\n<div class=\"container section-title-container\" ><h3 class=\"section-title section-title-bold\"><b><\/b><span class=\"section-title-main\" >Strafor<\/span><b><\/b><\/h3><\/div><!-- .section-title -->\n\n<div class=\"row\"  id=\"row-1512900522\">\n\n<div class=\"col medium-6 small-12 large-6\"  ><div class=\"col-inner\"  >\n\n\t<div class=\"img has-hover x md-x lg-x y md-y lg-y\" id=\"image_2030935707\">\n\t\t\t\t\t\t\t\t<div class=\"img-inner dark\" >\n\t\t\t<img loading=\"lazy\" decoding=\"async\" width=\"680\" height=\"268\" src=\"https:\/\/www.kartalagac.com.tr\/tr\/wp-content\/uploads\/2019\/07\/KERESTE6.png\" class=\"attachment-medium size-medium\" alt=\"\" \/>\t\t\t\t\t\t\n\t\t\t\t\t<\/div>\n\t\t\t\t\t\t\t\t\n<style scope=\"scope\">\n\n#image_2030935707 {\n  width: 100%;\n}\n<\/style>\n\t<\/div>\n\t\n\n\n<\/div><\/div>\n<div class=\"col medium-6 small-12 large-6\"  ><div class=\"col-inner\"  >\n\n<h3>STRAFOR<\/h3>\n<p>Expanded Polistiren Sert K\u00f6p\u00fck Strafor(EPS), b\u00fcnyesinde bulunan \u00e7ok say\u0131da (1 m\u00b3 EPS Strafor da 3-6 milyar) k\u00fc\u00e7\u00fcc\u00fck kapal\u0131 g\u00f6zenekli h\u00fccrelerinde durgun hava hapsolmas\u0131yla m\u00fckemmel \u0131s\u0131 yal\u0131t\u0131m\u0131 sa\u011flayan, \u00e7ok hafif bir malzemedir. D\u00fcnyada mevcut \u0131s\u0131 yal\u0131t\u0131m\u0131 sa\u011flayan birka\u00e7 malzemeden biri olan EPS (Strafor), \u00f6teki malzemelerden \u00e7ok daha ekonomik olan tek malzemedir.<\/p>\n\n<\/div><\/div>\n\n<\/div>\n<table width=\"676\">\n<tbody>\n<tr>\n<td width=\"374\">Y\u00fcksek \u0131s\u0131 yal\u0131t\u0131m\u0131 sa\u011flar<\/td>\n<td width=\"64\"><strong>Levha<\/strong><\/td>\n<td width=\"65\">\u00a0<\/td>\n<td width=\"72\"><strong>\u00d6l\u00e7\u00fc (mm)<\/strong><\/td>\n<td width=\"37\"><strong>Adet<\/strong><\/td>\n<td width=\"64\">m2<\/td>\n<\/tr>\n<tr>\n<td>En ekonomik yal\u0131t\u0131m malzemesidir<\/td>\n<td>1 cm<\/td>\n<td>1 pakette<\/td>\n<td>50X100<\/td>\n<td>50<\/td>\n<td>25<\/td>\n<\/tr>\n<tr>\n<td>\u00dcst\u00fcn teknik \u00f6zelliklere sahiptir<\/td>\n<td>2 cm<\/td>\n<td>1 pakette<\/td>\n<td>50X100<\/td>\n<td>25<\/td>\n<td>12,5<\/td>\n<\/tr>\n<tr>\n<td>Kapal\u0131 g\u00f6zenekli oldu\u011fu i\u00e7in \u0131slanmaz yal\u0131t\u0131m\u0131 s\u00fcrekli yapar<\/td>\n<td>3 cm<\/td>\n<td>1 pakette<\/td>\n<td>50X100<\/td>\n<td>16<\/td>\n<td>8<\/td>\n<\/tr>\n<tr>\n<td>Kal\u0131nl\u0131\u011f\u0131 zamanla incelmez sabit kal\u0131r sonsuz \u00f6m\u00fcrl\u00fcd\u00fcr<\/td>\n<td>4 cm<\/td>\n<td>1 pakette<\/td>\n<td>50X100<\/td>\n<td>12<\/td>\n<td>6<\/td>\n<\/tr>\n<tr>\n<td>\u00c7ok hafiftir kolay ta\u015f\u0131n\u0131r kolay uygulan\u0131r<\/td>\n<td>5 cm<\/td>\n<td>1 pakette<\/td>\n<td>50X100<\/td>\n<td>10<\/td>\n<td>5<\/td>\n<\/tr>\n<tr>\n<td>Ozon tabakas\u0131na zarar verici gazlar i\u00e7ermez \u00e7evre dostudur<\/td>\n<td>\u00a0<\/td>\n<td>\u00a0<\/td>\n<td>\u00a0<\/td>\n<td>\u00a0<\/td>\n<td>\u00a0<\/td>\n<\/tr>\n<\/tbody>\n<\/table>\n\t<div class=\"img has-hover x md-x lg-x y md-y lg-y\" id=\"image_1961636471\">\n\t\t\t\t\t\t\t\t<div class=\"img-inner dark\" >\n\t\t\t<img loading=\"lazy\" decoding=\"async\" width=\"683\" height=\"404\" src=\"https:\/\/www.kartalagac.com.tr\/tr\/wp-content\/uploads\/2019\/07\/cds.png\" class=\"attachment-large size-large\" alt=\"\" srcset=\"https:\/\/www.kartalagac.com.tr\/tr\/wp-content\/uploads\/2019\/07\/cds.png 683w, https:\/\/www.kartalagac.com.tr\/tr\/wp-content\/uploads\/2019\/07\/cds-676x400.png 676w\" sizes=\"auto, (max-width: 683px) 100vw, 683px\" \/>\t\t\t\t\t\t\n\t\t\t\t\t<\/div>\n\t\t\t\t\t\t\t\t\n<style scope=\"scope\">\n\n#image_1961636471 {\n  width: 100%;\n}\n<\/style>\n\t<\/div>\n\t\n\n\n","protected":false},"excerpt":{"rendered":"<p>Y\u00fcksek \u0131s\u0131 yal\u0131t\u0131m\u0131 sa\u011flar Levha \u00a0 \u00d6l\u00e7\u00fc (mm) Adet m2 En ekonomik yal\u0131t\u0131m malzemesidir 1 cm 1 pakette 50X100 50 25 \u00dcst\u00fcn teknik \u00f6zelliklere sahiptir 2 cm 1 pakette 50X100 25 12,5 Kapal\u0131 g\u00f6zenekli oldu\u011fu i\u00e7in \u0131slanmaz yal\u0131t\u0131m\u0131 s\u00fcrekli yapar 3 cm 1 pakette 50X100 16 8 Kal\u0131nl\u0131\u011f\u0131 zamanla incelmez sabit kal\u0131r sonsuz \u00f6m\u00fcrl\u00fcd\u00fcr 4 [&#8230;]\n","protected":false},"author":1,"featured_media":0,"parent":0,"menu_order":0,"comment_status":"closed","ping_status":"closed","template":"","meta":{"footnotes":""},"class_list":["post-427","page","type-page","status-publish","hentry"],"_links":{"self":[{"href":"https:\/\/www.kartalagac.com.tr\/tr\/wp-json\/wp\/v2\/pages\/427","targetHints":{"allow":["GET"]}}],"collection":[{"href":"https:\/\/www.kartalagac.com.tr\/tr\/wp-json\/wp\/v2\/pages"}],"about":[{"href":"https:\/\/www.kartalagac.com.tr\/tr\/wp-json\/wp\/v2\/types\/page"}],"author":[{"embeddable":true,"href":"https:\/\/www.kartalagac.com.tr\/tr\/wp-json\/wp\/v2\/users\/1"}],"replies":[{"embeddable":true,"href":"https:\/\/www.kartalagac.com.tr\/tr\/wp-json\/wp\/v2\/comments?post=427"}],"version-history":[{"count":2,"href":"https:\/\/www.kartalagac.com.tr\/tr\/wp-json\/wp\/v2\/pages\/427\/revisions"}],"predecessor-version":[{"id":676,"href":"https:\/\/www.kartalagac.com.tr\/tr\/wp-json\/wp\/v2\/pages\/427\/revisions\/676"}],"wp:attachment":[{"href":"https:\/\/www.kartalagac.com.tr\/tr\/wp-json\/wp\/v2\/media?parent=427"}],"curies":[{"name":"wp","href":"https:\/\/api.w.org\/{rel}","templated":true}]}}