{"id":432,"date":"2019-07-28T17:46:27","date_gmt":"2019-07-28T14:46:27","guid":{"rendered":"http:\/\/kartalagac.com.tr\/tr\/?page_id=432"},"modified":"2019-07-28T17:47:23","modified_gmt":"2019-07-28T14:47:23","slug":"cam-yunu-tas-yunu","status":"publish","type":"page","link":"https:\/\/www.kartalagac.com.tr\/tr\/cam-yunu-tas-yunu\/","title":{"rendered":"Cam Y\u00fcn\u00fc &#8211; Ta\u015f Y\u00fcn\u00fc"},"content":{"rendered":"\n<div class=\"container section-title-container\" ><h3 class=\"section-title section-title-bold\"><b><\/b><span class=\"section-title-main\" >Cam Y\u00fcn\u00fc - Ta\u015f Y\u00fcn\u00fc<\/span><b><\/b><\/h3><\/div><!-- .section-title -->\n\n\t<div class=\"img has-hover x md-x lg-x y md-y lg-y\" id=\"image_184726559\">\n\t\t\t\t\t\t\t\t<div class=\"img-inner dark\" >\n\t\t\t<img loading=\"lazy\" decoding=\"async\" width=\"683\" height=\"404\" src=\"https:\/\/www.kartalagac.com.tr\/tr\/wp-content\/uploads\/2019\/07\/cdsrt.png\" class=\"attachment-large size-large\" alt=\"\" srcset=\"https:\/\/www.kartalagac.com.tr\/tr\/wp-content\/uploads\/2019\/07\/cdsrt.png 683w, https:\/\/www.kartalagac.com.tr\/tr\/wp-content\/uploads\/2019\/07\/cdsrt-676x400.png 676w\" sizes=\"auto, (max-width: 683px) 100vw, 683px\" \/>\t\t\t\t\t\t\n\t\t\t\t\t<\/div>\n\t\t\t\t\t\t\t\t\n<style scope=\"scope\">\n\n#image_184726559 {\n  width: 100%;\n}\n<\/style>\n\t<\/div>\n\t\n\n\n","protected":false},"excerpt":{"rendered":"","protected":false},"author":1,"featured_media":0,"parent":0,"menu_order":0,"comment_status":"closed","ping_status":"closed","template":"","meta":{"footnotes":""},"class_list":["post-432","page","type-page","status-publish","hentry"],"_links":{"self":[{"href":"https:\/\/www.kartalagac.com.tr\/tr\/wp-json\/wp\/v2\/pages\/432","targetHints":{"allow":["GET"]}}],"collection":[{"href":"https:\/\/www.kartalagac.com.tr\/tr\/wp-json\/wp\/v2\/pages"}],"about":[{"href":"https:\/\/www.kartalagac.com.tr\/tr\/wp-json\/wp\/v2\/types\/page"}],"author":[{"embeddable":true,"href":"https:\/\/www.kartalagac.com.tr\/tr\/wp-json\/wp\/v2\/users\/1"}],"replies":[{"embeddable":true,"href":"https:\/\/www.kartalagac.com.tr\/tr\/wp-json\/wp\/v2\/comments?post=432"}],"version-history":[{"count":0,"href":"https:\/\/www.kartalagac.com.tr\/tr\/wp-json\/wp\/v2\/pages\/432\/revisions"}],"wp:attachment":[{"href":"https:\/\/www.kartalagac.com.tr\/tr\/wp-json\/wp\/v2\/media?parent=432"}],"curies":[{"name":"wp","href":"https:\/\/api.w.org\/{rel}","templated":true}]}}