{"id":436,"date":"2019-07-28T17:48:04","date_gmt":"2019-07-28T14:48:04","guid":{"rendered":"http:\/\/kartalagac.com.tr\/tr\/?page_id=436"},"modified":"2019-07-28T18:42:25","modified_gmt":"2019-07-28T15:42:25","slug":"ahsap-boya-ve-emprenye","status":"publish","type":"page","link":"https:\/\/www.kartalagac.com.tr\/tr\/ahsap-boya-ve-emprenye\/","title":{"rendered":"Ah\u015fap Boya ve Emprenye"},"content":{"rendered":"\n<div class=\"container section-title-container\" ><h3 class=\"section-title section-title-bold\"><b><\/b><span class=\"section-title-main\" >Ah\u015fap Boya ve Emprenye<\/span><b><\/b><\/h3><\/div><!-- .section-title -->\n\n<div class=\"row\"  id=\"row-1869345556\">\n\n<div class=\"col medium-6 small-12 large-6\"  ><div class=\"col-inner\"  >\n\n\t<div class=\"img has-hover x md-x lg-x y md-y lg-y\" id=\"image_3534186\">\n\t\t\t\t\t\t\t\t<div class=\"img-inner dark\" >\n\t\t\t<img loading=\"lazy\" decoding=\"async\" width=\"680\" height=\"268\" src=\"https:\/\/www.kartalagac.com.tr\/tr\/wp-content\/uploads\/2019\/07\/KERESTE14.png\" class=\"attachment-medium size-medium\" alt=\"\" \/>\t\t\t\t\t\t\n\t\t\t\t\t<\/div>\n\t\t\t\t\t\t\t\t\n<style scope=\"scope\">\n\n#image_3534186 {\n  width: 100%;\n}\n<\/style>\n\t<\/div>\n\t\n\n\n<\/div><\/div>\n<div class=\"col medium-6 small-12 large-6\"  ><div class=\"col-inner\"  >\n\n<h3>Ah\u015fap Boya ve Emprenye<\/h3>\n<p><b><span style=\"color: #e10c0c;\">Hickson Decor Plus \u0130deal \u00c7\u00f6z\u00fcm.<\/span><\/b><br \/>\u015eimdi, ah\u015fap y\u00fczeyleri her t\u00fcrl\u00fc k\u00f6t\u00fc hava ko\u015fuluna kar\u015f\u0131 koruyacak yepyeni bir boya var. Hickson Decor, evinizdeki, bah\u00e7enizdeki, binan\u0131zdaki ah\u015fap y\u00fczeylerin korunmas\u0131 ve g\u00fczelli\u011fi i\u00e7in en ideal \u00e7\u00f6z\u00fcm.<\/p>\n<p>\u00a0<\/p>\n\n<\/div><\/div>\n\n<\/div>\n<p><b>Hickson Decor . Boya ve ah\u015fab\u0131n iki b\u00fcy\u00fck d\u00fc\u015fman\u0131na kar\u015f\u0131 m\u00fckemmel koruyucu!<\/b><br \/>Ultraviyole \u0131\u015f\u0131nlar\u0131 ve nem, boyan\u0131n ve ah\u015fab\u0131n \u00f6mr\u00fcn\u00fc k\u0131saltan iki b\u00fcy\u00fck d\u00fc\u015fmand\u0131r. Hickson Decor, ultraviyole \u0131\u015f\u0131nlar\u0131na kar\u015f\u0131 daha da g\u00fc\u00e7lendirilmi\u015f form\u00fcl\u00fcyle, her t\u00fcrl\u00fc ah\u015fap y\u00fczey i\u00e7in y\u00fcksek etkili koruma sunar. Hickson Decor , mikro g\u00f6zeneklidir. Nefes al\u0131r, ah\u015faba nefes ald\u0131r\u0131r. Su ge\u00e7irmez. \u0130\u00e7indeki nemi d\u0131\u015far\u0131 verir, su tutmaz. Hickson Decor, i\u00e7indeki \u00f6zel katk\u0131 maddeleri sayesinde, alt\u0131ndaki ah\u015fab\u0131 y\u0131llarca solmadan, pullan\u0131p d\u00f6k\u00fclmeden, \u00e7atlamadan, y\u00fczey k\u00fcf\u00fc ve lekelenmelere kar\u015f\u0131 korur. \u00d6zel pigmentleri, ultraviyole \u0131\u015f\u0131nlar\u0131n\u0131n ah\u015fap \u00fczerindeki zararl\u0131 etkilerini \u00f6nler.<\/p>\n<p><b>AH\u015eAP KORUYUCULARINDA YEN\u0130 NES\u0130L TEK SE\u00c7ENEK<\/b><br \/>\u2022 Mantara ba\u011fl\u0131 \u00e7\u00fcr\u00fcme, b\u00f6cek ve termit sald\u0131r\u0131lar\u0131na kar\u015f\u0131 koruyucu<br \/>\u2022 Dayan\u0131kl\u0131 <br \/>\u2022 Korozyona neden olmaz<\/p>\n<p>Tanalith E, krom ve arsenik i\u00e7ermeyen vakum-bas\u0131n\u00e7 sistemiyle uygulanan yeni nesil, tek se\u00e7enek emprenye maddesidir. Avrupa ve ABD\u2019de y\u00f6netmeliklerin krom ve arsenik kullan\u0131m\u0131na y\u00f6nelik getirdi\u011fi k\u0131s\u0131tlamalara ba\u011fl\u0131 olarak geli\u015ftirilen Tanalith E, ah\u015fap end\u00fcstrisi ve kullan\u0131c\u0131lar\u0131n t\u00fcm beklentilerini kar\u015f\u0131layan, ba\u011f\u0131ms\u0131z kurulu\u015flar ve \u00fcniversiteler taraf\u0131ndan uzun y\u0131llar s\u00fcren arazi ve laboratuvar testleri sonunda etkinli\u011fi kan\u0131tlanm\u0131\u015f, metal aksamda korozyona neden olmayan tek emprenye maddesidir. \u00c7ok k\u0131sa s\u00fcrede d\u00fcnyada ah\u015fap sekt\u00f6r\u00fcnde pazar lideri haline gelmi\u015ftir. ABD, Avrupa \u00fclkeleri,Avustralya,Japonya vb. \u00fclkelerden onay belgelerine sahiptir.<\/p>\n<p>\u00c7evre ve insan dostu bir emprenye maddesi olan Tanalith E\u2019nin form\u00fcl\u00fcnde insan ve \u00e7evre sa\u011fl\u0131\u011f\u0131na hi\u00e7 zarar\u0131 olmayan azol bile\u015fikleri bulunmaktad\u0131r. Tanalith E kokusuzdur.Emprenye i\u015flemi sonucunda ah\u015fab\u0131n son boyutlar\u0131nda bir de\u011fi\u015fiklik meydana gelmez ve montajda kullan\u0131lan metal ba\u011flant\u0131 elemanlar\u0131nda paslanmaya sebep olmaz. Emprenye i\u015fleminden sonra ah\u015faplarda a\u00e7\u0131k ye\u015fil renk elde edilir. Ultraviyole \u0131\u015f\u0131nlar\u0131n\u0131n etkisiyle rengi bir s\u00fcre sonra bal rengine d\u00f6n\u00fc\u015f\u00fcr<\/p>\n\n","protected":false},"excerpt":{"rendered":"<p>Hickson Decor . Boya ve ah\u015fab\u0131n iki b\u00fcy\u00fck d\u00fc\u015fman\u0131na kar\u015f\u0131 m\u00fckemmel koruyucu!Ultraviyole \u0131\u015f\u0131nlar\u0131 ve nem, boyan\u0131n ve ah\u015fab\u0131n \u00f6mr\u00fcn\u00fc k\u0131saltan iki b\u00fcy\u00fck d\u00fc\u015fmand\u0131r. Hickson Decor, ultraviyole \u0131\u015f\u0131nlar\u0131na kar\u015f\u0131 daha da g\u00fc\u00e7lendirilmi\u015f form\u00fcl\u00fcyle, her t\u00fcrl\u00fc ah\u015fap y\u00fczey i\u00e7in y\u00fcksek etkili koruma sunar. Hickson Decor , mikro g\u00f6zeneklidir. Nefes al\u0131r, ah\u015faba nefes ald\u0131r\u0131r. Su ge\u00e7irmez. \u0130\u00e7indeki nemi [&#8230;]\n","protected":false},"author":1,"featured_media":0,"parent":0,"menu_order":0,"comment_status":"closed","ping_status":"closed","template":"","meta":{"footnotes":""},"class_list":["post-436","page","type-page","status-publish","hentry"],"_links":{"self":[{"href":"https:\/\/www.kartalagac.com.tr\/tr\/wp-json\/wp\/v2\/pages\/436","targetHints":{"allow":["GET"]}}],"collection":[{"href":"https:\/\/www.kartalagac.com.tr\/tr\/wp-json\/wp\/v2\/pages"}],"about":[{"href":"https:\/\/www.kartalagac.com.tr\/tr\/wp-json\/wp\/v2\/types\/page"}],"author":[{"embeddable":true,"href":"https:\/\/www.kartalagac.com.tr\/tr\/wp-json\/wp\/v2\/users\/1"}],"replies":[{"embeddable":true,"href":"https:\/\/www.kartalagac.com.tr\/tr\/wp-json\/wp\/v2\/comments?post=436"}],"version-history":[{"count":0,"href":"https:\/\/www.kartalagac.com.tr\/tr\/wp-json\/wp\/v2\/pages\/436\/revisions"}],"wp:attachment":[{"href":"https:\/\/www.kartalagac.com.tr\/tr\/wp-json\/wp\/v2\/media?parent=436"}],"curies":[{"name":"wp","href":"https:\/\/api.w.org\/{rel}","templated":true}]}}