{"id":439,"date":"2019-07-28T17:50:02","date_gmt":"2019-07-28T14:50:02","guid":{"rendered":"http:\/\/kartalagac.com.tr\/tr\/?page_id=439"},"modified":"2019-07-28T18:45:03","modified_gmt":"2019-07-28T15:45:03","slug":"betopan","status":"publish","type":"page","link":"https:\/\/www.kartalagac.com.tr\/tr\/betopan\/","title":{"rendered":"Betopan"},"content":{"rendered":"\n<div class=\"container section-title-container\" ><h3 class=\"section-title section-title-bold\"><b><\/b><span class=\"section-title-main\" >Betopan<\/span><b><\/b><\/h3><\/div><!-- .section-title -->\n\n<div class=\"row\"  id=\"row-1432717263\">\n\n<div class=\"col medium-6 small-12 large-6\"  ><div class=\"col-inner\"  >\n\n\t<div class=\"img has-hover x md-x lg-x y md-y lg-y\" id=\"image_1023768935\">\n\t\t\t\t\t\t\t\t<div class=\"img-inner dark\" >\n\t\t\t<img loading=\"lazy\" decoding=\"async\" width=\"342\" height=\"290\" src=\"https:\/\/www.kartalagac.com.tr\/tr\/wp-content\/uploads\/2019\/07\/betopan_.png\" class=\"attachment-medium size-medium\" alt=\"\" \/>\t\t\t\t\t\t\n\t\t\t\t\t<\/div>\n\t\t\t\t\t\t\t\t\n<style scope=\"scope\">\n\n#image_1023768935 {\n  width: 100%;\n}\n<\/style>\n\t<\/div>\n\t\n\n\t<div class=\"img has-hover x md-x lg-x y md-y lg-y\" id=\"image_1220769750\">\n\t\t\t\t\t\t\t\t<div class=\"img-inner dark\" >\n\t\t\t<img loading=\"lazy\" decoding=\"async\" width=\"335\" height=\"290\" src=\"https:\/\/www.kartalagac.com.tr\/tr\/wp-content\/uploads\/2019\/07\/betopan.png\" class=\"attachment-medium size-medium\" alt=\"\" \/>\t\t\t\t\t\t\n\t\t\t\t\t<\/div>\n\t\t\t\t\t\t\t\t\n<style scope=\"scope\">\n\n#image_1220769750 {\n  width: 100%;\n}\n<\/style>\n\t<\/div>\n\t\n\n\n<\/div><\/div>\n<div class=\"col medium-6 small-12 large-6\"  ><div class=\"col-inner\"  >\n\n<h3>Betopan<\/h3>\n<p><b>UYGULAMA ALANLARI<\/b><\/p>\n<p>\u00a0<\/p>\n<table border=\"0\" width=\"100%\">\n<tbody>\n<tr>\n<td width=\"334\"><span style=\"color: #e10c0c;\"><b>S\u00f6k\u00fclebilir Yap\u0131larda<\/b><\/span><\/td>\n<td><b><span style=\"color: #e10c0c;\">Sanayi Tesislerinde<\/span><\/b><\/td>\n<\/tr>\n<tr>\n<td width=\"334\">&lt; \u015eantiye binalar\u0131<\/p>\n<p>&lt; Ambarlar,yemekhaneler<\/p>\n<p>&lt; Acil iskan konutlar\u0131<\/p>\n<\/td>\n<td>&lt; \u0130\u00e7 b\u00f6lme,\u0130\u00e7 kaplama<\/p>\n<p>&lt; Yang\u0131n ve ses yal\u0131t\u0131m\u0131<\/p>\n<p>&lt; Asma kat d\u00f6\u015feme kaplamas\u0131<\/p>\n<\/td>\n<\/tr>\n<tr>\n<td width=\"334\">\u00a0<\/td>\n<td>\u00a0<\/td>\n<\/tr>\n<tr>\n<td width=\"334\"><span style=\"color: #e10c0c;\"><b>D\u0131\u015f Mekanlarda<\/b><\/span><\/td>\n<td><b><span style=\"color: #e10c0c;\">\u0130\u00e7 Mekanlarda<\/span><\/b><\/td>\n<\/tr>\n<tr>\n<td width=\"334\">&lt; Yal\u0131 bask\u0131<\/p>\n<p>&lt; Sa\u00e7ak alt\u0131 &#8211; Sa\u00e7ak aln\u0131<\/p>\n<p>&lt; Lambal\u0131 cephe giydirme<\/p>\n<p>&lt; D\u0131\u015f cephe levha giydirme<\/p>\n<p>&lt; Komple d\u0131\u015f duvar<\/p>\n<p>\u00a0<\/p>\n<\/td>\n<td>&lt; \u0130\u00e7 b\u00f6lme<\/p>\n<p>&lt; Al\u00e7\u0131pen b\u00f6lme duvarlar\u0131nda,darbelerden koruma ama\u00e7l\u0131 alt(100cm) b\u00f6\u00fcm<\/p>\n<p>&lt; Islak hacim<\/p>\n<p>&lt; Kiremit alt\u0131 kaplama<\/p>\n<p>&lt; Zemin ile temasl\u0131 d\u00f6\u015femelerin kaplamalar\u0131<\/p>\n<\/td>\n<\/tr>\n<\/tbody>\n<\/table>\n\n<\/div><\/div>\n\n<\/div>\n\n","protected":false},"excerpt":{"rendered":"","protected":false},"author":1,"featured_media":0,"parent":0,"menu_order":0,"comment_status":"closed","ping_status":"closed","template":"","meta":{"footnotes":""},"class_list":["post-439","page","type-page","status-publish","hentry"],"_links":{"self":[{"href":"https:\/\/www.kartalagac.com.tr\/tr\/wp-json\/wp\/v2\/pages\/439","targetHints":{"allow":["GET"]}}],"collection":[{"href":"https:\/\/www.kartalagac.com.tr\/tr\/wp-json\/wp\/v2\/pages"}],"about":[{"href":"https:\/\/www.kartalagac.com.tr\/tr\/wp-json\/wp\/v2\/types\/page"}],"author":[{"embeddable":true,"href":"https:\/\/www.kartalagac.com.tr\/tr\/wp-json\/wp\/v2\/users\/1"}],"replies":[{"embeddable":true,"href":"https:\/\/www.kartalagac.com.tr\/tr\/wp-json\/wp\/v2\/comments?post=439"}],"version-history":[{"count":0,"href":"https:\/\/www.kartalagac.com.tr\/tr\/wp-json\/wp\/v2\/pages\/439\/revisions"}],"wp:attachment":[{"href":"https:\/\/www.kartalagac.com.tr\/tr\/wp-json\/wp\/v2\/media?parent=439"}],"curies":[{"name":"wp","href":"https:\/\/api.w.org\/{rel}","templated":true}]}}