{"id":442,"date":"2019-07-28T17:51:47","date_gmt":"2019-07-28T14:51:47","guid":{"rendered":"http:\/\/kartalagac.com.tr\/tr\/?page_id=442"},"modified":"2021-09-22T16:48:40","modified_gmt":"2021-09-22T13:48:40","slug":"shingle-cati-sistemleri","status":"publish","type":"page","link":"https:\/\/www.kartalagac.com.tr\/tr\/shingle-cati-sistemleri\/","title":{"rendered":"Shingle \u00c7at\u0131 Sistemleri"},"content":{"rendered":"\n<div class=\"container section-title-container\" ><h3 class=\"section-title section-title-bold\"><b><\/b><span class=\"section-title-main\" >Shingle \u00c7at\u0131 Sistemleri<\/span><b><\/b><\/h3><\/div><!-- .section-title -->\n\n<div class=\"row\"  id=\"row-1199756913\">\n\n<div class=\"col medium-6 small-12 large-6\"  ><div class=\"col-inner\"  >\n\n\t<div class=\"img has-hover x md-x lg-x y md-y lg-y\" id=\"image_1277644336\">\n\t\t\t\t\t\t\t\t<div class=\"img-inner dark\" >\n\t\t\t<img loading=\"lazy\" decoding=\"async\" width=\"680\" height=\"290\" src=\"https:\/\/www.kartalagac.com.tr\/tr\/wp-content\/uploads\/2019\/07\/KERESTE7.png\" class=\"attachment-medium size-medium\" alt=\"\" \/>\t\t\t\t\t\t\n\t\t\t\t\t<\/div>\n\t\t\t\t\t\t\t\t\n<style scope=\"scope\">\n\n#image_1277644336 {\n  width: 100%;\n}\n<\/style>\n\t<\/div>\n\t\n\n\n<\/div><\/div>\n<div class=\"col medium-6 small-12 large-6\"  ><div class=\"col-inner\"  >\n\n<h3>Shingle \u00c7at\u0131 Sistemleri<\/h3>\n<p>10 gr\/m\u00b2 fibrocam ta\u015f\u0131y\u0131c\u0131l\u0131 ve APP ile modifiye edilmi\u015f bit\u00fcm \u00e7at\u0131 kaplama \u00f6rt\u00fcleridir. Modern ve klasik mimari tasar\u0131mlara uygun de\u011fi\u015fik renk ve g\u00f6r\u00fcnt\u00fclerde, dekoratif, her t\u00fcrl\u00fc y\u00fczeye kolay ve s\u00fcratli uygulanmakta olup, k\u00f6t\u00fc hava ko\u015fullar\u0131na dayan\u0131kl\u0131d\u0131r.<\/p>\n<p><b><\/b><\/p>\n\n<\/div><\/div>\n\n<\/div>\n<p><b>UKS <\/b><br \/>\u00a0<\/p>\n<div id=\"stcpDiv1\">E\u011fimli \u00e7at\u0131 kaplama malzemesi olan shingle yayg\u0131n olarak kullan\u0131lan ve kullan\u0131m\u0131 her ge\u00e7en g\u00fcn artan bir \u00fcr\u00fcnd\u00fcr.\u00a0<b>BROOF<\/b>\u00a0D\u0131\u015f Yang\u0131n Performans\u0131na sahiptir.\n<p><b>Avantajlar\u0131<\/b><\/p>\n<ul>\n<li>Su ge\u00e7irimsizdir.<\/li>\n<li>Uygulamas\u0131 kolayd\u0131r.<\/li>\n<li>Her binaya uyan renkleri mevcuttur.<\/li>\n<li>Hafiftir, \u00e7at\u0131n\u0131za y\u00fck getirmez.<\/li>\n<li>R\u00fczgara son derece dayan\u0131kl\u0131d\u0131r.<\/li>\n<li>Uzun \u00f6m\u00fcrl\u00fcd\u00fcr.<\/li>\n<li>UV \u0131\u015f\u0131nlar\u0131na dayan\u0131kl\u0131d\u0131r.<\/li>\n<\/ul>\n<p><b>Kullan\u0131m Yerleri<\/b><\/p>\n<ul>\n<li>E\u011fimli \u00e7at\u0131larda, (tavsiye edilen minimum e\u011fim %20)<\/li>\n<li>E\u011fimli pergolelerde kaplama malzemesi ve su yal\u0131t\u0131m\u0131 amac\u0131yla kullan\u0131l\u0131r.<\/li>\n<\/ul>\n<p><b>Y\u00fczey Haz\u0131rl\u0131\u011f\u0131<\/b><\/p>\n<p>Shingle Uygulama K\u0131lavuzu&#8217;na veya ambalaj \u00fczerindeki uygulama bilgilerine bak\u0131n\u0131z.<\/p>\n<p><b>Uygulama \u015eekli<\/b><\/p>\n<p>Shingle Uygulama K\u0131lavuzu&#8217;na veya ambalaj \u00fczerindeki uygulama bilgilerine bak\u0131n\u0131z.<\/p>\n<p><b>Ambalaj<\/b><\/p>\n<p>UKS Kendinden Yap\u0131\u015fkanl\u0131 Shingle Galaksi Retro, paketler halinde piyasaya sunulmaktad\u0131r. Bir paketteki levha adedi 18 olup, 18 levha ile 2.52 m2 bitmi\u015f y\u00fczey elde edilebilmektedir.<\/p>\n<p><b>Depolama Ko\u015fullar\u0131 ve Raf \u00d6mr\u00fc<\/b><\/p>\n<p>\u00a0<\/p>\n<p>Paketler \u00fcst\u00fc kapal\u0131 mekanlarda depolanmal\u0131d\u0131rlar. En fazla \u00fcst \u00fcste \u00fc\u00e7 paket olacak \u015fekilde, g\u00fcne\u015f \u0131\u015f\u0131\u011f\u0131na maruz kalmadan depolanmal\u0131d\u0131r<\/p>\n<p>\u00a0<\/p>\n<\/div>\n<div id=\"stcpDiv2\">E\u011fimli \u00e7at\u0131 kaplama malzemesi olan shingle yayg\u0131n olarak kullan\u0131lan ve kullan\u0131m\u0131 her ge\u00e7en g\u00fcn artan bir \u00fcr\u00fcnd\u00fcr.\u00a0<b>BROOF<\/b>\u00a0D\u0131\u015f Yang\u0131n Performans\u0131na sahiptir.\n<p><b>Avantajlar\u0131<\/b><\/p>\n<ul>\n<li>Su ge\u00e7irimsizdir.<\/li>\n<li>Uygulamas\u0131 kolayd\u0131r.<\/li>\n<li>Her binaya uyan renkleri mevcuttur.<\/li>\n<li>Hafiftir, \u00e7at\u0131n\u0131za y\u00fck getirmez.<\/li>\n<li>R\u00fczgara son derece dayan\u0131kl\u0131d\u0131r.<\/li>\n<li>Uzun \u00f6m\u00fcrl\u00fcd\u00fcr.<\/li>\n<li>UV \u0131\u015f\u0131nlar\u0131na dayan\u0131kl\u0131d\u0131r.<\/li>\n<\/ul>\n<p><b>Kullan\u0131m Yerleri<\/b><\/p>\n<ul>\n<li>E\u011fimli \u00e7at\u0131larda, (tavsiye edilen minimum e\u011fim %20)<\/li>\n<li>E\u011fimli pergolelerde kaplama malzemesi ve su yal\u0131t\u0131m\u0131 amac\u0131yla kullan\u0131l\u0131r.<\/li>\n<\/ul>\n<p><b>Y\u00fczey Haz\u0131rl\u0131\u011f\u0131<\/b><\/p>\n<p>Shingle Uygulama K\u0131lavuzu&#8217;na veya ambalaj \u00fczerindeki uygulama bilgilerine bak\u0131n\u0131z.<\/p>\n<p><b>Uygulama \u015eekli<\/b><\/p>\n<p>Shingle Uygulama K\u0131lavuzu&#8217;na veya ambalaj \u00fczerindeki uygulama bilgilerine bak\u0131n\u0131z.<\/p>\n<p><b>Ambalaj<\/b><\/p>\n<p>UKS Kendinden Yap\u0131\u015fkanl\u0131 Shingle Galaksi Retro, paketler halinde piyasaya sunulmaktad\u0131r. Bir paketteki levha adedi 18 olup, 18 levha ile 2.52 m2 bitmi\u015f y\u00fczey elde edilebilmektedir.<\/p>\n<p><b>Depolama Ko\u015fullar\u0131 ve Raf \u00d6mr\u00fc<\/b><\/p>\n<p>\u00a0<\/p>\n<p>Paketler \u00fcst\u00fc kapal\u0131 mekanlarda depolanmal\u0131d\u0131rlar. En fazla \u00fcst \u00fcste \u00fc\u00e7 paket olacak \u015fekilde, g\u00fcne\u015f \u0131\u015f\u0131\u011f\u0131na maruz kalmadan depolanmal\u0131d\u0131r<\/p>\n<p>\u00a0<\/p>\n<\/div>\n<p>E\u011fimli \u00e7at\u0131 kaplama malzemesi olan shingle yayg\u0131n olarak kullan\u0131lan ve kullan\u0131m\u0131 her ge\u00e7en g\u00fcn artan bir \u00fcr\u00fcnd\u00fcr. BROOF D\u0131\u015f Yang\u0131n Performans\u0131na sahiptir.<\/p>\n<p>\u00a0<\/p>\n<p><b>AVANTAJLARI<\/b><\/p>\n<p>&lt; Su ge\u00e7irimsizdir.<\/p>\n<p>&lt; Uygulamas\u0131 kolayd\u0131r.<\/p>\n<p>&lt; Her binaya uyan renkleri mevcuttur.<\/p>\n<p>&lt; Hafiftir, \u00e7at\u0131n\u0131za y\u00fck getirmez.<\/p>\n<p>&lt; R\u00fczgara son derece dayan\u0131kl\u0131d\u0131r.<\/p>\n<p>&lt; Uzun \u00f6m\u00fcrl\u00fcd\u00fcr.<\/p>\n<p>&lt; UV \u0131\u015f\u0131nlar\u0131na dayan\u0131kl\u0131d\u0131r.<\/p>\n<p>\u00a0<\/p>\n<p><b>Kullan\u0131m Yerleri <\/b><\/p>\n<p>&lt; E\u011fimli \u00e7at\u0131larda, (tavsiye edilen minimum e\u011fim %20)<\/p>\n<p>&lt; E\u011fimli pergolelerde kaplama malzemesi ve su yal\u0131t\u0131m\u0131 amac\u0131yla kullan\u0131l\u0131r<\/p>\n<div id=\"simple-translate\">\n<div>\n<div class=\"simple-translate-button isShow\" style=\"background-image: url('moz-extension:\/\/303666e9-c35a-4dc8-a963-41f2b1667d66\/icons\/512.png'); height: 22px; width: 22px; top: 625px; left: 11px;\">\u00a0<\/div>\n<div class=\"simple-translate-panel \" style=\"width: 300px; height: 200px; top: 0px; left: 0px; font-size: 13px; background-color: #ffffff;\">\n<div class=\"simple-translate-result-wrapper\" style=\"overflow: hidden;\">\n<div class=\"simple-translate-move\" draggable=\"true\">\u00a0<\/div>\n<div class=\"simple-translate-result-contents\">\n<p class=\"simple-translate-result\" dir=\"auto\" style=\"color: #000000;\">\u00a0<\/p>\n<p class=\"simple-translate-candidate\" dir=\"auto\" style=\"color: #737373;\">\u00a0<\/p>\n<\/div>\n<\/div>\n<\/div>\n<\/div>\n<\/div>\n\n","protected":false},"excerpt":{"rendered":"<p>UKS \u00a0 E\u011fimli \u00e7at\u0131 kaplama malzemesi olan shingle yayg\u0131n olarak kullan\u0131lan ve kullan\u0131m\u0131 her ge\u00e7en g\u00fcn artan bir \u00fcr\u00fcnd\u00fcr.\u00a0BROOF\u00a0D\u0131\u015f Yang\u0131n Performans\u0131na sahiptir. Avantajlar\u0131 Su ge\u00e7irimsizdir. Uygulamas\u0131 kolayd\u0131r. Her binaya uyan renkleri mevcuttur. Hafiftir, \u00e7at\u0131n\u0131za y\u00fck getirmez. R\u00fczgara son derece dayan\u0131kl\u0131d\u0131r. Uzun \u00f6m\u00fcrl\u00fcd\u00fcr. UV \u0131\u015f\u0131nlar\u0131na dayan\u0131kl\u0131d\u0131r. Kullan\u0131m Yerleri E\u011fimli \u00e7at\u0131larda, (tavsiye edilen minimum e\u011fim %20) E\u011fimli [&#8230;]\n","protected":false},"author":1,"featured_media":0,"parent":0,"menu_order":0,"comment_status":"closed","ping_status":"closed","template":"","meta":{"footnotes":""},"class_list":["post-442","page","type-page","status-publish","hentry"],"_links":{"self":[{"href":"https:\/\/www.kartalagac.com.tr\/tr\/wp-json\/wp\/v2\/pages\/442","targetHints":{"allow":["GET"]}}],"collection":[{"href":"https:\/\/www.kartalagac.com.tr\/tr\/wp-json\/wp\/v2\/pages"}],"about":[{"href":"https:\/\/www.kartalagac.com.tr\/tr\/wp-json\/wp\/v2\/types\/page"}],"author":[{"embeddable":true,"href":"https:\/\/www.kartalagac.com.tr\/tr\/wp-json\/wp\/v2\/users\/1"}],"replies":[{"embeddable":true,"href":"https:\/\/www.kartalagac.com.tr\/tr\/wp-json\/wp\/v2\/comments?post=442"}],"version-history":[{"count":4,"href":"https:\/\/www.kartalagac.com.tr\/tr\/wp-json\/wp\/v2\/pages\/442\/revisions"}],"predecessor-version":[{"id":639,"href":"https:\/\/www.kartalagac.com.tr\/tr\/wp-json\/wp\/v2\/pages\/442\/revisions\/639"}],"wp:attachment":[{"href":"https:\/\/www.kartalagac.com.tr\/tr\/wp-json\/wp\/v2\/media?parent=442"}],"curies":[{"name":"wp","href":"https:\/\/api.w.org\/{rel}","templated":true}]}}