{"id":445,"date":"2019-07-28T17:53:50","date_gmt":"2019-07-28T14:53:50","guid":{"rendered":"http:\/\/kartalagac.com.tr\/tr\/?page_id=445"},"modified":"2021-03-17T09:31:02","modified_gmt":"2021-03-17T06:31:02","slug":"kilicoglu-kiremit","status":"publish","type":"page","link":"https:\/\/www.kartalagac.com.tr\/tr\/kilicoglu-kiremit\/","title":{"rendered":"Kiremit"},"content":{"rendered":"\n<div class=\"container section-title-container\" ><h3 class=\"section-title section-title-bold\"><b><\/b><span class=\"section-title-main\" >KILI\u00c7O\u011eLU Kiremit<\/span><b><\/b><\/h3><\/div><!-- .section-title -->\n\n<div class=\"row\"  id=\"row-1044236248\">\n\n<div class=\"col medium-6 small-12 large-6\"  ><div class=\"col-inner\"  >\n\n\t<div class=\"img has-hover x md-x lg-x y md-y lg-y\" id=\"image_731173679\">\n\t\t\t\t\t\t\t\t<div class=\"img-inner dark\" >\n\t\t\t<img loading=\"lazy\" decoding=\"async\" width=\"231\" height=\"70\" src=\"https:\/\/www.kartalagac.com.tr\/tr\/wp-content\/uploads\/2021\/03\/logo-kilicoglu1.png\" class=\"attachment-medium size-medium\" alt=\"\" \/>\t\t\t\t\t\t\n\t\t\t\t\t<\/div>\n\t\t\t\t\t\t\t\t\n<style scope=\"scope\">\n\n#image_731173679 {\n  width: 100%;\n}\n<\/style>\n\t<\/div>\n\t\n\n\n<\/div><\/div>\n<div class=\"col medium-6 small-12 large-6\"  ><div class=\"col-inner\"  >\n\n<h3>KILI\u00c7O\u011eLU Kiremit<\/h3>\n<h4>K\u0131l\u0131\u00e7o\u011flu&#8217;nun ambleminde yer alan kurumsal renkler, kil kiremitlerin pi\u015firildi\u011fi f\u0131r\u0131ndaki y\u00fcksek s\u0131cakl\u0131\u011f\u0131n olu\u015fturdu\u011fu renklerdir. Bu renkler uzun \u00f6m\u00fcrl\u00fcl\u00fc\u011f\u00fc, sa\u011flaml\u0131\u011f\u0131 ve g\u00fcveni temsil eder.<\/h4>\n<p>1927 y\u0131l\u0131nda Eski\u015fehir&#8217;de kurulan T\u00fcrkiye&#8217;nin ilk kiremit fabrikalar\u0131ndan olan K\u0131l\u0131\u00e7o\u011flu g\u00fcn\u00fcm\u00fczde yap\u0131 sekt\u00f6r\u00fcn\u00fcn \u00f6nderleri aras\u0131nda yer almaktad\u0131r. Sekt\u00f6rde liderli\u011fini s\u00fcrd\u00fcren K\u0131l\u0131\u00e7o\u011flu \u00e7at\u0131lar i\u00e7in M\u00fckemmel Kiremit ve \u00c7at\u0131 sistemlerinin yan\u0131nda yap\u0131lar\u0131n ihtiya\u00e7 duydu\u011fu pres tu\u011fla, kaplama tu\u011fla ve terra cotta karolar\u0131 pazarlamaktad\u0131r.<\/p>\n<p>M\u00fckemmel Kiremit M\u00fckemmel \u00c7at\u0131 Slogan\u0131yla faaliyet g\u00f6steren K\u0131l\u0131\u00e7o\u011flu, mevcut standartlar\u0131n \u00e7ok \u00fczerinde \u00f6zelliklere sahip \u00fcr\u00fcnleriyle kaliteli kiremidin markas\u0131 olmu\u015ftur. Y\u00fcksek teknolojilerin kullan\u0131lmas\u0131 kalite s\u00fcreklili\u011fini sa\u011flamaktad\u0131r. M\u00fc\u015fteri beklentilerini a\u015fmak ve s\u00fcrekli kendini geli\u015ftirmek K\u0131l\u0131\u00e7o\u011flu&#8217;nun temel hedefleridir. K\u0131l\u0131\u00e7o\u011flu bir\u00e7ok geli\u015fmi\u015f \u00fclkenin standartlar\u0131n\u0131 da ge\u00e7mesiyle kalitesini d\u00fcnya pazar\u0131nda da kabul ettirmenin gururunu ta\u015f\u0131maktad\u0131r.<\/p>\n<p>K\u0131l\u0131\u00e7o\u011flu kendi sekt\u00f6r\u00fcnde ilkleri ger\u00e7ekle\u015ftirmi\u015f, sekt\u00f6r\u00fcn\u00fcn lideri konumunda bir marka olarak kuruldu\u011fu g\u00fcnden bu yana bir milyar adetten fazla kiremit \u00fcretimi ger\u00e7ekle\u015ftirmi\u015ftir. Bug\u00fcn, kiremit \u00fcretimi Megaron Yeni Nesil \u00c7at\u0131 Teknolojileri ile birlikte y\u0131ll\u0131k kurulu kapasitede 8 Milyon metrekareye \u00e7\u0131km\u0131\u015ft\u0131r. Eski\u015fehir\u2019de bulunan T\u00fcrkiye\u2019nin en y\u00fcksek kapasitesine sahip tek \u201ctam otomatik\u201d fabrikas\u0131 ve s\u00fcrekli yenilenen teknolojilerle g\u00fcnden g\u00fcne b\u00fcy\u00fcmeye devam etmektedir.<\/p>\n<p>Misyonu Kalite bilincini yap\u0131lara ta\u015f\u0131mak olan K\u0131l\u0131\u00e7o\u011flu, sat\u0131\u015f \u00f6ncesi hizmetleri yan\u0131nda, sat\u0131\u015f sonras\u0131nda da bir \u00f6m\u00fcr boyu s\u00fcren hizmet kalitesi ile K\u0131l\u0131\u00e7o\u011flu g\u00fcvencesini ve ayr\u0131cal\u0131\u011f\u0131n\u0131 m\u00fc\u015fterilerine ya\u015fatmaktad\u0131r.<\/p>\n\n<\/div><\/div>\n\n<\/div>\n\n","protected":false},"excerpt":{"rendered":"","protected":false},"author":1,"featured_media":0,"parent":0,"menu_order":0,"comment_status":"closed","ping_status":"closed","template":"","meta":{"footnotes":""},"class_list":["post-445","page","type-page","status-publish","hentry"],"_links":{"self":[{"href":"https:\/\/www.kartalagac.com.tr\/tr\/wp-json\/wp\/v2\/pages\/445","targetHints":{"allow":["GET"]}}],"collection":[{"href":"https:\/\/www.kartalagac.com.tr\/tr\/wp-json\/wp\/v2\/pages"}],"about":[{"href":"https:\/\/www.kartalagac.com.tr\/tr\/wp-json\/wp\/v2\/types\/page"}],"author":[{"embeddable":true,"href":"https:\/\/www.kartalagac.com.tr\/tr\/wp-json\/wp\/v2\/users\/1"}],"replies":[{"embeddable":true,"href":"https:\/\/www.kartalagac.com.tr\/tr\/wp-json\/wp\/v2\/comments?post=445"}],"version-history":[{"count":0,"href":"https:\/\/www.kartalagac.com.tr\/tr\/wp-json\/wp\/v2\/pages\/445\/revisions"}],"wp:attachment":[{"href":"https:\/\/www.kartalagac.com.tr\/tr\/wp-json\/wp\/v2\/media?parent=445"}],"curies":[{"name":"wp","href":"https:\/\/api.w.org\/{rel}","templated":true}]}}