{"id":517,"date":"2021-01-21T12:50:39","date_gmt":"2021-01-21T09:50:39","guid":{"rendered":"http:\/\/kartalagac.com.tr\/tr\/?page_id=517"},"modified":"2021-01-21T12:52:02","modified_gmt":"2021-01-21T09:52:02","slug":"cerez-aydinlatma-metni","status":"publish","type":"page","link":"https:\/\/www.kartalagac.com.tr\/tr\/cerez-aydinlatma-metni\/","title":{"rendered":"\u00c7erez Ayd\u0131nlatma Metni"},"content":{"rendered":"\n  <div id=\"page-header-2108092648\" class=\"page-header-wrapper\">\n  <div class=\"page-title dark featured-title\">\n\n    \n    <div class=\"page-title-inner container align-center flex-row medium-flex-wrap\" >\n              <div class=\"title-wrapper flex-col text-left medium-text-center\">\n          <h1 class=\"entry-title mb-0\">\n            \u00c7erez Ayd\u0131nlatma Metni          <\/h1>\n        <\/div>\n                    <div class=\"title-content flex-col flex-right text-right medium-text-center\">\n        <div class=\"title-breadcrumbs pb-half pt-half\"><\/div>      <\/div>\n    <\/div><!-- flex-row -->\n\n     \n<style scope=\"scope\">\n\n#page-header-2108092648 .title-bg {\n  \n}\n<\/style>\n  <\/div><!-- .page-title -->\n    <\/div><!-- .page-header-wrapper -->\n  \n\n<p><strong>\u00a0<\/strong><\/p>\n<ol>\n<li><strong>\u00c7EREZLERE \u0130L\u0130\u015eK\u0130N GENEL B\u0130LG\u0130<\/strong><\/li>\n<\/ol>\n<p><br \/>Bu ayd\u0131nlatma metni, <strong>Kartal Petrol Ve A\u011fa\u00e7 San. Tic. Ltd. \u015eti<\/strong> taraf\u0131ndan y\u00f6netilen internet sitelerini kapsamakta olup, \u00e7erez kullan\u0131m\u0131na ili\u015fkin a\u00e7\u0131klamalar i\u00e7ermektedir. Sitemizi kullanarak \u00e7erezlerin i\u015fbu ayd\u0131nlatma metninde belirtilen \u015fekilde kullan\u0131lmalar\u0131n\u0131 onaylam\u0131\u015f olursunuz.<br \/><br \/><strong>1.1. \u00c7erez (Cookie) Nedir?<\/strong><\/p>\n<p><br \/>\u00c7erezler, bir internet sitesi ziyaret edildi\u011finde ziyaret\u00e7inin cihaz\u0131nda (\u00f6rne\u011fin bilgisayar veya telefon) depolanan ve isim-de\u011fer format\u0131nda veri bar\u0131nd\u0131rabilen k\u00fc\u00e7\u00fck metin dosyalar\u0131d\u0131r. S\u00f6z konusu metin dosyalar\u0131 bunlara eri\u015fim sa\u011flayabilen taray\u0131c\u0131 ve sunucular taraf\u0131ndan anlamland\u0131r\u0131labilmekte ve bu yolla internet sitesine ziyaretin ger\u00e7ekle\u015ftirildi\u011fi cihaz ve dolay\u0131s\u0131yla ilgili kullan\u0131c\u0131 hakk\u0131nda \u00e7e\u015fitli bilgiler elde edilebilmektedir. G\u00fcn\u00fcm\u00fczde neredeyse her sitede \u00e7erez kullan\u0131m\u0131 s\u00f6z konusudur.<br \/><strong><br \/>1.2. \u00c7erezler Ne Ama\u00e7la Kullan\u0131lmaktad\u0131r?<\/strong><\/p>\n<p><br \/>\u00c7erezler bir\u00e7ok farkl\u0131 hedef i\u00e7in kullan\u0131lmaktad\u0131r. \u00d6rnek vermek gerekirse, \u00e7erezlere daha \u00e7ok a\u015fa\u011f\u0131da belirtilen ama\u00e7larla ba\u015fvurulmaktad\u0131r:<\/p>\n<p>\u00a0<\/p>\n<ul>\n<li>\u0130nternet sitesinin d\u00fczg\u00fcn bir \u015fekilde \u00e7al\u0131\u015fmas\u0131 (\u00d6rne\u011fin; sitenin i\u00e7erisindeki metin, foto\u011fraf, ba\u011flant\u0131 gibi i\u00e7eriklerin do\u011fru yerlerde g\u00f6r\u00fcnt\u00fclenmesi)<\/li>\n<\/ul>\n<p>\u00a0<\/p>\n<ul>\n<li>Ziyaret\u00e7iler i\u00e7in daha ki\u015fiselle\u015ftirilmi\u015f ve daha ilgi \u00e7ekici bir deneyim sunulabilmesi (\u00d6rne\u011fin; tercihlerinize \u00f6zel hizmetlerin sunulmas\u0131)<\/li>\n<\/ul>\n<p>\u00a0<\/p>\n<ul>\n<li>\u0130nternet sitesinin geli\u015ftirilerek optimize edilmesi (\u00d6rne\u011fin; hata bulunan veya tercih edilmeyen sayfalar\u0131n i\u015fler hale getirilmesi) ve<\/li>\n<\/ul>\n<p>\u00a0<\/p>\n<ul>\n<li>Ziyaret\u00e7ilerin tercihlerinin hat\u0131rlanmas\u0131 (\u00d6rne\u011fin; internet sitemize giri\u015f yaparken girdi\u011finiz bilgiler, dil tercihi ve di\u011fer tercihler)<\/li>\n<\/ul>\n<p><strong>\u00a0<\/strong><\/p>\n<p><strong>1.3. \u00c7erez T\u00fcrleri Nelerdir?<\/strong><\/p>\n<p>\u00a0<\/p>\n<table width=\"604\">\n<tbody>\n<tr>\n<td width=\"94\">\n<p><strong>\u00c7erez T\u00fcr\u00fc<\/strong><\/p>\n<\/td>\n<td width=\"510\">\n<p><strong>A\u00e7\u0131klama<\/strong><\/p>\n<\/td>\n<\/tr>\n<tr>\n<td colspan=\"2\" width=\"604\">\n<p>Ge\u00e7erlilik S\u00fcrelerine G\u00f6re \u00c7erezler<\/p>\n<\/td>\n<\/tr>\n<tr>\n<td width=\"94\">\n<p>Oturum \u00c7erezleri<\/p>\n<\/td>\n<td width=\"510\">\n<p>\u0130nternet sitesinden ayr\u0131lana dek cihazlar\u0131n\u0131zda tutulan ge\u00e7ici \u00e7erezleri ifade eder.<\/p>\n<\/td>\n<\/tr>\n<tr>\n<td width=\"94\">\n<p>Kal\u0131c\u0131 \u00c7erezler<\/p>\n<\/td>\n<td width=\"510\">\n<p>Cihaz\u0131n\u0131z\u0131n sabit diskinde uzun s\u00fcreler kalan t\u00fcrde \u00e7erezler olup, kullan\u0131m s\u00fcreleri birka\u00e7 g\u00fcnden birka\u00e7 y\u0131la kadar de\u011fi\u015fiklik g\u00f6sterebilmektedir.<\/p>\n<\/td>\n<\/tr>\n<tr>\n<td colspan=\"2\" width=\"604\">\n<p>\u0130\u015flevselliklerine G\u00f6re \u00c7erezler<\/p>\n<\/td>\n<\/tr>\n<tr>\n<td width=\"94\">\n<p>Zorunlu \u00c7erezler<\/p>\n<\/td>\n<td width=\"510\">\n<p>\u0130nternet sitesinin d\u00fczg\u00fcn bir \u015fekilde \u00e7al\u0131\u015fabilmesi ve kullan\u0131c\u0131lar\u0131n sitede sunulan hizmetlerden ve gezinme \u00f6zelliklerinden yararlanmalar\u0131 i\u00e7in kullan\u0131lmalar\u0131 mecburi olan \u00e7erezlerdir.<\/p>\n<\/td>\n<\/tr>\n<tr>\n<td width=\"94\">\n<p>\u0130\u015flevsel ve Analitik \u00c7erezler<\/p>\n<\/td>\n<td width=\"510\">\n<p>Tercihlerinizin hat\u0131rlanmas\u0131, internet sitesinin etkin \u015fekilde kullan\u0131lmas\u0131, sitenin kullan\u0131c\u0131 isteklerine cevap verecek \u015fekilde optimize edilmesi gibi ama\u00e7larla kullan\u0131lan ve ziyaret\u00e7ilerin siteyi nas\u0131l kulland\u0131\u011f\u0131 hakk\u0131nda verileri i\u00e7eren \u00e7erezlerdir. Niteli\u011fi gere\u011fi bu t\u00fcrdeki \u00e7erezler ki\u015fisel verilerinizi i\u00e7erebilir. \u00d6rne\u011fin; sitemizde dil tercihinizi kaydeden \u00e7erezler birer i\u015flevsel \u00e7erezdir.<\/p>\n<\/td>\n<\/tr>\n<\/tbody>\n<\/table>\n<p>\u00a0<\/p>\n<p>\u00a0<\/p>\n<p><strong>1.4. \u00c7erezlerle \u0130lgili Daha Detayl\u0131 Bilgiye Nereden Ula\u015fabilirim?<\/strong><\/p>\n<p><br \/>\u00c7erez metinlerinin i\u00e7eri\u011fi \u00e7o\u011fu zaman yaln\u0131zca m\u00fchendislerin i\u015fleyebilece\u011fi nitelikte olup, \u00e7erezler ile ilgili daha detayl\u0131 ve anla\u015f\u0131labilir bir dil \u00fczerinden bilgi almak isteyen ziyaret\u00e7ilerimizin\u00a0<a href=\"http:\/\/www.allaboutcookies.org\/\">www.allaboutcookies.org<\/a>\u00a0veya\u00a0<a href=\"http:\/\/www.aboutcookies.org\/\">www.aboutcookies.org<\/a>\u00a0(\u0130ngilizce) adreslerini ziyaret etmeleri \u00f6nerilir.<br \/><br \/><strong>2.<\/strong><strong> Kartal Petrol Ve A\u011fa\u00e7 San. Tic. Ltd. \u015eti<\/strong><strong> Olarak \u00c7erez Kullan\u0131m\u0131m\u0131z<\/strong><br \/><br \/><strong>2.1. \u0130nternet Sitemizin Kullan\u0131m\u0131 Kapsam\u0131nda \u00c7erezleri Kim, Nas\u0131l G\u00f6nderir?<br \/><br \/><\/strong><\/p>\n<p>\u00c7erezler;<\/p>\n<ol>\n<li><br \/><strong> Kartal Petrol Ve A\u011fa\u00e7 San. Tic. Ltd. \u015eti<\/strong> taraf\u0131ndan ve\/veya,<br \/>2. E\u011fer ziyaret edilen sayfada video veya foto\u011fraf gibi baz\u0131 i\u00e7erikler sa\u011flanmakta ise, \u00fc\u00e7\u00fcnc\u00fc ki\u015filer taraf\u0131ndan ve gezintiniz s\u0131ras\u0131nda cihaz\u0131n\u0131zda bulunan taray\u0131c\u0131 (Google Chrome, Safari vb.) ile sunucular aras\u0131nda kurulan ileti\u015fim vas\u0131tas\u0131yla g\u00f6nderilmektedir.<br \/><br \/><strong>2.2. Cihaz\u0131n\u0131zdan Ald\u0131\u011f\u0131m\u0131z Bilgileri Nas\u0131l Kullan\u0131yoruz?<\/strong><\/li>\n<\/ol>\n<p><br \/>\u00c7erezler;<\/p>\n<p>\u00a0<\/p>\n<ul>\n<li>\u0130nternet sitemizi ziyaretiniz s\u0131ras\u0131nda yapt\u0131\u011f\u0131n\u0131z gezinti ve kullan\u0131m tercihlerinin,<\/li>\n<li>\u0130nternet sitemizde cevaplad\u0131\u011f\u0131n\u0131z anket veya de\u011ferlendirmeye ili\u015fkin bilgi ve sonu\u00e7lar\u0131n ve<\/li>\n<li>Tercihlerinize ili\u015fkin bilgilerin hat\u0131rlanmas\u0131nda yard\u0131mc\u0131 olur.<\/li>\n<\/ul>\n<p>\u00a0<\/p>\n<p>Ayr\u0131ca, internet sitemizde yer alan yaz\u0131lar\u0131, haberleri ve di\u011fer sekmelerde yer alan i\u00e7erikleri ziyaretleriniz s\u0131ras\u0131ndaki t\u0131klama s\u0131kl\u0131\u011f\u0131 ve ziyaret edilen sayfalara ili\u015fkin kullan\u0131m verilerini anonim hale getirmek suretiyle istatistiki ama\u00e7larla kullan\u0131r\u0131z.<\/p>\n<p>\u00a0<\/p>\n<p>\u00c7erezler \u00fczerinden toplad\u0131\u011f\u0131m\u0131z verileri kimli\u011finizi belirlemek amac\u0131yla kullanmay\u0131z. \u00c7erezler bu Politikada belirtilen ama\u00e7lar d\u0131\u015f\u0131nda kullan\u0131lmaz ve veri koruma mevzuat\u0131na ayk\u0131r\u0131 olarak i\u015flenmez.<br \/><br \/><\/p>\n<p><strong>2.3. \u00c7erezleri Nas\u0131l Kontrol Ederim?<\/strong><\/p>\n<p><br \/>\u0130nternet sitemizi kullanabilmek i\u00e7in \u00e7erezleri kabul etmek zorunda de\u011filsiniz fakat bu durumda kullan\u0131c\u0131 deneyiminizin kalitesi d\u00fc\u015febilir.<br \/><br \/>\u00c7erezleri silebilir veya internet taray\u0131c\u0131n\u0131z\u0131 \u00e7erezleri engelleyebilecek \u015fekilde ayarlayabilirsiniz fakat bu halde internet sitemizde yer alan baz\u0131 hizmetler olmas\u0131 gerekti\u011fi gibi \u00e7al\u0131\u015famayabilir.<br \/><br \/><u>Taray\u0131c\u0131n\u0131z\u0131n \u00e7erezler ile ilgili ayarlar\u0131 hakk\u0131nda detayl\u0131 bilgi i\u00e7in:<\/u><br \/>Chrome\u00a0<a href=\"https:\/\/support.google.com\/accounts\/answer\/61416?co=GENIE.Platform%3DDesktop&amp;hl=tr\">https:\/\/support.google.com\/accounts\/answer\/61416?co=GENIE.Platform%3DDesktop&amp;hl=tr<\/a><br \/>Firefox\u00a0<a href=\"https:\/\/support.mozilla.org\/tr\/kb\/web-sitesi-tercihleri-cerezleri-acip-kapatma\">https:\/\/support.mozilla.org\/tr\/kb\/web-sitesi-tercihleri-cerezleri-acip-kapatma<\/a><br \/>Safari Browser\u00a0<a href=\"https:\/\/support.apple.com\/tr-tr\/guide\/safari\/sfri11471\/mac\">https:\/\/support.apple.com\/tr-tr\/guide\/safari\/sfri11471\/mac<\/a><br \/>Opera Bowser\u00a0<a href=\"https:\/\/www.opera.com\/tr\/terms\">https:\/\/www.opera.com\/tr\/terms<\/a><br \/>Microsoft Internet Edge Browser<br \/><a href=\"https:\/\/support.microsoft.com\/tr-tr\/help\/17442\/windows-internet-explorer-delete-manage-cookies\">https:\/\/support.microsoft.com\/tr-tr\/help\/17442\/windows-internet-explorer-delete-manage-cookies<\/a><\/p>\n<p>\u00a0<\/p>\n<p>\u00a0<\/p>\n\n","protected":false},"excerpt":{"rendered":"<p>\u00a0 \u00c7EREZLERE \u0130L\u0130\u015eK\u0130N GENEL B\u0130LG\u0130 Bu ayd\u0131nlatma metni, Kartal Petrol Ve A\u011fa\u00e7 San. Tic. Ltd. \u015eti taraf\u0131ndan y\u00f6netilen internet sitelerini kapsamakta olup, \u00e7erez kullan\u0131m\u0131na ili\u015fkin a\u00e7\u0131klamalar i\u00e7ermektedir. Sitemizi kullanarak \u00e7erezlerin i\u015fbu ayd\u0131nlatma metninde belirtilen \u015fekilde kullan\u0131lmalar\u0131n\u0131 onaylam\u0131\u015f olursunuz. 1.1. \u00c7erez (Cookie) Nedir? \u00c7erezler, bir internet sitesi ziyaret edildi\u011finde ziyaret\u00e7inin cihaz\u0131nda (\u00f6rne\u011fin bilgisayar veya telefon) depolanan [&#8230;]\n","protected":false},"author":1,"featured_media":0,"parent":0,"menu_order":0,"comment_status":"closed","ping_status":"closed","template":"","meta":{"footnotes":""},"class_list":["post-517","page","type-page","status-publish","hentry"],"_links":{"self":[{"href":"https:\/\/www.kartalagac.com.tr\/tr\/wp-json\/wp\/v2\/pages\/517","targetHints":{"allow":["GET"]}}],"collection":[{"href":"https:\/\/www.kartalagac.com.tr\/tr\/wp-json\/wp\/v2\/pages"}],"about":[{"href":"https:\/\/www.kartalagac.com.tr\/tr\/wp-json\/wp\/v2\/types\/page"}],"author":[{"embeddable":true,"href":"https:\/\/www.kartalagac.com.tr\/tr\/wp-json\/wp\/v2\/users\/1"}],"replies":[{"embeddable":true,"href":"https:\/\/www.kartalagac.com.tr\/tr\/wp-json\/wp\/v2\/comments?post=517"}],"version-history":[{"count":0,"href":"https:\/\/www.kartalagac.com.tr\/tr\/wp-json\/wp\/v2\/pages\/517\/revisions"}],"wp:attachment":[{"href":"https:\/\/www.kartalagac.com.tr\/tr\/wp-json\/wp\/v2\/media?parent=517"}],"curies":[{"name":"wp","href":"https:\/\/api.w.org\/{rel}","templated":true}]}}