{"id":525,"date":"2021-01-21T12:56:16","date_gmt":"2021-01-21T09:56:16","guid":{"rendered":"http:\/\/kartalagac.com.tr\/tr\/?page_id=525"},"modified":"2021-01-21T13:00:05","modified_gmt":"2021-01-21T10:00:05","slug":"kisisel-veri-sahibi-basvuru-formu","status":"publish","type":"page","link":"https:\/\/www.kartalagac.com.tr\/tr\/kisisel-veri-sahibi-basvuru-formu\/","title":{"rendered":"Ki\u015fisel Veri Sahibi Ba\u015fvuru Formu"},"content":{"rendered":"\n  <div id=\"page-header-1016177201\" class=\"page-header-wrapper\">\n  <div class=\"page-title dark featured-title\">\n\n    \n    <div class=\"page-title-inner container align-center flex-row medium-flex-wrap\" >\n              <div class=\"title-wrapper flex-col text-left medium-text-center\">\n          <h1 class=\"entry-title mb-0\">\n            Ki\u015fisel Veri Sahibi Ba\u015fvuru Formu          <\/h1>\n        <\/div>\n                    <div class=\"title-content flex-col flex-right text-right medium-text-center\">\n        <div class=\"title-breadcrumbs pb-half pt-half\"><\/div>      <\/div>\n    <\/div><!-- flex-row -->\n\n     \n<style scope=\"scope\">\n\n#page-header-1016177201 .title-bg {\n  \n}\n<\/style>\n  <\/div><!-- .page-title -->\n    <\/div><!-- .page-header-wrapper -->\n  \n\n<p>Genel A\u00e7\u0131klamalar<br \/>Kartal Petrol Ve A\u011fa\u00e7 San. Tic. Ltd. \u015eti (\u201c\u015eirket\u201d) olarak taraf\u0131n\u0131za y\u00f6nlendirdi\u011fimiz bu form, 6698 Say\u0131l\u0131 Ki\u015fisel Verilerin Korunmas\u0131 Kanunu\u2019nun (\u201cKVK Kanunu\u201d) 11. maddesi ile ki\u015fisel veri sahiplerine tan\u0131nan ba\u015fvuru hakk\u0131n\u0131 kolayl\u0131kla kullanabilmeniz i\u00e7in gereken t\u00fcm unsurlar\u0131 kapsamaktad\u0131r. Bu nedenle ki\u015fisel verilerinizle ilgili ba\u015fvuru hakk\u0131n\u0131z\u0131 kullan\u0131rken bu formun \u00e7\u0131kt\u0131s\u0131n\u0131 alarak doldurman\u0131z\u0131 ve formun sonunda belirtilen y\u00f6ntemlerden biriyle taraf\u0131m\u0131za iletmenizi rica ederiz.<br \/>Basvuru Hakk\u0131n\u0131n Kapsam\u0131<br \/>6698 Say\u0131l\u0131 Ki\u015fisel Verilerin Korunmas\u0131 Kanunu\u2019nun (\u201cKVK Kanunu\u201d) 11. Maddesi uyar\u0131nca, veri sahipleri olarak, taraf\u0131m\u0131za ba\u015fvurarak a\u015fa\u011f\u0131da yer alan konularda talep hakk\u0131n\u0131z bulunmaktad\u0131r:<br \/>1. Ki\u015fisel verilerinizin islenip islenmedi\u011fini \u00f6\u011frenme,<br \/>2. Ki\u015fisel verileriniz islenmi\u015fse buna ili\u015fkin bilgi talep etme,<br \/>3. Ki\u015fisel verilerinizin islenme amac\u0131 ve bunlar\u0131n amac\u0131na uygun kullan\u0131l\u0131p kullan\u0131lmad\u0131\u011f\u0131n\u0131 \u00f6\u011frenme,<br \/>4. Ki\u015fisel verilerinizin yurt i\u00e7inde veya yurt d\u0131\u015f\u0131nda aktar\u0131ld\u0131\u011f\u0131 \u00fc\u00e7\u00fcnc\u00fc ki\u015fileri \u00f6\u011frenme,<br \/>5. Ki\u015fisel verilerinizin eksik veya yanl\u0131\u015f islenmi\u015f olmas\u0131 h\u00e2linde bunlar\u0131n d\u00fczeltilmesini isteme ve bu kapsamda yap\u0131lan i\u015flemin, <br \/>6. ki\u015fisel verilerinizin aktar\u0131ld\u0131\u011f\u0131 \u00fc\u00e7\u00fcnc\u00fc ki\u015filere bildirilmesini isteme,<br \/>7. KVK Kanunu ve ilgili di\u011fer kanun h\u00fck\u00fcmlerine uygun olarak islenmi\u015f olmas\u0131na ra\u011fmen, islenmesini gerektiren sebeplerin ortadan kalkmas\u0131 h\u00e2linde ki\u015fisel verilerinizin silinmesini, yok edilmesini veya anonim hale getirilmesini isteme ve bu kapsamda yap\u0131lan i\u015flemin, ki\u015fisel verilerinizin aktar\u0131ld\u0131\u011f\u0131 \u00fc\u00e7\u00fcnc\u00fc ki\u015filere bildirilmesini isteme,<br \/>8. \u0130slenen verilerin m\u00fcnhas\u0131ran otomatik sistemler vas\u0131tas\u0131yla analiz edilmesi suretiyle aleyhinize bir sonucun ortaya \u00e7\u0131kmas\u0131na itiraz etme,<br \/>Ki\u015fisel verilerinizin kanuna ayk\u0131r\u0131 olarak islenmesi sebebiyle zarara u\u011framan\u0131z h\u00e2linde zarar\u0131n giderilmesini talep etme.<br \/>Ba\u015fvurular\u0131n Sonu\u00e7land\u0131r\u0131lmas\u0131<br \/>KVK Kanunu\u2019nun 13. maddesine uygun olarak ki\u015fisel veri sahiplerinin ki\u015fisel verilerine ili\u015fkin taleplerini taraf\u0131m\u0131za yaz\u0131l\u0131 olarak, (\u0131slak imzal\u0131 olarak ya da \u0131slak imza yerine ge\u00e7en e-imzal\u0131 olarak), kay\u0131tl\u0131 elektronik posta (KEP) adresi, g\u00fcvenli elektronik imza, mobil imza ya da \u00f6nceden Kurumumuza bildirmi\u015f oldu\u011funuz ve sistemimizde kay\u0131tl\u0131 bulunan elektronik posta adresinizi kullanmak suretiyle kurumumuza iletebilirsiniz.<br \/>Ki\u015fisel Verileri Koruma Kurulu taraf\u0131ndan belirlenen di\u011fer y\u00f6ntemlerle iletmeleri durumunda, veri sorumlusu s\u0131fat\u0131yla taraf\u0131m\u0131zca, talebin niteli\u011fine g\u00f6re talep en k\u0131sa s\u00fcrede ve en ge\u00e7 otuz (30) g\u00fcn i\u00e7inde sonu\u00e7land\u0131r\u0131l\u0131r.<\/p>\n<p>Ad\u0131: Soyad\u0131:<br \/>TC kimlik no: Telefon no:<br \/>E posta: Adres:<br \/>L\u00dcTFEN \u015e\u0130RKET\u0130M\u0130Z iLE OLAN \u0130L\u0130\u015eK\u0130N\u0130Z\u0130 BEL\u0130RT\u0130N\u0130Z.<\/p>\n<p><br \/>M\u00dc\u015eTER\u0130<\/p>\n<p>Z\u0130YARETC\u0130<\/p>\n<p>\u0130\u015eORTA\u011eI<\/p>\n<p>TEDAR\u0130KC\u0130<br \/>Eski \u00c7al\u0131\u015fan <br \/>\u2026\u2026\u2026\u2026\u2026\u2026\u2026\u2026\u2026\u2026\u2026\u2026\u2026\u2026\u2026\u2026\u2026\u2026\u2026\u2026\u2026\u2026\u2026\u2026\u2026\u2026\u2026\u2026\u2026\u2026\u2026\u2026\u2026\u2026..\u2026&#8230;\u015eirketinde \u00e7al\u0131\u015ft\u0131\u011f\u0131m<br \/>Y\u0131llar\u2026\u2026\u2026\u2026\u2026\u2026\u2026\u2026\u2026\u2026\u2026\u2026\u2026\u2026\u2026\u2026\u2026\u2026\u2026\u2026\u2026\u2026\u2026\u2026\u2026\u2026\u2026\u2026\u2026\u2026\u2026\u2026\u2026\u2026\u2026\u2026\u2026\u2026\u2026\u2026\u2026\u2026\u2026\u2026.<br \/>\u00c7al\u0131\u015fan Aday\u0131 <br \/>\u2026\u2026\u2026\u2026\u2026\u2026\u2026\u2026\u2026\u2026\u2026\u2026\u2026\u2026\u2026\u2026\u2026\u2026\u2026\u2026\u2026\u2026\u2026\u2026\u2026\u2026\u2026\u2026\u2026\u2026\u2026\u2026\u2026\u2026..\u2026&#8230; \u015eirketimize i\u015f ba\u015fvurusu yapt\u0131\u011f\u0131n\u0131z tarih. <br \/>Di\u011fer<br \/>\u2026&#8230;\u2026\u2026\u2026\u2026\u2026\u2026\u2026\u2026\u2026\u2026\u2026\u2026\u2026\u2026\u2026\u2026\u2026\u2026\u2026\u2026\u2026\u2026\u2026\u2026\u2026\u2026\u2026\u2026\u2026\u2026\u2026\u2026\u2026\u2026\u2026\u2026\u2026\u2026\u2026\u2026\u2026\u2026\u2026<\/p>\n<p><br \/>TERC\u0130H KONU<br \/>\u015eirketiniz nezdinde ki\u015fisel verilerim isleniyor mu?<br \/>\u015eirketiniz nezdinde ki\u015fisel verilerim isleniyorsa, isleme faaliyeti hakk\u0131nda bilgi talep ediyorum.<br \/>\u015eirketiniz nezdinde ki\u015fisel verilerim isleniyorsa, ki\u015fisel veri isleme faaliyetinin amac\u0131 ve faaliyetin isleme amac\u0131na uygun Y\u00fcr\u00fct\u00fcl\u00fcp y\u00fcr\u00fct\u00fclmedi\u011fi konusunda bilgi talep ediyorum.<br \/>Ki\u015fisel verilerim yurti\u00e7inde veya yurtd\u0131\u015f\u0131nda \u00fc\u00e7\u00fcnc\u00fc ki\u015filere aktar\u0131l\u0131yor mu? Ki\u015fisel verilerim aktar\u0131l\u0131yorsa, \u00fc\u00e7\u00fcnc\u00fc ki\u015filer hakk\u0131nda bilgi talep ediyorum.<br \/>Ki\u015fisel verilerimin \u015eirketiniz nezdinde eksik veya yanl\u0131\u015f islendi\u011fini d\u00fc\u015f\u00fcn\u00fcyorum ve d\u00fczeltilmesini talep ediyorum.<br \/>Talep halinde a\u015fa\u011f\u0131da yer alan bilgi ve belgeler taraf\u0131m\u0131za iletilmelidir:<br \/>o Eksik veya yanl\u0131\u015f oldu\u011funu d\u00fc\u015f\u00fcnd\u00fc\u011f\u00fcn\u00fcz, d\u00fczeltilmesini istedi\u011finiz ki\u015fisel verinizin i\u00e7eri\u011fi,<br \/>o Ki\u015fisel verilerinizin do\u011fru ve tamamlay\u0131c\u0131 bilgilerini g\u00f6steren belgeler.<br \/>Ki\u015fisel verilerimin islenme sebeplerinin ortadan kalkt\u0131\u011f\u0131n\u0131 d\u00fc\u015f\u00fcn\u00fcyorum bu nedenle ki\u015fisel verilerimin,<br \/>o Silinmesini<br \/>veya<br \/>o Anonim hale getirilmesini<br \/>talep ediyorum.<br \/>Talep halinde ki\u015fisel verilerinizin i\u015flenme sebeplerinin neden mevcut olmad\u0131\u011f\u0131n\u0131 d\u00fc\u015f\u00fcnd\u00fc\u011f\u00fcn\u00fcze ili\u015fkin a\u00e7\u0131klay\u0131c\u0131 bilgi\/belge \u015eirketimize iletilmelidir.<br \/>Ki\u015fisel verilerim \u015eirketiniz nezdinde eksik veya yanl\u0131\u015f isleniyorsa ki\u015fisel verilerimin aktar\u0131ld\u0131\u011f\u0131 \u00fc\u00e7\u00fcnc\u00fc ki\u015filere bu durumu bildirilmesini talep ediyorum.<br \/>Talep halinde a\u015fa\u011f\u0131da yer alan bilgi ve belgeler \u015eirketimize iletilmelidir:<br \/>o Eksik veya yanl\u0131\u015f oldu\u011funu d\u00fc\u015f\u00fcnd\u00fc\u011f\u00fcn\u00fcz, d\u00fczeltilmesini istedi\u011finiz ki\u015fisel verinizin i\u00e7eri\u011fi,<br \/>o Ki\u015fisel verilerinizin do\u011fru ve tamamlay\u0131c\u0131 bilgilerini g\u00f6steren belgeler.<br \/>Ki\u015fisel verilerimin islenmesini gerektiren sebepler ortadan kalkt\u0131ysa bu durumun ki\u015fisel verilerimin<br \/>aktar\u0131ld\u0131\u011f\u0131 \u00fc\u00e7\u00fcnc\u00fc ki\u015filere bildirilmesini talep ediyorum.<br \/>Talep halinde ki\u015fisel verilerinizin islenme sebeplerinin neden mevcut olmad\u0131\u011f\u0131n\u0131 d\u00fc\u015f\u00fcnd\u00fc\u011f\u00fcn\u00fcze ili\u015fkin a\u00e7\u0131klay\u0131c\u0131 bilgi\/belge<br \/>\u015eirketimize iletilmelidir.<br \/>\u015eirketiniz nezdinde islenen ki\u015fisel verilerimin m\u00fcnhas\u0131ran otomatik sistemler vas\u0131tas\u0131yla analiz edilmesi neticesinde<br \/>aleyhime do\u011fan sonuca itiraz ediyorum.<br \/>Talep halinde aleyhinize \u00e7\u0131kan sonucu a\u00e7\u0131klayan bilgi\/belge \u015eirketimize iletilmelidir.<br \/>Ki\u015fisel verilerimin kanuna ayk\u0131r\u0131 islenmesi nedeniyle u\u011frad\u0131\u011f\u0131m zarar\u0131n giderilmesini talep ediyorum.<br \/>Talep halinde ugrad\u0131g\u0131n\u0131z zarar\u0131 a\u00e7\u0131klayan bilgi\/belge Sirketimize iletilmelidir.<br \/>L\u00dcTFEN KISISEL VERILERINIZLE ILGILI TALEBINIZI DETAYLI OLARAK BELIRTINIZ:<\/p>\n<p>\u00a0<\/p>\n<p><br \/>BASVURU SONUCU BILGILENDIRME Y\u00d6NTEMI<br \/>(L\u00fctfen yan\u0131t\u0131n taraf\u0131n\u0131za iletilme y\u00f6ntemini se\u00e7iniz):<\/p>\n<p>o Adresime g\u00f6nderilmesini istiyorum.<br \/>o E-posta adresime g\u00f6nderilmesini istiyorum.<br \/>o Elden teslim almak istiyorum.<\/p>\n<p>(Vek\u00e2leten teslim al\u0131nmas\u0131 durumunda noter tasdikli vek\u00e2letname veya yetki belgesi olmas\u0131 gerekmektedir.)<br \/>BASVURU FORMU\u2019NUN \u0130LET\u0130LECE\u011e\u0130 Y\u00d6NTEMLER<br \/>o Taraf\u0131m\u0131za \u015fahsen ba\u015fvuru yaparak, \u201cmerkez mah. Yayla cad. no 78\/d merkez BARTIN\u201d adresine, zarf\u0131n \u00fczerine \u201cKi\u015fisel Verilerin Korunmas\u0131 Kanunu Bilgi Talebi\u201d yaz\u0131larak, veya; 5070 say\u0131l\u0131 Elektronik \u0130mza Kanunu\u2019nda tan\u0131ml\u0131 olan \u201cg\u00fcvenli elektronik imza\u201d ile imzalanmak suretiyle ve e-postan\u0131n konu k\u0131sm\u0131na \u201cKi\u015fisel Verilerin Korunmas\u0131 Kanunu Bilgi Talebi\u201d yaz\u0131l\u0131p kartalpetrol@hs01.kep.tr adresine veya info@kartalagac.com.tr g\u00f6nderilerek.<br \/>T\u00dcM BASVURU SAHIPLERININ BU KISMI DOLDURMASI GEREKMEKTEDIR:[Hukuka ayk\u0131r\u0131 beyanlar hakk\u0131nda hukuki ve cezai yapt\u0131r\u0131mlar\u0131n s\u00f6z konusu oldu\u011funu \u00f6nemle bildiririz.]\u0130\u015fbu ba\u015fvuru formunda taraf\u0131mca belirtilen t\u00fcm bilgilerin do\u011fru oldu\u011funu beyan eder; Kartal Petrol Ve A\u011fa\u00e7 San. Tic. Ltd. \u015eti \u015eirketi, hukuka ayk\u0131r\u0131 ve haks\u0131z bir seklide veri payla\u015f\u0131m\u0131ndan kaynaklanabilecek hukuki risklerin bertaraf edilmesi ve \u00f6zellikle ki\u015fisel verilerimin g\u00fcvenli\u011finin sa\u011flanmas\u0131 amac\u0131yla kimlik ve yetki tespiti i\u00e7in ek bilgi ve evrak (n\u00fcfus c\u00fczdan\u0131 veya s\u00fcr\u00fcc\u00fc belgesi sureti vb.) talep etme hakk\u0131n\u0131n bulundu\u011funu kabul ederim.<\/p>\n<p>Ki\u015fisel Veri Sahibinin<\/p>\n<p>Ad\u0131 Soyad\u0131: <br \/>Ba\u015fvuru tarihi: <br \/>\u0130mza:<\/p>\n<p>\u00a0<\/p>\n\n","protected":false},"excerpt":{"rendered":"<p>Genel A\u00e7\u0131klamalarKartal Petrol Ve A\u011fa\u00e7 San. Tic. Ltd. \u015eti (\u201c\u015eirket\u201d) olarak taraf\u0131n\u0131za y\u00f6nlendirdi\u011fimiz bu form, 6698 Say\u0131l\u0131 Ki\u015fisel Verilerin Korunmas\u0131 Kanunu\u2019nun (\u201cKVK Kanunu\u201d) 11. maddesi ile ki\u015fisel veri sahiplerine tan\u0131nan ba\u015fvuru hakk\u0131n\u0131 kolayl\u0131kla kullanabilmeniz i\u00e7in gereken t\u00fcm unsurlar\u0131 kapsamaktad\u0131r. Bu nedenle ki\u015fisel verilerinizle ilgili ba\u015fvuru hakk\u0131n\u0131z\u0131 kullan\u0131rken bu formun \u00e7\u0131kt\u0131s\u0131n\u0131 alarak doldurman\u0131z\u0131 ve formun sonunda [&#8230;]\n","protected":false},"author":1,"featured_media":0,"parent":0,"menu_order":0,"comment_status":"closed","ping_status":"closed","template":"","meta":{"footnotes":""},"class_list":["post-525","page","type-page","status-publish","hentry"],"_links":{"self":[{"href":"https:\/\/www.kartalagac.com.tr\/tr\/wp-json\/wp\/v2\/pages\/525","targetHints":{"allow":["GET"]}}],"collection":[{"href":"https:\/\/www.kartalagac.com.tr\/tr\/wp-json\/wp\/v2\/pages"}],"about":[{"href":"https:\/\/www.kartalagac.com.tr\/tr\/wp-json\/wp\/v2\/types\/page"}],"author":[{"embeddable":true,"href":"https:\/\/www.kartalagac.com.tr\/tr\/wp-json\/wp\/v2\/users\/1"}],"replies":[{"embeddable":true,"href":"https:\/\/www.kartalagac.com.tr\/tr\/wp-json\/wp\/v2\/comments?post=525"}],"version-history":[{"count":0,"href":"https:\/\/www.kartalagac.com.tr\/tr\/wp-json\/wp\/v2\/pages\/525\/revisions"}],"wp:attachment":[{"href":"https:\/\/www.kartalagac.com.tr\/tr\/wp-json\/wp\/v2\/media?parent=525"}],"curies":[{"name":"wp","href":"https:\/\/api.w.org\/{rel}","templated":true}]}}