{"id":668,"date":"2021-09-22T19:22:37","date_gmt":"2021-09-22T16:22:37","guid":{"rendered":"https:\/\/kartalagac.com.tr\/tr\/?page_id=668"},"modified":"2021-09-22T19:59:11","modified_gmt":"2021-09-22T16:59:11","slug":"fabrika-3","status":"publish","type":"page","link":"https:\/\/www.kartalagac.com.tr\/tr\/fabrika-3\/","title":{"rendered":"Fabrika"},"content":{"rendered":"\n<div class=\"container section-title-container\" ><h3 class=\"section-title section-title-bold\"><b><\/b><span class=\"section-title-main\" >FaBR\u0130KA<\/span><b><\/b><\/h3><\/div><!-- .section-title -->\n\n<div class=\"row\"  id=\"row-2019899499\">\n\n<div class=\"col small-12 large-12\"  ><div class=\"col-inner\"  >\n\n<p><img loading=\"lazy\" decoding=\"async\" class=\"wp-image-615  alignleft\" src=\"https:\/\/www.kartalagac.com.tr\/tr\/wp-content\/uploads\/2021\/09\/fabrika-2.png\" alt=\"\" width=\"296\" height=\"233\" \/> 1973 y\u0131l\u0131nda L\u00fctfi Kartal taraf\u0131ndan\u00a0 kurulan KARTAL PETROL VE A\u011eA\u00c7 SAN.T\u0130C.LTD.\u015eT\u0130<b>\u00a0<\/b>\u00a0 Bug\u00fcn 20.000 m2 a\u00e7\u0131k ve 5000 m2 kapal\u0131 alanda \u00e7al\u0131\u015fmalar\u0131n\u0131 s\u00fcrd\u00fcrmektedir. Y\u0131ll\u0131k 30.000m3 kereste \u00fcretim kapasitesine sahip olan firmam\u0131z ayn\u0131 zamanda kurutma f\u0131r\u0131nlar\u0131yla daha kaliteli, dayan\u0131kl\u0131 ve sa\u011fl\u0131kl\u0131 \u00fcr\u00fcnler \u00fcretmek i\u00e7in \u00e7al\u0131\u015fmaktad\u0131r. Mevcut \u00fcretim tesislerimiz en y\u00fcksek teknolojiyi kullanarak kaliteli, \u00e7evreye sayg\u0131l\u0131 \u00fcretim, i\u015f sa\u011fl\u0131\u011f\u0131 ve g\u00fcvenli\u011fine \u00f6nem veren bir anlay\u0131\u015fa sahip y\u00f6netim kadrosu taraf\u0131ndan y\u00fcr\u00fct\u00fclmektedir.<br \/>.<\/p>\n\n<\/div><\/div>\n\n<\/div>\n\n","protected":false},"excerpt":{"rendered":"","protected":false},"author":1,"featured_media":0,"parent":0,"menu_order":0,"comment_status":"closed","ping_status":"closed","template":"","meta":{"footnotes":""},"class_list":["post-668","page","type-page","status-publish","hentry"],"_links":{"self":[{"href":"https:\/\/www.kartalagac.com.tr\/tr\/wp-json\/wp\/v2\/pages\/668","targetHints":{"allow":["GET"]}}],"collection":[{"href":"https:\/\/www.kartalagac.com.tr\/tr\/wp-json\/wp\/v2\/pages"}],"about":[{"href":"https:\/\/www.kartalagac.com.tr\/tr\/wp-json\/wp\/v2\/types\/page"}],"author":[{"embeddable":true,"href":"https:\/\/www.kartalagac.com.tr\/tr\/wp-json\/wp\/v2\/users\/1"}],"replies":[{"embeddable":true,"href":"https:\/\/www.kartalagac.com.tr\/tr\/wp-json\/wp\/v2\/comments?post=668"}],"version-history":[{"count":4,"href":"https:\/\/www.kartalagac.com.tr\/tr\/wp-json\/wp\/v2\/pages\/668\/revisions"}],"predecessor-version":[{"id":674,"href":"https:\/\/www.kartalagac.com.tr\/tr\/wp-json\/wp\/v2\/pages\/668\/revisions\/674"}],"wp:attachment":[{"href":"https:\/\/www.kartalagac.com.tr\/tr\/wp-json\/wp\/v2\/media?parent=668"}],"curies":[{"name":"wp","href":"https:\/\/api.w.org\/{rel}","templated":true}]}}