{"id":690,"date":"2025-11-24T13:06:35","date_gmt":"2025-11-24T10:06:35","guid":{"rendered":"https:\/\/www.kartalagac.com.tr\/tr\/?page_id=690"},"modified":"2025-11-24T14:33:53","modified_gmt":"2025-11-24T11:33:53","slug":"is-basvuru-formu","status":"publish","type":"page","link":"https:\/\/www.kartalagac.com.tr\/tr\/is-basvuru-formu\/","title":{"rendered":"\u0130\u015f Ba\u015fvuru Formu"},"content":{"rendered":"\n<div class=\"container section-title-container\" ><h3 class=\"section-title section-title-normal\"><b><\/b><span class=\"section-title-main\" >\u0130\u015e BA\u015eVURU FORMU<\/span><b><\/b><\/h3><\/div><!-- .section-title -->\n\n\n<div class=\"wpcf7 no-js\" id=\"wpcf7-f689-o1\" lang=\"en-US\" dir=\"ltr\">\n<div class=\"screen-reader-response\"><p role=\"status\" aria-live=\"polite\" aria-atomic=\"true\"><\/p> <ul><\/ul><\/div>\n<form action=\"\/tr\/wp-json\/wp\/v2\/pages\/690#wpcf7-f689-o1\" method=\"post\" class=\"wpcf7-form init\" aria-label=\"Contact form\" enctype=\"multipart\/form-data\" novalidate=\"novalidate\" data-status=\"init\">\n<div style=\"display: none;\">\n<input type=\"hidden\" name=\"_wpcf7\" value=\"689\" \/>\n<input type=\"hidden\" name=\"_wpcf7_version\" value=\"5.7.7\" \/>\n<input type=\"hidden\" name=\"_wpcf7_locale\" value=\"en_US\" \/>\n<input type=\"hidden\" name=\"_wpcf7_unit_tag\" value=\"wpcf7-f689-o1\" \/>\n<input type=\"hidden\" name=\"_wpcf7_container_post\" value=\"0\" \/>\n<input type=\"hidden\" name=\"_wpcf7_posted_data_hash\" value=\"\" \/>\n<\/div>\n<h3>Ki\u015fisel Bilgiler\n<\/h3>\n<p><label> Ad\u0131 Soyad\u0131<br \/>\n<span class=\"wpcf7-form-control-wrap\" data-name=\"adsoyad\"><input size=\"40\" class=\"wpcf7-form-control wpcf7-text\" aria-invalid=\"false\" value=\"\" type=\"text\" name=\"adsoyad\" \/><\/span><br \/>\n<\/label>\n<\/p>\n<p><label> Cinsiyeti<br \/>\n<span class=\"wpcf7-form-control-wrap\" data-name=\"cinsiyet\"><span class=\"wpcf7-form-control wpcf7-radio\"><span class=\"wpcf7-list-item first\"><input type=\"radio\" name=\"cinsiyet\" value=\"Bay\" \/><span class=\"wpcf7-list-item-label\">Bay<\/span><\/span><span class=\"wpcf7-list-item last\"><input type=\"radio\" name=\"cinsiyet\" value=\"Bayan\" \/><span class=\"wpcf7-list-item-label\">Bayan<\/span><\/span><\/span><\/span><br \/>\n<\/label>\n<\/p>\n<p><label> Do\u011fum Tarihi<br \/>\n<span class=\"wpcf7-form-control-wrap\" data-name=\"dogumtarih\"><input class=\"wpcf7-form-control wpcf7-date wpcf7-validates-as-date\" aria-invalid=\"false\" value=\"\" type=\"date\" name=\"dogumtarih\" \/><\/span><br \/>\n<\/label>\n<\/p>\n<p><label> Medeni Durumu<br \/>\n<span class=\"wpcf7-form-control-wrap\" data-name=\"medeni\"><span class=\"wpcf7-form-control wpcf7-radio\"><span class=\"wpcf7-list-item first\"><input type=\"radio\" name=\"medeni\" value=\"Evli\" \/><span class=\"wpcf7-list-item-label\">Evli<\/span><\/span><span class=\"wpcf7-list-item last\"><input type=\"radio\" name=\"medeni\" value=\"Bekar\" \/><span class=\"wpcf7-list-item-label\">Bekar<\/span><\/span><\/span><\/span><br \/>\n<\/label>\n<\/p>\n<p><label> Varsa \u00c7ocuk Say\u0131s\u0131<br \/>\n<span class=\"wpcf7-form-control-wrap\" data-name=\"cocuksayisi\"><input class=\"wpcf7-form-control wpcf7-number wpcf7-validates-as-number\" min=\"0\" aria-invalid=\"false\" value=\"\" type=\"number\" name=\"cocuksayisi\" \/><\/span><br \/>\n<\/label>\n<\/p>\n<p><label> Adres<br \/>\n<span class=\"wpcf7-form-control-wrap\" data-name=\"adres\"><textarea cols=\"40\" rows=\"10\" class=\"wpcf7-form-control wpcf7-textarea\" aria-invalid=\"false\" name=\"adres\"><\/textarea><\/span><br \/>\n<\/label>\n<\/p>\n<p><label> Ev \/ \u0130\u015f Telefonu<br \/>\n<span class=\"wpcf7-form-control-wrap\" data-name=\"evtel\"><input size=\"40\" class=\"wpcf7-form-control wpcf7-text wpcf7-tel wpcf7-validates-as-tel\" aria-invalid=\"false\" value=\"\" type=\"tel\" name=\"evtel\" \/><\/span><br \/>\n<\/label>\n<\/p>\n<p><label> Cep Telefonu<br \/>\n<span class=\"wpcf7-form-control-wrap\" data-name=\"ceptel\"><input size=\"40\" class=\"wpcf7-form-control wpcf7-text wpcf7-tel wpcf7-validates-as-tel\" aria-invalid=\"false\" value=\"\" type=\"tel\" name=\"ceptel\" \/><\/span><br \/>\n<\/label>\n<\/p>\n<hr \/>\n<h3>Hangi \u0130\u015fe Ba\u015fvuruyorsunuz?\n<\/h3>\n<p><span class=\"wpcf7-form-control-wrap\" data-name=\"pozisyon\"><span class=\"wpcf7-form-control wpcf7-checkbox\"><span class=\"wpcf7-list-item first\"><label><input type=\"checkbox\" name=\"pozisyon[]\" value=\"\u015eof\u00f6rl\u00fck\" \/><span class=\"wpcf7-list-item-label\">\u015eof\u00f6rl\u00fck<\/span><\/label><\/span><span class=\"wpcf7-list-item\"><label><input type=\"checkbox\" name=\"pozisyon[]\" value=\"Kereste \u0130malat\" \/><span class=\"wpcf7-list-item-label\">Kereste \u0130malat<\/span><\/label><\/span><span class=\"wpcf7-list-item\"><label><input type=\"checkbox\" name=\"pozisyon[]\" value=\"Akaryak\u0131t \u0130stasyonu Pompac\u0131\" \/><span class=\"wpcf7-list-item-label\">Akaryak\u0131t \u0130stasyonu Pompac\u0131<\/span><\/label><\/span><span class=\"wpcf7-list-item\"><label><input type=\"checkbox\" name=\"pozisyon[]\" value=\"Depo G\u00f6revlisi\" \/><span class=\"wpcf7-list-item-label\">Depo G\u00f6revlisi<\/span><\/label><\/span><span class=\"wpcf7-list-item\"><label><input type=\"checkbox\" name=\"pozisyon[]\" value=\"Akaryak\u0131t Market Sat\u0131\u015f Personeli\" \/><span class=\"wpcf7-list-item-label\">Akaryak\u0131t Market Sat\u0131\u015f Personeli<\/span><\/label><\/span><span class=\"wpcf7-list-item\"><label><input type=\"checkbox\" name=\"pozisyon[]\" value=\"A\u015f\u00e7\u0131\" \/><span class=\"wpcf7-list-item-label\">A\u015f\u00e7\u0131<\/span><\/label><\/span><span class=\"wpcf7-list-item\"><label><input type=\"checkbox\" name=\"pozisyon[]\" value=\"Muhasebeci\" \/><span class=\"wpcf7-list-item-label\">Muhasebeci<\/span><\/label><\/span><span class=\"wpcf7-list-item last\"><label><input type=\"checkbox\" name=\"pozisyon[]\" value=\"Di\u011fer\" \/><span class=\"wpcf7-list-item-label\">Di\u011fer<\/span><\/label><\/span><\/span><\/span>\n<\/p>\n<div id=\"diger-kutu\" style=\"display:none; margin-top:10px;\">\n\t<p><label>L\u00fctfen belirtiniz:<br \/>\n<span class=\"wpcf7-form-control-wrap\" data-name=\"digerpozisyon\"><input size=\"40\" class=\"wpcf7-form-control wpcf7-text\" aria-invalid=\"false\" value=\"\" type=\"text\" name=\"digerpozisyon\" \/><\/span><br \/>\n<\/label>\n\t<\/p>\n<\/div>\n<hr \/>\n<h3>E\u011fitim Durumu\n<\/h3>\n<table style=\"width:100%; border-collapse:collapse;\" border=\"1\">\n\t<tr>\n\t\t<th>\n\t\t\t<p>OKUL ADI\n\t\t\t<\/p>\n\t\t<\/th>\n\t\t<th>\n\t\t\t<p>B\u00d6L\u00dcM\u00dc\n\t\t\t<\/p>\n\t\t<\/th>\n\t<\/tr>\n\t<tr>\n\t\t<td>\n\t\t\t<p><span class=\"wpcf7-form-control-wrap\" data-name=\"ilkokul\"><input size=\"40\" class=\"wpcf7-form-control wpcf7-text\" aria-invalid=\"false\" value=\"\" type=\"text\" name=\"ilkokul\" \/><\/span>\n\t\t\t<\/p>\n\t\t<\/td>\n\t\t<td>\n\t\t\t<p><span class=\"wpcf7-form-control-wrap\" data-name=\"ilkbolum\"><input size=\"40\" class=\"wpcf7-form-control wpcf7-text\" aria-invalid=\"false\" value=\"\" type=\"text\" name=\"ilkbolum\" \/><\/span>\n\t\t\t<\/p>\n\t\t<\/td>\n\t<\/tr>\n\t<tr>\n\t\t<td>\n\t\t\t<p><span class=\"wpcf7-form-control-wrap\" data-name=\"ortaokul\"><input size=\"40\" class=\"wpcf7-form-control wpcf7-text\" aria-invalid=\"false\" value=\"\" type=\"text\" name=\"ortaokul\" \/><\/span>\n\t\t\t<\/p>\n\t\t<\/td>\n\t\t<td>\n\t\t\t<p><span class=\"wpcf7-form-control-wrap\" data-name=\"ortabolum\"><input size=\"40\" class=\"wpcf7-form-control wpcf7-text\" aria-invalid=\"false\" value=\"\" type=\"text\" name=\"ortabolum\" \/><\/span>\n\t\t\t<\/p>\n\t\t<\/td>\n\t<\/tr>\n\t<tr>\n\t\t<td>\n\t\t\t<p><span class=\"wpcf7-form-control-wrap\" data-name=\"lise\"><input size=\"40\" class=\"wpcf7-form-control wpcf7-text\" aria-invalid=\"false\" value=\"\" type=\"text\" name=\"lise\" \/><\/span>\n\t\t\t<\/p>\n\t\t<\/td>\n\t\t<td>\n\t\t\t<p><span class=\"wpcf7-form-control-wrap\" data-name=\"lisebolum\"><input size=\"40\" class=\"wpcf7-form-control wpcf7-text\" aria-invalid=\"false\" value=\"\" type=\"text\" name=\"lisebolum\" \/><\/span>\n\t\t\t<\/p>\n\t\t<\/td>\n\t<\/tr>\n\t<tr>\n\t\t<td>\n\t\t\t<p><span class=\"wpcf7-form-control-wrap\" data-name=\"lisans\"><input size=\"40\" class=\"wpcf7-form-control wpcf7-text\" aria-invalid=\"false\" value=\"\" type=\"text\" name=\"lisans\" \/><\/span>\n\t\t\t<\/p>\n\t\t<\/td>\n\t\t<td>\n\t\t\t<p><span class=\"wpcf7-form-control-wrap\" data-name=\"lisansbolum\"><input size=\"40\" class=\"wpcf7-form-control wpcf7-text\" aria-invalid=\"false\" value=\"\" type=\"text\" name=\"lisansbolum\" \/><\/span>\n\t\t\t<\/p>\n\t\t<\/td>\n\t<\/tr>\n\t<tr>\n\t\t<td>\n\t\t\t<p><span class=\"wpcf7-form-control-wrap\" data-name=\"onlisans\"><input size=\"40\" class=\"wpcf7-form-control wpcf7-text\" aria-invalid=\"false\" value=\"\" type=\"text\" name=\"onlisans\" \/><\/span>\n\t\t\t<\/p>\n\t\t<\/td>\n\t\t<td>\n\t\t\t<p><span class=\"wpcf7-form-control-wrap\" data-name=\"onlisansbolum\"><input size=\"40\" class=\"wpcf7-form-control wpcf7-text\" aria-invalid=\"false\" value=\"\" type=\"text\" name=\"onlisansbolum\" \/><\/span>\n\t\t\t<\/p>\n\t\t<\/td>\n\t<\/tr>\n<\/table>\n<hr \/>\n<h3>Daha \u00d6nce \u00c7al\u0131\u015ft\u0131\u011f\u0131 Yerler\n<\/h3>\n<table style=\"width:100%; border-collapse:collapse;\" border=\"1\">\n\t<tr>\n\t\t<th>\n\t\t\t<p>\u0130\u015e YER\u0130 ADI\n\t\t\t<\/p>\n\t\t<\/th>\n\t\t<th>\n\t\t\t<p>B\u0130R\u0130M\/POZ\u0130SYON\n\t\t\t<\/p>\n\t\t<\/th>\n\t\t<th>\n\t\t\t<p>TAR\u0130HLER\n\t\t\t<\/p>\n\t\t<\/th>\n\t<\/tr>\n\t<tr>\n\t\t<td>\n\t\t\t<p><span class=\"wpcf7-form-control-wrap\" data-name=\"isyeri1\"><input size=\"40\" class=\"wpcf7-form-control wpcf7-text\" aria-invalid=\"false\" value=\"\" type=\"text\" name=\"isyeri1\" \/><\/span>\n\t\t\t<\/p>\n\t\t<\/td>\n\t\t<td>\n\t\t\t<p><span class=\"wpcf7-form-control-wrap\" data-name=\"poz1\"><input size=\"40\" class=\"wpcf7-form-control wpcf7-text\" aria-invalid=\"false\" value=\"\" type=\"text\" name=\"poz1\" \/><\/span>\n\t\t\t<\/p>\n\t\t<\/td>\n\t\t<td>\n\t\t\t<p><span class=\"wpcf7-form-control-wrap\" data-name=\"tarih1\"><input size=\"40\" class=\"wpcf7-form-control wpcf7-text\" aria-invalid=\"false\" value=\"\" type=\"text\" name=\"tarih1\" \/><\/span>\n\t\t\t<\/p>\n\t\t<\/td>\n\t<\/tr>\n\t<tr>\n\t\t<td>\n\t\t\t<p><span class=\"wpcf7-form-control-wrap\" data-name=\"isyeri2\"><input size=\"40\" class=\"wpcf7-form-control wpcf7-text\" aria-invalid=\"false\" value=\"\" type=\"text\" name=\"isyeri2\" \/><\/span>\n\t\t\t<\/p>\n\t\t<\/td>\n\t\t<td>\n\t\t\t<p><span class=\"wpcf7-form-control-wrap\" data-name=\"poz2\"><input size=\"40\" class=\"wpcf7-form-control wpcf7-text\" aria-invalid=\"false\" value=\"\" type=\"text\" name=\"poz2\" \/><\/span>\n\t\t\t<\/p>\n\t\t<\/td>\n\t\t<td>\n\t\t\t<p><span class=\"wpcf7-form-control-wrap\" data-name=\"tarih2\"><input size=\"40\" class=\"wpcf7-form-control wpcf7-text\" aria-invalid=\"false\" value=\"\" type=\"text\" name=\"tarih2\" \/><\/span>\n\t\t\t<\/p>\n\t\t<\/td>\n\t<\/tr>\n\t<tr>\n\t\t<td>\n\t\t\t<p><span class=\"wpcf7-form-control-wrap\" data-name=\"isyeri3\"><input size=\"40\" class=\"wpcf7-form-control wpcf7-text\" aria-invalid=\"false\" value=\"\" type=\"text\" name=\"isyeri3\" \/><\/span>\n\t\t\t<\/p>\n\t\t<\/td>\n\t\t<td>\n\t\t\t<p><span class=\"wpcf7-form-control-wrap\" data-name=\"poz3\"><input size=\"40\" class=\"wpcf7-form-control wpcf7-text\" aria-invalid=\"false\" value=\"\" type=\"text\" name=\"poz3\" \/><\/span>\n\t\t\t<\/p>\n\t\t<\/td>\n\t\t<td>\n\t\t\t<p><span class=\"wpcf7-form-control-wrap\" data-name=\"tarih3\"><input size=\"40\" class=\"wpcf7-form-control wpcf7-text\" aria-invalid=\"false\" value=\"\" type=\"text\" name=\"tarih3\" \/><\/span>\n\t\t\t<\/p>\n\t\t<\/td>\n\t<\/tr>\n<\/table>\n<hr \/>\n<h3>Askerlik Durumu\n<\/h3>\n<p><label> Askerlik Durumu<br \/>\n<span class=\"wpcf7-form-control-wrap\" data-name=\"askerlik\"><span class=\"wpcf7-form-control wpcf7-radio\"><span class=\"wpcf7-list-item first\"><input type=\"radio\" name=\"askerlik\" value=\"Tamamland\u0131\" \/><span class=\"wpcf7-list-item-label\">Tamamland\u0131<\/span><\/span><span class=\"wpcf7-list-item\"><input type=\"radio\" name=\"askerlik\" value=\"Tecilli\" \/><span class=\"wpcf7-list-item-label\">Tecilli<\/span><\/span><span class=\"wpcf7-list-item last\"><input type=\"radio\" name=\"askerlik\" value=\"Muaf\" \/><span class=\"wpcf7-list-item-label\">Muaf<\/span><\/span><\/span><\/span><br \/>\n<\/label>\n<\/p>\n<p><label> Tecil Tarihi<br \/>\n<span class=\"wpcf7-form-control-wrap\" data-name=\"teciltarihi\"><input class=\"wpcf7-form-control wpcf7-date wpcf7-validates-as-date\" aria-invalid=\"false\" value=\"\" type=\"date\" name=\"teciltarihi\" \/><\/span><br \/>\n<\/label>\n<\/p>\n<p><label> Muaf Sebebi<br \/>\n<span class=\"wpcf7-form-control-wrap\" data-name=\"muafsebep\"><input size=\"40\" class=\"wpcf7-form-control wpcf7-text\" aria-invalid=\"false\" value=\"\" type=\"text\" name=\"muafsebep\" \/><\/span><br \/>\n<\/label>\n<\/p>\n<hr \/>\n<h3>S\u00fcr\u00fcc\u00fc Belgesi\n<\/h3>\n<p><label> Ehliyet:<br \/>\n<span class=\"wpcf7-form-control-wrap\" data-name=\"ehliyet\"><span class=\"wpcf7-form-control wpcf7-radio\"><span class=\"wpcf7-list-item first\"><label><input type=\"radio\" name=\"ehliyet\" value=\"Var\" \/><span class=\"wpcf7-list-item-label\">Var<\/span><\/label><\/span><span class=\"wpcf7-list-item last\"><label><input type=\"radio\" name=\"ehliyet\" value=\"Yok\" \/><span class=\"wpcf7-list-item-label\">Yok<\/span><\/label><\/span><\/span><\/span><br \/>\n<\/label>\n<\/p>\n<div id=\"ehliyet-detay\" style=\"display:none; margin-top:15px;\">\n\t<p><label> SRC 1:<br \/>\n<span class=\"wpcf7-form-control-wrap\" data-name=\"src1\"><span class=\"wpcf7-form-control wpcf7-radio\"><span class=\"wpcf7-list-item first\"><label><input type=\"radio\" name=\"src1\" value=\"Var\" \/><span class=\"wpcf7-list-item-label\">Var<\/span><\/label><\/span><span class=\"wpcf7-list-item last\"><label><input type=\"radio\" name=\"src1\" value=\"Yok\" \/><span class=\"wpcf7-list-item-label\">Yok<\/span><\/label><\/span><\/span><\/span><br \/>\n<\/label>\n\t<\/p>\n\t<p><label> SRC 2:<br \/>\n<span class=\"wpcf7-form-control-wrap\" data-name=\"src2\"><span class=\"wpcf7-form-control wpcf7-radio\"><span class=\"wpcf7-list-item first\"><label><input type=\"radio\" name=\"src2\" value=\"Var\" \/><span class=\"wpcf7-list-item-label\">Var<\/span><\/label><\/span><span class=\"wpcf7-list-item last\"><label><input type=\"radio\" name=\"src2\" value=\"Yok\" \/><span class=\"wpcf7-list-item-label\">Yok<\/span><\/label><\/span><\/span><\/span><br \/>\n<\/label>\n\t<\/p>\n\t<p><label> SRC 3:<br \/>\n<span class=\"wpcf7-form-control-wrap\" data-name=\"src3\"><span class=\"wpcf7-form-control wpcf7-radio\"><span class=\"wpcf7-list-item first\"><label><input type=\"radio\" name=\"src3\" value=\"Var\" \/><span class=\"wpcf7-list-item-label\">Var<\/span><\/label><\/span><span class=\"wpcf7-list-item last\"><label><input type=\"radio\" name=\"src3\" value=\"Yok\" \/><span class=\"wpcf7-list-item-label\">Yok<\/span><\/label><\/span><\/span><\/span><br \/>\n<\/label>\n\t<\/p>\n\t<p><label> SRC 4:<br \/>\n<span class=\"wpcf7-form-control-wrap\" data-name=\"src4\"><span class=\"wpcf7-form-control wpcf7-radio\"><span class=\"wpcf7-list-item first\"><label><input type=\"radio\" name=\"src4\" value=\"Var\" \/><span class=\"wpcf7-list-item-label\">Var<\/span><\/label><\/span><span class=\"wpcf7-list-item last\"><label><input type=\"radio\" name=\"src4\" value=\"Yok\" \/><span class=\"wpcf7-list-item-label\">Yok<\/span><\/label><\/span><\/span><\/span><br \/>\n<\/label>\n\t<\/p>\n\t<p><label> Psikoteknik Belgesi:<br \/>\n<span class=\"wpcf7-form-control-wrap\" data-name=\"pisko\"><span class=\"wpcf7-form-control wpcf7-radio\"><span class=\"wpcf7-list-item first\"><label><input type=\"radio\" name=\"pisko\" value=\"Var\" \/><span class=\"wpcf7-list-item-label\">Var<\/span><\/label><\/span><span class=\"wpcf7-list-item last\"><label><input type=\"radio\" name=\"pisko\" value=\"Yok\" \/><span class=\"wpcf7-list-item-label\">Yok<\/span><\/label><\/span><\/span><\/span><br \/>\n<\/label>\n\t<\/p>\n<\/div>\n<hr \/>\n<h3>\u00d6z\u00fcr Durumu\n<\/h3>\n<p><label> \u00d6z\u00fcr Durumu<br \/>\n<span class=\"wpcf7-form-control-wrap\" data-name=\"ozur\"><span class=\"wpcf7-form-control wpcf7-radio\"><span class=\"wpcf7-list-item first\"><input type=\"radio\" name=\"ozur\" value=\"Var\" \/><span class=\"wpcf7-list-item-label\">Var<\/span><\/span><span class=\"wpcf7-list-item last\"><input type=\"radio\" name=\"ozur\" value=\"Yok\" \/><span class=\"wpcf7-list-item-label\">Yok<\/span><\/span><\/span><\/span><br \/>\n<\/label>\n<\/p>\n<p><label> \u00d6z\u00fcr T\u00fcr\u00fc<br \/>\n<span class=\"wpcf7-form-control-wrap\" data-name=\"ozurturu\"><input size=\"40\" class=\"wpcf7-form-control wpcf7-text\" aria-invalid=\"false\" value=\"\" type=\"text\" name=\"ozurturu\" \/><\/span><br \/>\n<\/label>\n<\/p>\n<p><label> Sa\u011fl\u0131k Raporu<br \/>\n<span class=\"wpcf7-form-control-wrap\" data-name=\"saglikrapor\"><span class=\"wpcf7-form-control wpcf7-radio\"><span class=\"wpcf7-list-item first\"><input type=\"radio\" name=\"saglikrapor\" value=\"Evet\" \/><span class=\"wpcf7-list-item-label\">Evet<\/span><\/span><span class=\"wpcf7-list-item last\"><input type=\"radio\" name=\"saglikrapor\" value=\"Hay\u0131r\" \/><span class=\"wpcf7-list-item-label\">Hay\u0131r<\/span><\/span><\/span><\/span><br \/>\n<\/label>\n<\/p>\n<hr \/>\n<h3>Eski H\u00fck\u00fcml\u00fc Durumu\n<\/h3>\n<p><label> Eski H\u00fck\u00fcml\u00fc<br \/>\n<span class=\"wpcf7-form-control-wrap\" data-name=\"eskihukumlu\"><span class=\"wpcf7-form-control wpcf7-radio\"><span class=\"wpcf7-list-item first\"><input type=\"radio\" name=\"eskihukumlu\" value=\"Evet\" \/><span class=\"wpcf7-list-item-label\">Evet<\/span><\/span><span class=\"wpcf7-list-item last\"><input type=\"radio\" name=\"eskihukumlu\" value=\"Hay\u0131r\" \/><span class=\"wpcf7-list-item-label\">Hay\u0131r<\/span><\/span><\/span><\/span><br \/>\n<\/label>\n<\/p>\n<hr \/>\n<h3>Hakk\u0131n\u0131zda Bilgi Al\u0131nabilecek Ki\u015filer\n<\/h3>\n<p><label> Referans 1<br \/>\n<span class=\"wpcf7-form-control-wrap\" data-name=\"referans1\"><input size=\"40\" class=\"wpcf7-form-control wpcf7-text\" aria-invalid=\"false\" value=\"\" type=\"text\" name=\"referans1\" \/><\/span><br \/>\n<\/label>\n<\/p>\n<p><label> Referans 2<br \/>\n<span class=\"wpcf7-form-control-wrap\" data-name=\"referans2\"><input size=\"40\" class=\"wpcf7-form-control wpcf7-text\" aria-invalid=\"false\" value=\"\" type=\"text\" name=\"referans2\" \/><\/span><br \/>\n<\/label>\n<\/p>\n<p><label> Referans 3<br \/>\n<span class=\"wpcf7-form-control-wrap\" data-name=\"referans3\"><input size=\"40\" class=\"wpcf7-form-control wpcf7-text\" aria-invalid=\"false\" value=\"\" type=\"text\" name=\"referans3\" \/><\/span><br \/>\n<\/label>\n<\/p>\n<hr \/>\n<p><label> Varsa CV \/ Dosya Y\u00fcklebilirsiniz (PDF)<br \/>\n<span class=\"wpcf7-form-control-wrap\" data-name=\"cvfile\"><input size=\"40\" class=\"wpcf7-form-control wpcf7-file\" accept=\".pdf\" aria-invalid=\"false\" type=\"file\" name=\"cvfile\" \/><\/span><br \/>\n<\/label><br \/>\n<hr \/>\n<\/p>\n<h3>Belirtmek \u0130stedi\u011finiz Ba\u015fka Bilgiler\n<\/h3>\n<p><label> A\u00e7\u0131klama<br \/>\n<span class=\"wpcf7-form-control-wrap\" data-name=\"varsaaciklama\"><textarea cols=\"40\" rows=\"10\" class=\"wpcf7-form-control wpcf7-textarea\" aria-invalid=\"false\" name=\"varsaaciklama\"><\/textarea><\/span><br \/>\n<\/label>\n<\/p>\n<hr \/>\n<hr \/>\n<h3>Ki\u015fisel Veri \u0130\u015fleme Onay\u0131\n<\/h3>\n<div style=\"background:#f8f9fa; padding:15px; border-radius:8px; border:1px solid #ddd; margin-bottom:15px;\">\n\t<p><label style=\"display:flex; gap:10px; align-items:flex-start;\"><br \/>\n<span class=\"wpcf7-form-control-wrap\" data-name=\"kvkkonay\"><span class=\"wpcf7-form-control wpcf7-checkbox wpcf7-validates-as-required\"><span class=\"wpcf7-list-item first last\"><label><input type=\"checkbox\" name=\"kvkkonay[]\" value=\"Ki\u015fisel verilerimin i\u015f ba\u015fvurusu de\u011ferlendirme s\u00fcrecinde i\u015flenmesini kabul ediyorum.\" \/><span class=\"wpcf7-list-item-label\">Ki\u015fisel verilerimin i\u015f ba\u015fvurusu de\u011ferlendirme s\u00fcrecinde i\u015flenmesini kabul ediyorum.<\/span><\/label><\/span><\/span><\/span><br \/>\n<\/label>\n\t<\/p>\n\t<p><small style=\"color:#888; display:block; margin-top:5px;\"><br \/>\n* Bu onay\u0131 vermek zorunludur.<br \/>\n<\/small>\n\t<\/p>\n<\/div>\n<p><input class=\"wpcf7-form-control has-spinner wpcf7-submit\" type=\"submit\" value=\"Ba\u015fvuruyu G\u00f6nder\" \/>\n<\/p>\n<p><script>\ndocument.addEventListener(\"DOMContentLoaded\", function () {\n\n \/* =============================\n \ud83d\udccc EHL\u0130YET \/ SRC \/ PS\u0130KOTEKN\u0130K\n ============================= *\/\n const ehliyetRadios = document.querySelectorAll('input[name=\"ehliyet\"]');\n const detay = document.getElementById(\"ehliyet-detay\");\n\n function ehliyetKontrol() {\n let varMi = false;\n ehliyetRadios.forEach(r => {\n if (r.checked && r.value === \"Var\") varMi = true;\n });\n detay.style.display = varMi ? \"block\" : \"none\";\n }\n\n ehliyetRadios.forEach(r => r.addEventListener(\"change\", ehliyetKontrol));\n ehliyetKontrol();\n\n\n \/* =============================\n \ud83d\udccc POZ\u0130SYON \/ D\u0130\u011eER KUTUSU\n ============================= *\/\n const checkboxes = document.querySelectorAll('input[name=\"pozisyon[]\"]');\n const digerKutu = document.getElementById(\"diger-kutu\");\n\n function pozisyonKontrol() {\n let digerSecili = false;\n\n checkboxes.forEach(c => {\n if (c.checked && c.value === \"Di\u011fer\") digerSecili = true;\n });\n\n digerKutu.style.display = digerSecili ? \"block\" : \"none\";\n }\n\n checkboxes.forEach(c => c.addEventListener(\"change\", pozisyonKontrol));\n pozisyonKontrol();\n\n});\n<\/script>\n<\/p><div class=\"wpcf7-response-output\" aria-hidden=\"true\"><\/div>\n<\/form>\n<\/div>\n\n\n\n","protected":false},"excerpt":{"rendered":"","protected":false},"author":1,"featured_media":0,"parent":0,"menu_order":0,"comment_status":"closed","ping_status":"closed","template":"","meta":{"footnotes":""},"class_list":["post-690","page","type-page","status-publish","hentry"],"_links":{"self":[{"href":"https:\/\/www.kartalagac.com.tr\/tr\/wp-json\/wp\/v2\/pages\/690","targetHints":{"allow":["GET"]}}],"collection":[{"href":"https:\/\/www.kartalagac.com.tr\/tr\/wp-json\/wp\/v2\/pages"}],"about":[{"href":"https:\/\/www.kartalagac.com.tr\/tr\/wp-json\/wp\/v2\/types\/page"}],"author":[{"embeddable":true,"href":"https:\/\/www.kartalagac.com.tr\/tr\/wp-json\/wp\/v2\/users\/1"}],"replies":[{"embeddable":true,"href":"https:\/\/www.kartalagac.com.tr\/tr\/wp-json\/wp\/v2\/comments?post=690"}],"version-history":[{"count":3,"href":"https:\/\/www.kartalagac.com.tr\/tr\/wp-json\/wp\/v2\/pages\/690\/revisions"}],"predecessor-version":[{"id":695,"href":"https:\/\/www.kartalagac.com.tr\/tr\/wp-json\/wp\/v2\/pages\/690\/revisions\/695"}],"wp:attachment":[{"href":"https:\/\/www.kartalagac.com.tr\/tr\/wp-json\/wp\/v2\/media?parent=690"}],"curies":[{"name":"wp","href":"https:\/\/api.w.org\/{rel}","templated":true}]}}